{"id":3188,"date":"2023-05-02T16:15:30","date_gmt":"2023-05-02T14:15:30","guid":{"rendered":"https:\/\/www.dcm-materiel-kine-sport.com\/?post_type=product&#038;p=3188"},"modified":"2024-01-26T16:19:52","modified_gmt":"2024-01-26T15:19:52","slug":"electrostimulateur-moi-care-fitness","status":"publish","type":"product","link":"https:\/\/www.dcm-materiel-kine-sport.com\/index.php\/produit\/electrostimulateur-moi-care-fitness\/","title":{"rendered":"Electrostimulateur moi-care fitness"},"content":{"rendered":"<h2>PRINCIPALES CARACT\u00c9RISTIQUES TECHNIQUES:<\/h2>\n<p>Electrostimulateur \u00e0 2 canaux ind\u00e9pendants avec la possibilit\u00e9 de relier jusqu\u2019\u00e0 8 \u00e9lectrodes. G\u00e9n\u00e9rateur d\u2019impulsion sym\u00e9trique biphas\u00e9e et compens\u00e9e: la quantit\u00e9 de courant qui court du p\u00f4le positif au n\u00e9gatif est \u00e9gale et constante. On \u00e9vite ainsi le d\u00e9sagr\u00e9able effet thermique de polarisation possible avec un g\u00e9n\u00e9rateur \u00e0 impulsion non compens\u00e9e. Fonctionnement asynchrone des canaux de stimulation (lipolyse, agoniste-antagoniste, contractions toniques et phasiques, massage profond). Clavier digital avec des commandes simples et intuitives. Instructions sur le programme en cours et le temps restant fournies directement sur l\u2019\u00e9cran. fonctionnement avec batterie interne rechargeable (extractible); \u00e9cran r\u00e9tro-\u00e9clair\u00e9; Intensit\u00e9 maximale de 200 mA. Dispositif m\u00e9dical certifi\u00e9 CE0476. Programmes 20 Programmes SANTE Tens conventionnel (rapide) Tens endorphinique (retard\u00e9) Tens puissant Anti-inflammatoire Cervicalgie Lombalgie\/lombosciatalgie Entorse Vascularisation D\u00e9contractant H\u00e9matome Pr\u00e9vention atrophie Amyotrophie Douleur main poignet Stimulation plantaire<\/p>\n","protected":false},"excerpt":{"rendered":"<ul>\n<li>20 Programmes SANTE<\/li>\n<li>15 Programmes Beaut\u00e9<\/li>\n<li>20 Programmes Fitness\/Sport<\/li>\n<\/ul>\n<p>&nbsp;<\/p>\n<ul>\n<li>Electrostimulateur TENS\/EMS avec un affichage graphique.<\/li>\n<li>2 c\u00e2bles de connexion aux \u00e9lectrodes avec 4 d\u00e9rivations (8 \u00e9lectrodes connectables).<\/li>\n<li>\u00c9lectrodes adh\u00e9sives pregel\u00e9es batterie interne Ni-Mh rechargeable avec une nouvelle technologie LL (long lasting &#8211; basse autodecharg\u00e9e).<\/li>\n<li>Chargeur clip de ceinture manuel d&rsquo;utilisation et manuel de positionnement des \u00e9lectrodes sac de transport<\/li>\n<\/ul>\n<p><a href=\"https:\/\/www.dcm-materiel-kine-sport.com\/wp-content\/uploads\/2023\/05\/Mio-Care-Fitness-fiche-technique.pdf.pdf\"><img loading=\"lazy\" decoding=\"async\" class=\"alignnone size-full wp-image-4666\" src=\"https:\/\/www.dcm-materiel-kine-sport.com\/wp-content\/uploads\/2023\/05\/Design-sans-titre-1.png\" alt=\"\" width=\"300\" height=\"175\" \/><\/a><\/p>\n","protected":false},"featured_media":3157,"comment_status":"open","ping_status":"closed","template":"","meta":{"_monsterinsights_skip_tracking":false,"_monsterinsights_sitenote_active":false,"_monsterinsights_sitenote_note":"","_monsterinsights_sitenote_category":0},"product_brand":[],"product_cat":[41,18,78,42],"product_tag":[],"class_list":{"0":"post-3188","1":"product","2":"type-product","3":"status-publish","4":"has-post-thumbnail","6":"product_cat-electrostimulateurs","7":"product_cat-electrostimulateurs-portatifs","8":"product_cat-i-tech","9":"product_cat-materiels-du-sport","11":"first","12":"instock","13":"shipping-taxable","14":"purchasable","15":"product-type-simple"},"aioseo_notices":[],"_links":{"self":[{"href":"https:\/\/www.dcm-materiel-kine-sport.com\/index.php\/wp-json\/wp\/v2\/product\/3188","targetHints":{"allow":["GET"]}}],"collection":[{"href":"https:\/\/www.dcm-materiel-kine-sport.com\/index.php\/wp-json\/wp\/v2\/product"}],"about":[{"href":"https:\/\/www.dcm-materiel-kine-sport.com\/index.php\/wp-json\/wp\/v2\/types\/product"}],"replies":[{"embeddable":true,"href":"https:\/\/www.dcm-materiel-kine-sport.com\/index.php\/wp-json\/wp\/v2\/comments?post=3188"}],"wp:featuredmedia":[{"embeddable":true,"href":"https:\/\/www.dcm-materiel-kine-sport.com\/index.php\/wp-json\/wp\/v2\/media\/3157"}],"wp:attachment":[{"href":"https:\/\/www.dcm-materiel-kine-sport.com\/index.php\/wp-json\/wp\/v2\/media?parent=3188"}],"wp:term":[{"taxonomy":"product_brand","embeddable":true,"href":"https:\/\/www.dcm-materiel-kine-sport.com\/index.php\/wp-json\/wp\/v2\/product_brand?post=3188"},{"taxonomy":"product_cat","embeddable":true,"href":"https:\/\/www.dcm-materiel-kine-sport.com\/index.php\/wp-json\/wp\/v2\/product_cat?post=3188"},{"taxonomy":"product_tag","embeddable":true,"href":"https:\/\/www.dcm-materiel-kine-sport.com\/index.php\/wp-json\/wp\/v2\/product_tag?post=3188"}],"curies":[{"name":"wp","href":"https:\/\/api.w.org\/{rel}","templated":true}]}}