{"id":3191,"date":"2023-05-05T19:58:12","date_gmt":"2023-05-05T17:58:12","guid":{"rendered":"https:\/\/www.dcm-materiel-kine-sport.com\/?post_type=product&#038;p=3191"},"modified":"2024-02-29T04:12:19","modified_gmt":"2024-02-29T03:12:19","slug":"electrostimulateur-miovein","status":"publish","type":"product","link":"https:\/\/www.dcm-materiel-kine-sport.com\/index.php\/produit\/electrostimulateur-miovein\/","title":{"rendered":"electrostimulateur MIOVEIN"},"content":{"rendered":"<h2>Description de l\u2019appareil d\u2019\u00e9lectroth\u00e9rapie Mio-Vein<\/h2>\n<p>L\u2019<strong>appareil d\u2019\u00e9lectroth\u00e9rapie MioVein de I-Tech<\/strong>, est un dispositif m\u00e9dical favorisant la circulation sanguine du mollet ainsi que sa musculature. C\u2019est un appareil destin\u00e9 \u00e0 un usage \u00e0 domicile du fait de sa simplicit\u00e9 d\u2019utilisation et de son ergonomie pratique. Il vous sera conseill\u00e9 de vous munir de cet appareil lorsque vous voulez traiter des maladies veines ou pour pratiquer de la pr\u00e9vention quant \u00e0 ce type de maladies. Le\u00a0<strong>MioVein<\/strong>\u00a0est ce qu\u2019il vous faut pour pratiquer la th\u00e9rapie \u00e9lasto-compressive, une pratique de plus en plus r\u00e9pandue du fait du nombre de cas d&rsquo;ulc\u00e8res veineux ou encore d\u2019\u0153d\u00e8mes des membres inf\u00e9rieurs qui se multiplient.<\/p>\n<p>Cet appareil, l&rsquo;<strong>\u00e9lectrostimulateur<\/strong>\u00a0<strong>Mio Vein<\/strong>, est muni de deux canaux qui ont la possibilit\u00e9 de brancher jusqu&rsquo;\u00e0 un total de 8 \u00e9lectrodes. Gr\u00e2ce aux effets de l&rsquo;\u00e9lectroth\u00e9rapie les muscles des mollets vont se contracter, ce qui va compresser les veines et par cons\u00e9quent favoriser la circulation sanguine, notamment en simplifiant la pouss\u00e9 du sang jusqu\u2019au c\u0153ur.<\/p>\n<h2>\nCaract\u00e9ristiques techniques du produit :<\/h2>\n<p>&nbsp;<\/p>\n<ul>\n<li>&#8211; Deux canaux ind\u00e9pendant, pour relier un maximum de 8 \u00e9lectrodes<\/li>\n<li>&#8211; Clavier digital, avec des touches simplifi\u00e9s pour une utilisation pratique<\/li>\n<li>&#8211; Niveau d\u2019intensit\u00e9 r\u00e9glable, jusqu\u2019\u00e0 60 mA<\/li>\n<li>&#8211; Ecran r\u00e9tro \u00e9clair\u00e9, indiquant le programme actuel et le temps restant du traitement<\/li>\n<li>&#8211; Programme FES pr\u00e9r\u00e9gl\u00e9 pour la stimulation veineuse<\/li>\n<li>&#8211; Batterie interne rechargeable<\/li>\n<li>&#8211; Largeur d\u2019impulsion : 30 \u00e0 240 \u00b5s<\/li>\n<li>&#8211; Dispositif m\u00e9dical certifi\u00e9 CE0476<\/li>\n<li>&#8211; Dimensions: 114 x 68 x 26 m<\/li>\n<li>&#8211; Fournis : 2 canaux, 2 c\u00e2bles de connexion, 4 \u00e9lectrodes ovales pour mollets, clip d\u2019attache \u00e0 la ceinture, batterie et son chargeur, manuel, housse de transport<\/li>\n<\/ul>\n","protected":false},"excerpt":{"rendered":"<ul>\n<li>Appareil d\u2019\u00e9lectroth\u00e9rapie Mio-Vein<\/li>\n<li>2 canaux ind\u00e9pendants pour connecter jusqu&rsquo;\u00e0 8 \u00e9lectrodes<\/li>\n<li>Appareil am\u00e9liorant la circulation veineuse des mollets, \u00e0 utiliser pour traiter des maladies ou en cas de pr\u00e9vention<\/li>\n<li>Dispositif portable, utilisable facilement \u00e0 domicile, fonctionnant gr\u00e2ce une batterie rechargeable<\/li>\n<\/ul>\n<p><a href=\"https:\/\/www.dcm-materiel-kine-sport.com\/wp-content\/uploads\/2020\/11\/SK165-01-MIO-VEIN-FRA.pdf\"><img loading=\"lazy\" decoding=\"async\" class=\"alignnone size-medium wp-image-3185\" src=\"https:\/\/www.dcm-materiel-kine-sport.com\/wp-content\/uploads\/2020\/11\/fichetechnique-300x172.png\" alt=\"\" width=\"300\" height=\"172\" srcset=\"https:\/\/www.dcm-materiel-kine-sport.com\/wp-content\/uploads\/2020\/11\/fichetechnique-300x172.png 300w, https:\/\/www.dcm-materiel-kine-sport.com\/wp-content\/uploads\/2020\/11\/fichetechnique.png 435w\" sizes=\"auto, (max-width: 300px) 100vw, 300px\" \/><\/a><\/p>\n","protected":false},"featured_media":3164,"comment_status":"open","ping_status":"closed","template":"","meta":{"_monsterinsights_skip_tracking":false,"_monsterinsights_sitenote_active":false,"_monsterinsights_sitenote_note":"","_monsterinsights_sitenote_category":0},"product_brand":[],"product_cat":[41,18,78],"product_tag":[],"class_list":{"0":"post-3191","1":"product","2":"type-product","3":"status-publish","4":"has-post-thumbnail","6":"product_cat-electrostimulateurs","7":"product_cat-electrostimulateurs-portatifs","8":"product_cat-i-tech","10":"first","11":"outofstock","12":"shipping-taxable","13":"product-type-simple"},"aioseo_notices":[],"_links":{"self":[{"href":"https:\/\/www.dcm-materiel-kine-sport.com\/index.php\/wp-json\/wp\/v2\/product\/3191","targetHints":{"allow":["GET"]}}],"collection":[{"href":"https:\/\/www.dcm-materiel-kine-sport.com\/index.php\/wp-json\/wp\/v2\/product"}],"about":[{"href":"https:\/\/www.dcm-materiel-kine-sport.com\/index.php\/wp-json\/wp\/v2\/types\/product"}],"replies":[{"embeddable":true,"href":"https:\/\/www.dcm-materiel-kine-sport.com\/index.php\/wp-json\/wp\/v2\/comments?post=3191"}],"wp:featuredmedia":[{"embeddable":true,"href":"https:\/\/www.dcm-materiel-kine-sport.com\/index.php\/wp-json\/wp\/v2\/media\/3164"}],"wp:attachment":[{"href":"https:\/\/www.dcm-materiel-kine-sport.com\/index.php\/wp-json\/wp\/v2\/media?parent=3191"}],"wp:term":[{"taxonomy":"product_brand","embeddable":true,"href":"https:\/\/www.dcm-materiel-kine-sport.com\/index.php\/wp-json\/wp\/v2\/product_brand?post=3191"},{"taxonomy":"product_cat","embeddable":true,"href":"https:\/\/www.dcm-materiel-kine-sport.com\/index.php\/wp-json\/wp\/v2\/product_cat?post=3191"},{"taxonomy":"product_tag","embeddable":true,"href":"https:\/\/www.dcm-materiel-kine-sport.com\/index.php\/wp-json\/wp\/v2\/product_tag?post=3191"}],"curies":[{"name":"wp","href":"https:\/\/api.w.org\/{rel}","templated":true}]}}