{"id":3192,"date":"2023-05-05T20:08:45","date_gmt":"2023-05-05T18:08:45","guid":{"rendered":"https:\/\/www.dcm-materiel-kine-sport.com\/?post_type=product&#038;p=3192"},"modified":"2024-11-05T00:52:41","modified_gmt":"2024-11-04T23:52:41","slug":"electrostimulateur-miocare-beauty","status":"publish","type":"product","link":"https:\/\/www.dcm-materiel-kine-sport.com\/index.php\/produit\/electrostimulateur-miocare-beauty\/","title":{"rendered":"Electrostimulateur Miocare Beauty"},"content":{"rendered":"<h2>Description de l\u2019appareil d\u2019\u00e9lectroth\u00e9rapie MioCare Beauty:<\/h2>\n<p>Cet\u00a0<strong>appareil d\u2019\u00e9lectroth\u00e9rapie MioCare Beauty<\/strong>, \u00e0 l\u2019image des autres produits de sa cat\u00e9gorie est un \u00e9lectrostimulateur poss\u00e9dant un \u00e9cran LED, affichant en temps r\u00e9el des informations sur le programme en cours. Vous pourrez par exemple savoir le temps restant avant la fin de la th\u00e9rapie, ou alors la fr\u00e9quence de travail utilis\u00e9e. Aussi, 2 c\u00e2bles de connexion aux \u00e9lectrodes sont dispos\u00e9s sur l\u2019appareil, permettant ainsi de brancher au total jusqu&rsquo;\u00e0 8 \u00e9lectrodes, pour pouvoir effectuer une th\u00e9rapie sur plusieurs zones du corps en simultan\u00e9.<\/p>\n<p>A propos des sp\u00e9cificit\u00e9s de cet appareil, le\u00a0<strong>MioCare Beauty<\/strong>\u00a0est un dispositif d\u2019\u00e9lectroth\u00e9rapie sp\u00e9cialement adapt\u00e9 pour des th\u00e9rapies ayant des effets gu\u00e9rissant sur de nombreuses pathologies, mais poss\u00e8de aussi des programmes sp\u00e9cifique agissant sur l&rsquo;esth\u00e9tique et la beaut\u00e9 de l\u2019utilisateur. Ainsi concernant les programmes \u00a0de l&rsquo;<strong>\u00e9lectrostimulateur MioCare Beauty\u00a0<\/strong>vous pourrez par exemple retrouvez des th\u00e9rapie anti-inflammatoire, pour la gu\u00e9rison d\u2019h\u00e9matomes, ou pour soigner les entorses ou bien encore pour lutter contre l\u2019incontinence v\u00e9sicale. Quant aux programmes de beaut\u00e9, c\u2019est un total de 15 programmes d\u00e9di\u00e9s qui vous sont fournis avec cet appareil, parmi lesquels vous pourrez retrouver des programmes pour le raffermissement des membres inf\u00e9rieurs et sup\u00e9rieurs, pour la tonification des membres, ou encore pour pratiquer du microlifting ou am\u00e9liorer l\u2019\u00e9lasticit\u00e9 des tissus.<\/p>\n<p>Concernant son usage, ce\u00a0<strong>appareil d&rsquo;\u00e9lectrostimulation<\/strong><strong>\u00a0MioCare Beauty\u00a0<\/strong>poss\u00e8de de nombreux avantages, que l\u2019on peut aussi retrouver sur les autres mod\u00e8les de sa cat\u00e9gorie. Tout d\u2019abord il poss\u00e8de une batterie interne rechargeable pour faciliter son usage, donc pas besoin d\u2019\u00eatre proche d\u2019une prise de courant pour pouvoir l\u2019utiliser. Un clip de ceinture est fourni \u00e0 l\u2019achat, pour une utilisation pratique.<\/p>\n<p>&nbsp;<\/p>\n<h2>Caract\u00e9ristiques techniques de l\u2019appareil d\u2019\u00e9lectroth\u00e9rapie MioCare Beauty :<\/h2>\n<p>&nbsp;<\/p>\n<ul>\n<li>&#8211; \u00c9lectroth\u00e9rapie TENS\/EMS\/FES<\/li>\n<li>&#8211; 2 c\u00e2bles de connexions, pouvant accueillir au total jusqu&rsquo;\u00e0 8 \u00e9lectrodes<\/li>\n<li>&#8211; Batterie rechargeable, avec son chargeur fourni<\/li>\n<li>&#8211; Fournis : clip de ceinture, manuels, sac de transport<\/li>\n<li>&#8211; Intensit\u00e9 maximale 200 mApp<\/li>\n<li>&#8211; Dispositif m\u00e9dical avec la certification CE 0476<\/li>\n<li>&#8211; G\u00e9n\u00e9rateur d\u2019impulsion sym\u00e9trique biphas\u00e9e et compens\u00e9e<\/li>\n<li>&#8211; Fonctionnement asynchrone des canaux de stimulation<\/li>\n<li>&#8211; Ecran digital fournissant des informations sur le programme en cours, \u00e0 savoir son intensit\u00e9 et le temps restant<\/li>\n<li>&#8211; Dimensions : 135 * 61 * 25 mm<\/li>\n<\/ul>\n<p>Un total de 35 programmes, dont :<\/p>\n<p>&#8211; 20 programmes de sant\u00e9 : Tens conventionnel (rapide), Tens endorphinique (retard\u00e9), Tens puissant, Anti-inflammatoire, Cervicalgie, Lombalgie\/lombosciatalgie, Entorse, Vascularisation, D\u00e9contractant, H\u00e9matome, Pr\u00e9vention atrophie, Amyotrophie, Douleur main poignet, Stimulation plantaire, Epicondylite, Epitrochl\u00e9\u00efte, P\u00e9riarthrite, Micro-courant, Incontinence D&rsquo;effort, Incontinence V\u00e9sicale.<\/p>\n<p>-15 programmes de beaut\u00e9 : Raffermissement des membres sup\u00e9rieurs et tronc, Raffermissement des membres inf\u00e9rieurs, Tonification des membres sup\u00e9rieurs et tronc, Tonification des membres inf\u00e9rieurs, D\u00e9finition des membres sup\u00e9rieurs et tronc, D\u00e9finition des membres inf\u00e9rieurs, Adipostress, Microlifting, Lipolyse abdomen, Lipolyse cuisses, Lipolyse fesses et hanches, Lipolyse bras, \u00c9lasticit\u00e9 des tissus, Capillarisation, Jambes lourdes.<\/p>\n","protected":false},"excerpt":{"rendered":"<ul>\n<li>Appareil d\u2019\u00e9lectroth\u00e9rapie MioCare Beauty<\/li>\n<li>Un total de 35 programmes sp\u00e9cials sant\u00e9 et beaut\u00e9, pour des th\u00e9rapies adapt\u00e9s et vous offrir la meilleur exp\u00e9rience possible ainsi que le meilleur rendu esth\u00e9tique<\/li>\n<li>Dimensions : 135 * 61 * 25 mm<\/li>\n<li>Fonctionne gr\u00e2ce \u00e0 une batterie rechargeable<\/li>\n<li>Fourni avec : clip de ceinture, chargeur, manuels, sac de transport<\/li>\n<li>Jusqu&rsquo;\u00e0 8 \u00e9lectrodes branchables simultan\u00e9ment<\/li>\n<\/ul>\n<p><a href=\"https:\/\/www.dcm-materiel-kine-sport.com\/wp-content\/uploads\/2023\/05\/Mio-Care-Beauty-fiche-technique.pdf\"><img loading=\"lazy\" decoding=\"async\" class=\"alignnone size-full wp-image-4666\" src=\"https:\/\/www.dcm-materiel-kine-sport.com\/wp-content\/uploads\/2023\/05\/Design-sans-titre-1.png\" alt=\"\" width=\"300\" height=\"175\" \/><\/a><\/p>\n","protected":false},"featured_media":3156,"comment_status":"open","ping_status":"closed","template":"","meta":{"_monsterinsights_skip_tracking":false,"_monsterinsights_sitenote_active":false,"_monsterinsights_sitenote_note":"","_monsterinsights_sitenote_category":0},"product_brand":[],"product_cat":[41,18,78],"product_tag":[],"class_list":{"0":"post-3192","1":"product","2":"type-product","3":"status-publish","4":"has-post-thumbnail","6":"product_cat-electrostimulateurs","7":"product_cat-electrostimulateurs-portatifs","8":"product_cat-i-tech","10":"first","11":"outofstock","12":"shipping-taxable","13":"product-type-simple"},"aioseo_notices":[],"_links":{"self":[{"href":"https:\/\/www.dcm-materiel-kine-sport.com\/index.php\/wp-json\/wp\/v2\/product\/3192","targetHints":{"allow":["GET"]}}],"collection":[{"href":"https:\/\/www.dcm-materiel-kine-sport.com\/index.php\/wp-json\/wp\/v2\/product"}],"about":[{"href":"https:\/\/www.dcm-materiel-kine-sport.com\/index.php\/wp-json\/wp\/v2\/types\/product"}],"replies":[{"embeddable":true,"href":"https:\/\/www.dcm-materiel-kine-sport.com\/index.php\/wp-json\/wp\/v2\/comments?post=3192"}],"wp:featuredmedia":[{"embeddable":true,"href":"https:\/\/www.dcm-materiel-kine-sport.com\/index.php\/wp-json\/wp\/v2\/media\/3156"}],"wp:attachment":[{"href":"https:\/\/www.dcm-materiel-kine-sport.com\/index.php\/wp-json\/wp\/v2\/media?parent=3192"}],"wp:term":[{"taxonomy":"product_brand","embeddable":true,"href":"https:\/\/www.dcm-materiel-kine-sport.com\/index.php\/wp-json\/wp\/v2\/product_brand?post=3192"},{"taxonomy":"product_cat","embeddable":true,"href":"https:\/\/www.dcm-materiel-kine-sport.com\/index.php\/wp-json\/wp\/v2\/product_cat?post=3192"},{"taxonomy":"product_tag","embeddable":true,"href":"https:\/\/www.dcm-materiel-kine-sport.com\/index.php\/wp-json\/wp\/v2\/product_tag?post=3192"}],"curies":[{"name":"wp","href":"https:\/\/api.w.org\/{rel}","templated":true}]}}