{"id":3235,"date":"2020-12-05T18:40:22","date_gmt":"2020-12-05T17:40:22","guid":{"rendered":"https:\/\/www.dcm-materiel-kine-sport.com\/?post_type=product&#038;p=3235"},"modified":"2025-07-10T10:16:13","modified_gmt":"2025-07-10T08:16:13","slug":"electrostimulateur-globus-duo-pro","status":"publish","type":"product","link":"https:\/\/www.dcm-materiel-kine-sport.com\/index.php\/produit\/electrostimulateur-globus-duo-pro\/","title":{"rendered":"Electrostimulateur globus duo-pro"},"content":{"rendered":"<h2>Description de l\u2019\u00e9lectrostimulateur DUO PRO de Globus<\/h2>\n<p>&nbsp;<\/p>\n<p>L&rsquo;<strong>\u00e9lectrostimulateur Globus Duo Pro<\/strong>,facile \u00e0 utiliser,est conseill\u00e9 \u00e0 ceux qui d\u00e9sirent acqu\u00e9rir un \u00e9lectrostimulateur \u00e0 2 canaux (d\u00e9doublables en 4 canaux,) sans renoncer \u00e0 des programmes et prestations typiques des appareils de niveau sup\u00e9rieur. Il est dot\u00e9 de 35 programmes d&rsquo;entra\u00eenement et 180 applications :<\/p>\n<p>&#8211; Programme sport : capillarisation, \u00e9chauffement, force maximale, force de r\u00e9sistance, force explosive, r\u00e9activit\u00e9<\/p>\n<p>-Programme fitness, beaut\u00e9 et bien-\u00eatre : drainage cuisse\/jambes\/flanc\/abdos\/fessier, lipolyse anticellulite, raffermissant du corps, tonification, esth\u00e9tique du visage, tonification de la poitrine&#8230;<\/p>\n<p>&#8211; Programme r\u00e9habilitation : atrophie membres sup\u00e9rieurs et inf\u00e9rieurs, tens antalgique et endorphinique, cervicales, lombosciatalgie, contractures musculaires&#8230;<\/p>\n<p>&nbsp;<\/p>\n<p>Compact et facilement transportable gr\u00e2ce \u00e0 sa pochette de transport,\u00a0l&rsquo;<strong>appareil d&rsquo;\u00e9lectrostimulation Duo Pro Globus<\/strong>\u00a0vous permet de travailler \u00e0 domicile certaines zones de votre corps. Sa fr\u00e9quence de travail va de 1 \u00e0 120 Hz, son intensit\u00e9 est de 100 ImA Ipp par canal et sa largeur d&rsquo;impulsion de 50 \u00e0 320 \u00b5s. Les courants utilis\u00e9s sont EMS et TENS. Les formes d&rsquo;ondes diffus\u00e9es sont rectangulaires, biphasiques, sym\u00e9triques et compos\u00e9es, tout d\u00e9pend du r\u00e9sultat souhait\u00e9 par la personne.<\/p>\n<p>&nbsp;<\/p>\n<p>Ce\u00a0<strong>Globus Duo Pro\u00a0<\/strong>dispose de la capacit\u00e9 \u00e0 param\u00e9trer le temps dans chaque programme afin de personnaliser l\u2019entra\u00eenement de chacun.<\/p>\n<p>&nbsp;<\/p>\n<p>L&rsquo;<strong>\u00e9lectrostimulateur Duo Pro de Globus<\/strong>\u00a0est homologu\u00e9 ISO 9001, EN 46001 pour les produits \u00e9lectrom\u00e9dicaux Certifi\u00e9s MDD (Medical Device Directive).<\/p>\n<p>Il fonctionne \u00e0 l&rsquo;aide de 3 piles stylo 1.5V AAA LR03, fournies dans le package.<\/p>\n<p>&nbsp;<\/p>\n<h2>Caract\u00e9ristiques techniques de l\u2019\u00e9lectrostimulateur GLOBUS DUO PRO<\/h2>\n<p>&nbsp;<\/p>\n<ul>\n<li>-Programme Sport &#8211; Fitness\/beaut\u00e9 &#8211; R\u00e9habilitation<\/li>\n<\/ul>\n<ul>\n<li>-35 programmes et 180 applications<\/li>\n<\/ul>\n<ul>\n<li>-2 canaux (d\u00e9doublables en 4)<\/li>\n<li>-Fr\u00e9quence 1-120 Hz<\/li>\n<li>-Amplitude d\u2019impulsion : 50-320 \u00b5s<\/li>\n<li>-intensit\u00e9 : 100 lmA<\/li>\n<li>-Fonction TENS \/ EMS<\/li>\n<li>-Indicateur batterie faible<\/li>\n<li>-Produit CE<\/li>\n<\/ul>\n<p>L\u2019<strong>appareil d&rsquo;\u00e9lectrostimulation Duo Pro Globus\u00a0<\/strong>est livr\u00e9 avec :<\/p>\n<p>&#8211; 1 mallette Pour Le transport<\/p>\n<p>&#8211; 2 c\u00e2bles de connexion<\/p>\n<p>&#8211; Electrodes 45 x 45 Mm<\/p>\n<p>&#8211; Electrodes 45 x 90 Mm<\/p>\n<p>&#8211; 3 Batteries Stylo 1,5 V Aaa<\/p>\n<p>&#8211; 1 mode d\u2019emploi<\/p>\n","protected":false},"excerpt":{"rendered":"<p>-35 programmes \/ 180 applications<\/p>\n<p>-Programmes de Sport, Fitness et R\u00e9habilitation<\/p>\n<p>-Ecran LCD r\u00e9tro-\u00e9clair\u00e9.<\/p>\n<p>-2 canaux d\u00e9doublable en 4<\/p>\n<p><a href=\"https:\/\/www.dcm-materiel-kine-sport.com\/wp-content\/uploads\/2020\/12\/Duo_Pro-fiche-technique.pdf\"><img loading=\"lazy\" decoding=\"async\" class=\"alignnone size-full wp-image-4666\" src=\"https:\/\/www.dcm-materiel-kine-sport.com\/wp-content\/uploads\/2023\/05\/Design-sans-titre-1.png\" alt=\"\" width=\"300\" height=\"175\" \/><\/a><\/p>\n","protected":false},"featured_media":3206,"comment_status":"open","ping_status":"closed","template":"","meta":{"_monsterinsights_skip_tracking":false,"_monsterinsights_sitenote_active":false,"_monsterinsights_sitenote_note":"","_monsterinsights_sitenote_category":0},"product_brand":[],"product_cat":[41,18,77],"product_tag":[],"class_list":{"0":"post-3235","1":"product","2":"type-product","3":"status-publish","4":"has-post-thumbnail","6":"product_cat-electrostimulateurs","7":"product_cat-electrostimulateurs-portatifs","8":"product_cat-globus","10":"first","11":"onbackorder","12":"shipping-taxable","13":"purchasable","14":"product-type-simple"},"aioseo_notices":[],"_links":{"self":[{"href":"https:\/\/www.dcm-materiel-kine-sport.com\/index.php\/wp-json\/wp\/v2\/product\/3235","targetHints":{"allow":["GET"]}}],"collection":[{"href":"https:\/\/www.dcm-materiel-kine-sport.com\/index.php\/wp-json\/wp\/v2\/product"}],"about":[{"href":"https:\/\/www.dcm-materiel-kine-sport.com\/index.php\/wp-json\/wp\/v2\/types\/product"}],"replies":[{"embeddable":true,"href":"https:\/\/www.dcm-materiel-kine-sport.com\/index.php\/wp-json\/wp\/v2\/comments?post=3235"}],"wp:featuredmedia":[{"embeddable":true,"href":"https:\/\/www.dcm-materiel-kine-sport.com\/index.php\/wp-json\/wp\/v2\/media\/3206"}],"wp:attachment":[{"href":"https:\/\/www.dcm-materiel-kine-sport.com\/index.php\/wp-json\/wp\/v2\/media?parent=3235"}],"wp:term":[{"taxonomy":"product_brand","embeddable":true,"href":"https:\/\/www.dcm-materiel-kine-sport.com\/index.php\/wp-json\/wp\/v2\/product_brand?post=3235"},{"taxonomy":"product_cat","embeddable":true,"href":"https:\/\/www.dcm-materiel-kine-sport.com\/index.php\/wp-json\/wp\/v2\/product_cat?post=3235"},{"taxonomy":"product_tag","embeddable":true,"href":"https:\/\/www.dcm-materiel-kine-sport.com\/index.php\/wp-json\/wp\/v2\/product_tag?post=3235"}],"curies":[{"name":"wp","href":"https:\/\/api.w.org\/{rel}","templated":true}]}}