{"id":3244,"date":"2020-12-05T19:51:58","date_gmt":"2020-12-05T18:51:58","guid":{"rendered":"https:\/\/www.dcm-materiel-kine-sport.com\/?post_type=product&#038;p=3244"},"modified":"2025-07-10T10:12:36","modified_gmt":"2025-07-10T08:12:36","slug":"electrostimulateur-globus-genesy-3000","status":"publish","type":"product","link":"https:\/\/www.dcm-materiel-kine-sport.com\/index.php\/produit\/electrostimulateur-globus-genesy-3000\/","title":{"rendered":"Electrostimulateur globus genesy 3000"},"content":{"rendered":"<p>L&rsquo;<strong>\u00e9lectrostimulateur Globus Genesy 3000<\/strong>\u00a0est l\u2019electrostimulateur le plus complet pour le traitement de la douleur, pour favoriser la gu\u00e9rison des tissus et pour le traitement des dysfonctions neuromusculaires.<\/p>\n<p>Le syst\u00e8me est \u00e9tudi\u00e9 pour permettre une remise en condition plus efficace et plus rapide des athl\u00e8tes bless\u00e9s et pour r\u00e9duire, simultan\u00e9ment la possibilit\u00e9 de nouvelles blessures.<br \/>\nLes programmes, au nombre de 423, sont \u00e9tudi\u00e9s sp\u00e9cifiquement pour r\u00e9soudre la phase post traumatique et r\u00e9cup\u00e9rer les athl\u00e8tes soumis \u00e0 des interventions de chirurgie reconstructive.<\/p>\n<p>Cette machine a aussi en dotation des programmes sp\u00e9cifiques pour la pr\u00e9paration athl\u00e9tique dans les plus importantes disciplines sportives. En compl\u00e9ment, une gamme compl\u00e8te de traitements pour le \u00e0 finalit\u00e9 esth\u00e9tiques.<\/p>\n<h2>Les 8 types de courants de l&rsquo;Electrostimulateur Globus Genesy 3000<\/h2>\n<p>Le Genesy 3000 se distingue en particulier par la possibilit\u00e9 de dispenser tous les principaux types de courants m\u00e9dicaux.<\/p>\n<p>&#8211; Courant\u00a0 EMS (Electro Muscle Stimulation)<br \/>\n&#8211; Courant\u00a0 TENS (Trans Cutaneus Nerve Stimulation)<br \/>\n&#8211; Courant\u00a0 MENS (Micro Current Stimulation)<br \/>\n&#8211; Courant\u00a0 Kotz avec onde sinuso\u00efdale<br \/>\n&#8211; Courant Interf\u00e9rentiels<br \/>\n&#8211; Courant \u00e0 onde Triangulaire et Trap\u00e9zo\u00efdale pour le d\u00e9nerv\u00e9<br \/>\n&#8211; Courant Continu pour la Ionophor\u00e8se<\/p>\n<h2>L&rsquo;Electrostimulateur Globus Genesy 3000 peut \u00eatre utilis\u00e9 pour 9 champs d&rsquo;application<\/h2>\n<p>&#8211; R\u00e9\u00e9ducation fonctionnelle (EMS et MENS),<br \/>\n&#8211; Th\u00e9rapie de la douleur (TENS e MENS),<br \/>\n&#8211; Th\u00e9rapie Antalgique endorphinique (TENS et MENS)<br \/>\n&#8211; Diagnostique et traitement des paralysie du d\u00e9nerv\u00e9<br \/>\n&#8211; Traitements r\u00e9habilitatifs (Kotz et Interf\u00e9rentiels)<br \/>\n&#8211; Traitement Pharmacologiques profonds (Ionophor\u00e8se)<br \/>\n&#8211; Entra\u00eenements sportifs de haut niveau (EMS)<br \/>\n&#8211; Pr\u00e9paration Fitness (EMS)<br \/>\n&#8211; Traitements esth\u00e9tiques (EMS, MENS).<br \/>\n&#8211; Les technologies utilis\u00e9es sont les plus avanc\u00e9es et permettent une utilisation extr\u00eamement facile et sure du stimulateur dans chaque situation th\u00e9rapeutique.<\/p>\n<h2>Caract\u00e9ristiques techniques de l&rsquo;Electrostimulateur Globus Genesy 3000<\/h2>\n<p>&#8211; Canaux: 4 canaux ind\u00e9pendants (8 \u00e9lectrodes)<br \/>\n&#8211; Fr\u00e9quence: 0,3 \u2013 150 Hz<br \/>\n&#8211; Intensit\u00e9: 120 mA par canal<br \/>\n&#8211; Range de mod. de Largeur: Variation cont. de 45 \u00e0 450 msecondes<br \/>\n&#8211; Forme d&rsquo;onde: rectangulaire, bi phasique, sym\u00e9trique, compens\u00e9e Alimentation: Alimentateur 18V \u2013 150 Ma<br \/>\n&#8211; Batterie : 12 V , 2000mAh<br \/>\n&#8211; Conforme au Standard ISO 9001, EN 46001 pour produits electromedicaux. Certificat MDD(Medical Device Directive)<br \/>\n&#8211; R\u00e9f\u00e9rence : G1034<\/p>\n<h2>L&rsquo;Electrostimulateur Globus Genesy 3000 est livr\u00e9 avec un pack complet d&rsquo;utilisation :<\/h2>\n<p>&#8211; 1 Mallette<br \/>\n&#8211; 1 Stimulateur<br \/>\n&#8211; 4 C\u00e2bles pour connecter les \u00e9lectrodes<br \/>\n&#8211; 2 c\u00e2bles gris (pour traitements micro courants et Ionophor\u00e8se)<br \/>\n&#8211; 1 chargeur de batterie \u00e0 secteur.<br \/>\n&#8211; 4 Electrodes autocollantes 50 x 50<br \/>\n&#8211; 4 Electrodes autocollantes 50 x 90<br \/>\n&#8211; 1 manuel d&rsquo;utilisation<\/p>\n","protected":false},"excerpt":{"rendered":"<ul>\n<li>423 programmes<\/li>\n<li>Gamme professionnelle.<\/li>\n<li>Traitement de la douleur, favorise la gu\u00e9rison des tissus, traitement des dysfonctions neuromusculaires.<\/li>\n<li>Permet une remise en condition rapide et efficace des athl\u00e8tes bless\u00e9s.<\/li>\n<li>Design ergonomique.<\/li>\n<\/ul>\n<p><a href=\"https:\/\/www.dcm-materiel-kine-sport.com\/wp-content\/uploads\/2020\/12\/Genesy3000-fiche-technique.pdf\"><img loading=\"lazy\" decoding=\"async\" class=\"alignnone size-full wp-image-4666\" src=\"https:\/\/www.dcm-materiel-kine-sport.com\/wp-content\/uploads\/2023\/05\/Design-sans-titre-1.png\" alt=\"\" width=\"300\" height=\"175\" \/><\/a><\/p>\n","protected":false},"featured_media":4777,"comment_status":"open","ping_status":"closed","template":"","meta":{"_monsterinsights_skip_tracking":false,"_monsterinsights_sitenote_active":false,"_monsterinsights_sitenote_note":"","_monsterinsights_sitenote_category":0},"product_brand":[],"product_cat":[39],"product_tag":[],"class_list":{"0":"post-3244","1":"product","2":"type-product","3":"status-publish","4":"has-post-thumbnail","6":"product_cat-electrostimulateur-pro","8":"first","9":"instock","10":"shipping-taxable","11":"purchasable","12":"product-type-simple"},"aioseo_notices":[],"_links":{"self":[{"href":"https:\/\/www.dcm-materiel-kine-sport.com\/index.php\/wp-json\/wp\/v2\/product\/3244","targetHints":{"allow":["GET"]}}],"collection":[{"href":"https:\/\/www.dcm-materiel-kine-sport.com\/index.php\/wp-json\/wp\/v2\/product"}],"about":[{"href":"https:\/\/www.dcm-materiel-kine-sport.com\/index.php\/wp-json\/wp\/v2\/types\/product"}],"replies":[{"embeddable":true,"href":"https:\/\/www.dcm-materiel-kine-sport.com\/index.php\/wp-json\/wp\/v2\/comments?post=3244"}],"wp:featuredmedia":[{"embeddable":true,"href":"https:\/\/www.dcm-materiel-kine-sport.com\/index.php\/wp-json\/wp\/v2\/media\/4777"}],"wp:attachment":[{"href":"https:\/\/www.dcm-materiel-kine-sport.com\/index.php\/wp-json\/wp\/v2\/media?parent=3244"}],"wp:term":[{"taxonomy":"product_brand","embeddable":true,"href":"https:\/\/www.dcm-materiel-kine-sport.com\/index.php\/wp-json\/wp\/v2\/product_brand?post=3244"},{"taxonomy":"product_cat","embeddable":true,"href":"https:\/\/www.dcm-materiel-kine-sport.com\/index.php\/wp-json\/wp\/v2\/product_cat?post=3244"},{"taxonomy":"product_tag","embeddable":true,"href":"https:\/\/www.dcm-materiel-kine-sport.com\/index.php\/wp-json\/wp\/v2\/product_tag?post=3244"}],"curies":[{"name":"wp","href":"https:\/\/api.w.org\/{rel}","templated":true}]}}