{"id":3248,"date":"2020-12-11T09:02:41","date_gmt":"2020-12-11T08:02:41","guid":{"rendered":"https:\/\/www.dcm-materiel-kine-sport.com\/?post_type=product&#038;p=3248"},"modified":"2025-12-30T21:07:47","modified_gmt":"2025-12-30T20:07:47","slug":"electrostimulateur-globus-genesy-300-pro","status":"publish","type":"product","link":"https:\/\/www.dcm-materiel-kine-sport.com\/index.php\/produit\/electrostimulateur-globus-genesy-300-pro\/","title":{"rendered":"Electrostimulateur Globus Genesy 300 Pro"},"content":{"rendered":"<h2>Description de l&rsquo;Electrostimulateur Globus Genesy 300 Pro<\/h2>\n<p>L&rsquo;<strong>Electrostimulateur Globus Genesy 300 Pro<\/strong>\u00a0est un \u00e9lectrostimulateur \u00e0 4 canaux et int\u00e9grant 91 programmes<br \/>\nL&rsquo;Electrostimulateur Globus Genesy 300 Pro permet l&rsquo;utilisation multipartag\u00e9e.<br \/>\nIl est \u00e9quip\u00e9 du nouveau programme OSTEGENESE.<\/p>\n<p>Vous trouverez ci-dessous la liste des programmes du Geney 300 Pro :<\/p>\n<p>6 programmes Rehab<br \/>\n20 programmes Douleur<br \/>\n12 programmes micro-courants<br \/>\n1 programme Incontinence<br \/>\n1 programme lonophor\u00e8se<br \/>\n22 programmes Sport<br \/>\n29 programmes Fitness<\/p>\n<p>&#8211; REEDUCATION FONCTIONNELLE: 58 programmes visants \u00e0 ex\u00e9cuter correctement la r\u00e9habilitation du bless\u00e9 gr\u00e2ce \u00e0 des programmes sp\u00e9cifiques avec l\u2019onde carr\u00e9e biphasique sym\u00e9trique compens\u00e9e. Programme sp\u00e9cifique pour l\u2019incontinence<br \/>\n&#8211; IONOPHOR\u00c8SE: pour la transmission transdermique de m\u00e9dicaments.<br \/>\n&#8211; MICROCOURANTS (MENS): Genesy 300 pro pr\u00e9sente les nouveaux et innovants courants curatifs et r\u00e9g\u00e9n\u00e9rants propos\u00e9s surtout pour les traitements de Sant\u00e9. Nouveau programme OST\u00c9OGEN\u00c8SE<br \/>\n&#8211; MY TRAINER: visualise les images du positionnement des \u00e9lectrodes directement sur l\u2019\u00e9cran.<br \/>\n&#8211; RUN TIME: modifie les param\u00e8tres de contraction lors de la stimulation.<br \/>\n&#8211; FAST MENU: pour une navigation plus rapide.<br \/>\n&#8211; \u00c9CRAN LCD GRAPHIQUE<br \/>\n&#8211; PROGRAMMABLE: 3 m\u00e9moires libres, seulement pour les MENS et TENS.<br \/>\n&#8211; DUAL STIM 2+2: possibilit\u00e9 d\u2019utiliser deux programmes diff\u00e8rents simultan\u00e9ment.<br \/>\n&#8211; MULTI-USER: Genesy 300 Pro permet de partager le stimulateur avec plusieurs utilisateurs, en maintenant en m\u00e9moire les r\u00e9glages, les pr\u00e9f\u00e9rences et les programmes de chacun.<br \/>\n&#8211; AUTO STIM\u00ae: Le seul stimulateur qui permet d\u2019effectuer un programme de fa\u00e7on automatique sans devoir intervenir manuellement sur le r\u00e9glage de l\u2019intensit\u00e9.<br \/>\n&#8211; FONCTION MEMO: Permet de cr\u00e9er une librairie de programmes personnalis\u00e9s.<br \/>\n&#8211; SYNCROSTIM: R\u00e9glage simultan\u00e9 de l\u2019intensit\u00e9 des 4 canaux avec une seule touch\u00e9.<br \/>\n&#8211; LAST 10: M\u00e9morise les derniers programmes effectu\u00e9s de mani\u00e8re \u00e0 les rappeler et les ex\u00e9cuter imm\u00e9diatement<\/p>\n<h2>Caract\u00e9ristiques techniques de l&rsquo;Electrostimulateur Globus Genesy 300 Pro<\/h2>\n<p>&#8211; Canaux: 4 canaux ind\u00e9pendants(8 \u00e9lectrodes)<br \/>\n&#8211; Fr\u00e9quence : 0.3 \u2013 150 Hz<br \/>\n&#8211; Intensit\u00e9 : 120 mA par canal<br \/>\n&#8211; Etendue : Variation de 45 \u00e0 450 \u03bcs<br \/>\n&#8211; Forme d\u2019onde : carr\u00e9, biphasique, sym\u00e9trique, compens\u00e9e, MENS, IONO<br \/>\n&#8211; Alimentation : batteries<br \/>\n&#8211; Dispositif Classe II, type BF Standard : CEI EN 60601-1:1998; CEI EN 60601-1-1 ; CEI EN 60601-1-2:1998; CEI EN 60601-1-4:1997; CEI EN 60601-2- 10:2001; CEI 62-84;<br \/>\n&#8211; Conforme \u00e0 la directive 93\/42\/CEE<br \/>\n&#8211; Fabrication : Italie<br \/>\n&#8211; Num\u00e9ro de r\u00e9f\u00e9rence : G3223<\/p>\n<h2>Contenu du pack Electrostimulateur Globus Genesy 300 Pro<\/h2>\n<p>L&rsquo;<strong>Electrostimulateur Globus Genesy 300 Pro<\/strong>\u00a0est livr\u00e9 avec les \u00e9l\u00e9ments suivants :<\/p>\n<p>&#8211; 1 Electrostimulateur Globus Genesy 300 Pro<br \/>\n&#8211; 1 Mallette<br \/>\n&#8211; 4 C\u00e2bles pour connecter les \u00e9lectrodes<br \/>\n&#8211; 2 C\u00e2bles pour les micro courants<br \/>\n&#8211; 4 Electrodes autocollantes carr\u00e9s<br \/>\n&#8211; 4 Electrodes autocollantes rectangulaires<br \/>\n&#8211; 1 Chargeur de batterie<br \/>\n&#8211; 1 Manuel d\u2019utilisation<\/p>\n","protected":false},"excerpt":{"rendered":"<ul>\n<li>91 Programmes : FORME PHYSIQUE, REHAB, DOULEUR, MENS,&#8230;<\/li>\n<li>4 canaux ind\u00e9pendants.<\/li>\n<li>Utilisation multipartag\u00e9e.<\/li>\n<li>Id\u00e9al pour r\u00e9\u00e9ducation fonctionnelle.<\/li>\n<\/ul>\n<p><a href=\"https:\/\/www.dcm-materiel-kine-sport.com\/wp-content\/uploads\/2020\/12\/Genesy300_Pro-fiche-technique.pdf\"><img loading=\"lazy\" decoding=\"async\" class=\"alignnone size-full wp-image-4666\" src=\"https:\/\/www.dcm-materiel-kine-sport.com\/wp-content\/uploads\/2023\/05\/Design-sans-titre-1.png\" alt=\"\" width=\"300\" height=\"175\" \/><\/a><\/p>\n","protected":false},"featured_media":3209,"comment_status":"open","ping_status":"closed","template":"","meta":{"_monsterinsights_skip_tracking":false,"_monsterinsights_sitenote_active":false,"_monsterinsights_sitenote_note":"","_monsterinsights_sitenote_category":0},"product_brand":[],"product_cat":[41,18,77],"product_tag":[],"class_list":{"0":"post-3248","1":"product","2":"type-product","3":"status-publish","4":"has-post-thumbnail","6":"product_cat-electrostimulateurs","7":"product_cat-electrostimulateurs-portatifs","8":"product_cat-globus","10":"first","11":"instock","12":"shipping-taxable","13":"purchasable","14":"product-type-simple"},"aioseo_notices":[],"_links":{"self":[{"href":"https:\/\/www.dcm-materiel-kine-sport.com\/index.php\/wp-json\/wp\/v2\/product\/3248","targetHints":{"allow":["GET"]}}],"collection":[{"href":"https:\/\/www.dcm-materiel-kine-sport.com\/index.php\/wp-json\/wp\/v2\/product"}],"about":[{"href":"https:\/\/www.dcm-materiel-kine-sport.com\/index.php\/wp-json\/wp\/v2\/types\/product"}],"replies":[{"embeddable":true,"href":"https:\/\/www.dcm-materiel-kine-sport.com\/index.php\/wp-json\/wp\/v2\/comments?post=3248"}],"wp:featuredmedia":[{"embeddable":true,"href":"https:\/\/www.dcm-materiel-kine-sport.com\/index.php\/wp-json\/wp\/v2\/media\/3209"}],"wp:attachment":[{"href":"https:\/\/www.dcm-materiel-kine-sport.com\/index.php\/wp-json\/wp\/v2\/media?parent=3248"}],"wp:term":[{"taxonomy":"product_brand","embeddable":true,"href":"https:\/\/www.dcm-materiel-kine-sport.com\/index.php\/wp-json\/wp\/v2\/product_brand?post=3248"},{"taxonomy":"product_cat","embeddable":true,"href":"https:\/\/www.dcm-materiel-kine-sport.com\/index.php\/wp-json\/wp\/v2\/product_cat?post=3248"},{"taxonomy":"product_tag","embeddable":true,"href":"https:\/\/www.dcm-materiel-kine-sport.com\/index.php\/wp-json\/wp\/v2\/product_tag?post=3248"}],"curies":[{"name":"wp","href":"https:\/\/api.w.org\/{rel}","templated":true}]}}