{"id":3269,"date":"2020-12-13T21:27:32","date_gmt":"2020-12-13T20:27:32","guid":{"rendered":"https:\/\/www.dcm-materiel-kine-sport.com\/?post_type=product&#038;p=3269"},"modified":"2024-02-06T11:19:37","modified_gmt":"2024-02-06T10:19:37","slug":"electrostimulateur-premium-400","status":"publish","type":"product","link":"https:\/\/www.dcm-materiel-kine-sport.com\/index.php\/produit\/electrostimulateur-premium-400\/","title":{"rendered":"\u00c9lectrostimulateur Premium 400"},"content":{"rendered":"<h2>Description de l\u2019\u00e9lectrostimulateur Globus Premium 400<\/h2>\n<p>&nbsp;<\/p>\n<p>L&rsquo;<strong>\u00e9lectrostimulateur Premium 400 Globus<\/strong>\u00a0est id\u00e9al pour les sportifs homme\/femme et pour le soin de votre beaut\u00e9 \u00e0 domicile ou en cabinet.. Compos\u00e9 de 258 programmes, vous pouvez tant travailler le sport (53 programmes dont la capillarisation, la r\u00e9activit\u00e9, la comp\u00e9tition, Hypertrophie\u2026), le fitness (58 programmes sur le raffermissement, le modelage, la tonification, la pr\u00e9vention de crampes&#8230;) , la beaut\u00e9 (36 programmes sur le drainage, l\u2019am\u00e9lioration du ton de la peau, le massage tonifiant&#8230;) la douleur (12 programmes concernant les douleurs menstruelles, cervicales, de l\u2019\u00e9paule, la lombalgie chronique\u2026) mais aussi l&rsquo;incontinence avec ses 3 programmes mixtes, d\u2019effort ou par urgences.<\/p>\n<p>&nbsp;<\/p>\n<p>Un tr\u00e8s large choix de programme, \u00ab\u00a0SPORT SPECIAUX\u00a0\u00bb (44) \u00a0a \u00e9t\u00e9 sp\u00e9cialement con\u00e7u pour la course, le ski de fond, les arts martiaux, le tennis, le football et le v\u00e9lo. Des exercices sont cr\u00e9\u00e9s sp\u00e9cialement pour faire travailler certaines zones et certains muscles du corps efficacement, qui importent \u00e0 ses disciplines.<\/p>\n<p>&nbsp;<\/p>\n<p>Le\u00a0<strong>Premium 400 de Globus\u00a0<\/strong>rassemble deux nouvelles fonctions qui am\u00e9liore l\u2019\u00e9lectrostimulation dans les domaines sportifs, m\u00e9dicales et bien-\u00eatre.<\/p>\n<p>Il est \u00e9quip\u00e9 de la technologie \u00ab 3S \u00bb ( Serial Sequential Stimolation) qui vise \u00e0 produire une pression profonde dans la musculature vis\u00e9e qui entra\u00eene le drainage des liquides interstitiels et qui favorise le retour du sang veineux au coeur. Cette fonction est aussi utile pour les sports sp\u00e9cifiques tels que la course, le ski de fond, le v\u00e9lo, le triathlon pour la m\u00e9thode d\u00e9fatiguante et la r\u00e9cup\u00e9ration active post-comp\u00e9tition.<\/p>\n<p>Ce\u00a0<strong>Globus Premium 400<\/strong>\u00a0dispose \u00e9galement d\u2019une technologie \u00ab Action Now \u00bb, qui consiste \u00e0 combiner stimulation sur l&rsquo;individu et recrutement des fibres musculaires allant d&rsquo;une fr\u00e9quence de 0,3 \u00e0 150 Hz et de 120 mA par canal gr\u00e2ce \u00e0 4 canaux ind\u00e9pendants, sous 8 \u00e9lectrodes.<\/p>\n<p>&nbsp;<\/p>\n<p>L&rsquo;<strong>appareil d&rsquo;\u00e9lectrostimulation Premium 400\u00a0<\/strong>donne la possibilit\u00e9 de m\u00e9moriser 10 profils d&rsquo;utilisateurs diff\u00e9rents et de param\u00e9trer et personnaliser les programmes avec pour chacun des objectifs individuels qui varient.<\/p>\n<p>De plus, gr\u00e2ce \u00e0 la fonction SYNCROSTIM vous aurez la possibilit\u00e9 de changer l&rsquo;intensit\u00e9 des 4 canaux simultan\u00e9ment.<\/p>\n<p>Il comporte \u00e9galement la fonction Run time pour modifier le temps, la fr\u00e9quence et la largeur de l\u2019impulsion et la fonction 2+2 pour effectuer deux programmes diff\u00e9rents simultan\u00e9ment.<\/p>\n<p>Dot\u00e9 d&rsquo;un \u00e9cran LCD r\u00e9tro-\u00e9clair\u00e9, vous aurez acc\u00e8s \u00e0 la totalit\u00e9 des informations sous forme de texte et graphique pour une bonne s\u00e9ances d&rsquo;\u00e9lectrodes.<\/p>\n<p>&nbsp;<\/p>\n<p>Conforme \u00e0 la r\u00e9glementation du Parlement Europ\u00e9en 93\/42\/CEE-2007\/47\/CEE, l\u2019<strong>electrostimulateurs Globus Premium 400\u00a0<\/strong>vous garantit un produit de qualit\u00e9.<\/p>\n<h2>Caract\u00e9ristiques techniques de l&rsquo;electrostimulateur Premium 400 Globus<\/h2>\n<p>&nbsp;<\/p>\n<ul>\n<li>&#8211; Dimensions : 160 x 99 x 35.4<\/li>\n<li>&#8211; Poids : 404 g<\/li>\n<li>&#8211; Courant constant<\/li>\n<li>&#8211; 4 canaux ind\u00e9pendants 0.3-150 Hz<\/li>\n<li>&#8211; Puissance : 120 mA par canal<\/li>\n<li>&#8211; Amplitude d\u2019impulsion : 40-450 \u03bcs<\/li>\n<li>&#8211; Temps de travail: 1 \u00e0 30 secondes<\/li>\n<li>&#8211; Temps de repos: 0 \u00e0 1 minute<\/li>\n<li>&#8211; Technologie 3S et Action Now<\/li>\n<li>&#8211; Fonction multi-utilisateur, Syncrostim, run time, 2+2<\/li>\n<li>&#8211; Forme d\u2019onde : carr\u00e9e, biphasique, sym\u00e9trique, compens\u00e9e<\/li>\n<li>&#8211; Alimentation : batterie rechargeable<\/li>\n<li>&#8211; Ecran r\u00e9tro-\u00e9clair\u00e9<\/li>\n<li>&#8211; Classe II A<\/li>\n<\/ul>\n<p>Fourni avec :<\/p>\n<ul>\n<li>&#8211; Sac de transport<\/li>\n<li>&#8211; 4 c\u00e2bles color\u00e9s de connexion aux \u00e9lectrodes<\/li>\n<li>&#8211; 2 c\u00e2bles gris pour le traitement avec les techniques microcourants et ionophor\u00e8se<\/li>\n<li>&#8211; 4 \u00e9lectrodes autocollantes carr\u00e9es<\/li>\n<li>&#8211; 4 \u00e9lectrodes autocollantes rectangulaires<\/li>\n<li>&#8211; 1 alimentateur ( 7.2 V \u00a0200 mA)<\/li>\n<li>&#8211; Manuel d&rsquo;utilisation<\/li>\n<\/ul>\n","protected":false},"excerpt":{"rendered":"<ul>\n<li>\u00a04 canaux ind\u00e9pendants 0.3 .<\/li>\n<li>\u00a0258 programmes<\/li>\n<li>\u00a0Technologie 3S et Action Now<\/li>\n<li>\u00a0Puissance : 120 mA par canal.<\/li>\n<\/ul>\n<p><a href=\"https:\/\/www.dcm-materiel-kine-sport.com\/wp-content\/uploads\/2020\/12\/Premium400-fiche-technique.pdf\"><img loading=\"lazy\" decoding=\"async\" class=\"alignnone size-full wp-image-4666\" src=\"https:\/\/www.dcm-materiel-kine-sport.com\/wp-content\/uploads\/2023\/05\/Design-sans-titre-1.png\" alt=\"\" width=\"300\" height=\"175\" \/><\/a><\/p>\n","protected":false},"featured_media":3218,"comment_status":"open","ping_status":"closed","template":"","meta":{"_monsterinsights_skip_tracking":false,"_monsterinsights_sitenote_active":false,"_monsterinsights_sitenote_note":"","_monsterinsights_sitenote_category":0},"product_brand":[],"product_cat":[18,77],"product_tag":[],"class_list":{"0":"post-3269","1":"product","2":"type-product","3":"status-publish","4":"has-post-thumbnail","6":"product_cat-electrostimulateurs-portatifs","7":"product_cat-globus","9":"first","10":"instock","11":"shipping-taxable","12":"purchasable","13":"product-type-simple"},"aioseo_notices":[],"_links":{"self":[{"href":"https:\/\/www.dcm-materiel-kine-sport.com\/index.php\/wp-json\/wp\/v2\/product\/3269","targetHints":{"allow":["GET"]}}],"collection":[{"href":"https:\/\/www.dcm-materiel-kine-sport.com\/index.php\/wp-json\/wp\/v2\/product"}],"about":[{"href":"https:\/\/www.dcm-materiel-kine-sport.com\/index.php\/wp-json\/wp\/v2\/types\/product"}],"replies":[{"embeddable":true,"href":"https:\/\/www.dcm-materiel-kine-sport.com\/index.php\/wp-json\/wp\/v2\/comments?post=3269"}],"wp:featuredmedia":[{"embeddable":true,"href":"https:\/\/www.dcm-materiel-kine-sport.com\/index.php\/wp-json\/wp\/v2\/media\/3218"}],"wp:attachment":[{"href":"https:\/\/www.dcm-materiel-kine-sport.com\/index.php\/wp-json\/wp\/v2\/media?parent=3269"}],"wp:term":[{"taxonomy":"product_brand","embeddable":true,"href":"https:\/\/www.dcm-materiel-kine-sport.com\/index.php\/wp-json\/wp\/v2\/product_brand?post=3269"},{"taxonomy":"product_cat","embeddable":true,"href":"https:\/\/www.dcm-materiel-kine-sport.com\/index.php\/wp-json\/wp\/v2\/product_cat?post=3269"},{"taxonomy":"product_tag","embeddable":true,"href":"https:\/\/www.dcm-materiel-kine-sport.com\/index.php\/wp-json\/wp\/v2\/product_tag?post=3269"}],"curies":[{"name":"wp","href":"https:\/\/api.w.org\/{rel}","templated":true}]}}