{"id":3273,"date":"2020-12-13T21:44:17","date_gmt":"2020-12-13T20:44:17","guid":{"rendered":"https:\/\/www.dcm-materiel-kine-sport.com\/?post_type=product&#038;p=3273"},"modified":"2025-07-24T11:19:39","modified_gmt":"2025-07-24T09:19:39","slug":"electrostimulateur-em-80-beurer-tens-ems-numerique","status":"publish","type":"product","link":"https:\/\/www.dcm-materiel-kine-sport.com\/index.php\/produit\/electrostimulateur-em-80-beurer-tens-ems-numerique\/","title":{"rendered":"Electrostimulateur EM 80 Beurer TENS\/EMS num\u00e9rique"},"content":{"rendered":"<p>L&rsquo;<strong>Electrostimulateur EM 80 Beurer TENS\/EMS num\u00e9rique<\/strong>\u00a0est appareil d&rsquo;\u00e9lectrostimulation 3 en 1.<br \/>\nIl assure :<br \/>\n&#8211; Th\u00e9rapie anti-douleur (TENS)<br \/>\n&#8211; Stimulation musculaire (EMS)<br \/>\n&#8211; Massage<\/p>\n<p>Plus complet que l&rsquo;EM 41 Beurer TENS\/EMS num\u00e9rique, l&rsquo;<strong>Electrostimulateur EM 80 Beurer TENS\/EMS num\u00e9rique<\/strong>\u00a0est \u00e9quip\u00e9 de 8 \u00e9lectrodes au gel autocollantes.<br \/>\nIl embarque 4 canaux r\u00e9gables s\u00e9par\u00e9ment.<\/p>\n<h2>Caract\u00e9ristiques techniques de l&rsquo;Electrostimulateur EM 80 Beurer TENS\/EMS num\u00e9rique<\/h2>\n<p>&#8211; Electrostimulation 3 en 1<br \/>\n&#8211; Produit m\u00e9dical<br \/>\n&#8211; 4 canaux r\u00e9glables s\u00e9par\u00e9ment<br \/>\n&#8211; 8 \u00e9lectrodes au gel autocollantes (45 x 45 mm)<br \/>\n&#8211; 30 applications pr\u00e9-programm\u00e9es<br \/>\n&#8211; 20 programmes personnalisables : Fr\u00e9quence programmable, plage de pouls, temps marche\/arr\u00eat<br \/>\n&#8211; Arr\u00eat de s\u00e9curit\u00e9<br \/>\n&#8211; Fond illumin\u00e9, \u00e9cran tr\u00e8s lisible<br \/>\n&#8211; Temps de traitement r\u00e9glable (5 \u00e0 90 minutes), temps restant affich\u00e9<br \/>\n&#8211; Courant de sortie : max. 180 mA p-p (500 Ohm)<br \/>\n&#8211; Fr\u00e9quence de sortie : 1 &#8211; 120 Hz<br \/>\n&#8211; Largeur du pouls : 40 &#8211; 250 \u03bcs par phase<br \/>\n&#8211; Forme du pouls : pouls carr\u00e9s biphasiques<br \/>\n&#8211; Avec instructions compl\u00e8tes (y compris options d&rsquo;application)<br \/>\n&#8211; Intensit\u00e9 r\u00e9glable<br \/>\n&#8211; Minuteur-compet \u00e0 rebours<br \/>\n&#8211; Fonction docteur (pour une adaptation optimale \u00e0 votre programme th\u00e9rapeutique personnel)<br \/>\n&#8211; Pochette de rangement<br \/>\n&#8211; Piles incluses<br \/>\n&#8211; Num\u00e9ro de r\u00e9f\u00e9rence : 662.000<\/p>\n<h2>Contenu du pack Electrostimulateur EM 80 Beurer TENS\/EMS num\u00e9rique<\/h2>\n<p>&#8211; 1 Electrostimulateur EM 41 Beurer TENS\/EMS num\u00e9rique<br \/>\n&#8211; 1 Pochette de rangement<br \/>\n&#8211; 8 \u00e9lectrodes au gel autocollantes (45 x 45 mm)<br \/>\n&#8211; 3 piles AAA de 1,5 V<\/p>\n","protected":false},"excerpt":{"rendered":"<ul>\n<li>Electrostimulateur EM 80 Beurer TENS\/EMS num\u00e9rique<\/li>\n<li>Electrostimulation 3 en 1<\/li>\n<li>Produit m\u00e9dical<\/li>\n<li>4 canaux r\u00e9glables s\u00e9par\u00e9ment<\/li>\n<li>20 Programmes personnalisables<\/li>\n<li>8 \u00e9lectrodes au gel autocollantes<\/li>\n<\/ul>\n<p><a href=\"https:\/\/www.dcm-materiel-kine-sport.com\/wp-content\/uploads\/2020\/12\/Appareil-TENS_EMS-numerique-EM-80-1.pdf\"><img loading=\"lazy\" decoding=\"async\" class=\"alignnone size-medium wp-image-3185\" src=\"https:\/\/www.dcm-materiel-kine-sport.com\/wp-content\/uploads\/2020\/11\/fichetechnique-300x172.png\" alt=\"\" width=\"300\" height=\"172\" srcset=\"https:\/\/www.dcm-materiel-kine-sport.com\/wp-content\/uploads\/2020\/11\/fichetechnique-300x172.png 300w, https:\/\/www.dcm-materiel-kine-sport.com\/wp-content\/uploads\/2020\/11\/fichetechnique.png 435w\" sizes=\"auto, (max-width: 300px) 100vw, 300px\" \/><\/a><\/p>\n","protected":false},"featured_media":3279,"comment_status":"open","ping_status":"closed","template":"","meta":{"_monsterinsights_skip_tracking":false,"_monsterinsights_sitenote_active":false,"_monsterinsights_sitenote_note":"","_monsterinsights_sitenote_category":0},"product_brand":[],"product_cat":[80,18],"product_tag":[],"class_list":{"0":"post-3273","1":"product","2":"type-product","3":"status-publish","4":"has-post-thumbnail","6":"product_cat-autres-electros","7":"product_cat-electrostimulateurs-portatifs","9":"first","10":"instock","11":"shipping-taxable","12":"product-type-simple"},"aioseo_notices":[],"_links":{"self":[{"href":"https:\/\/www.dcm-materiel-kine-sport.com\/index.php\/wp-json\/wp\/v2\/product\/3273","targetHints":{"allow":["GET"]}}],"collection":[{"href":"https:\/\/www.dcm-materiel-kine-sport.com\/index.php\/wp-json\/wp\/v2\/product"}],"about":[{"href":"https:\/\/www.dcm-materiel-kine-sport.com\/index.php\/wp-json\/wp\/v2\/types\/product"}],"replies":[{"embeddable":true,"href":"https:\/\/www.dcm-materiel-kine-sport.com\/index.php\/wp-json\/wp\/v2\/comments?post=3273"}],"wp:featuredmedia":[{"embeddable":true,"href":"https:\/\/www.dcm-materiel-kine-sport.com\/index.php\/wp-json\/wp\/v2\/media\/3279"}],"wp:attachment":[{"href":"https:\/\/www.dcm-materiel-kine-sport.com\/index.php\/wp-json\/wp\/v2\/media?parent=3273"}],"wp:term":[{"taxonomy":"product_brand","embeddable":true,"href":"https:\/\/www.dcm-materiel-kine-sport.com\/index.php\/wp-json\/wp\/v2\/product_brand?post=3273"},{"taxonomy":"product_cat","embeddable":true,"href":"https:\/\/www.dcm-materiel-kine-sport.com\/index.php\/wp-json\/wp\/v2\/product_cat?post=3273"},{"taxonomy":"product_tag","embeddable":true,"href":"https:\/\/www.dcm-materiel-kine-sport.com\/index.php\/wp-json\/wp\/v2\/product_tag?post=3273"}],"curies":[{"name":"wp","href":"https:\/\/api.w.org\/{rel}","templated":true}]}}