{"id":3282,"date":"2020-12-13T22:21:33","date_gmt":"2020-12-13T21:21:33","guid":{"rendered":"https:\/\/www.dcm-materiel-kine-sport.com\/?post_type=product&#038;p=3282"},"modified":"2025-07-24T11:19:16","modified_gmt":"2025-07-24T09:19:16","slug":"electrostimulateur-tens-ems-numerique-beurer-em-49","status":"publish","type":"product","link":"https:\/\/www.dcm-materiel-kine-sport.com\/index.php\/produit\/electrostimulateur-tens-ems-numerique-beurer-em-49\/","title":{"rendered":"\u00c9lectrostimulateur TENS \/ EMS Num\u00e9rique Beurer EM 49"},"content":{"rendered":"<h2>Pr\u00e9sentation de l&rsquo;Appareil d&rsquo;\u00e9lectrostimulation TENS \/ EMS Num\u00e9rique Beurer EM 49 :<\/h2>\n<p>L&rsquo;<strong>Appareil TENS \/ EMS Num\u00e9rique Beurer EM 49<\/strong>\u00a0est un dispositif m\u00e9dical, con\u00e7u pour une stimulation nerveuse et musculaire. C&rsquo;est un\u00a0<strong>appareil d&rsquo;\u00e9lectrostimulation<\/strong>, destin\u00e9 \u00e0 vous procurer d\u00e9tente et bien-\u00eatre via des impulsions \u00e9lectriques rectangulaires biphasiques. Pour ce faire, il est \u00e9quip\u00e9 de 2 technologies pour 2 fonctions diff\u00e9rentes. La premi\u00e8re est la Stimulation Nerveuse Electrique Transcutan\u00e9e, ou TENS, qui a une action analg\u00e9sique visant \u00e0 soulager les douleurs li\u00e9es \u00e0 des traumatismes de fa\u00e7on non m\u00e9dicamenteuse et sans effets secondaires. La seconde est la Stimulation Musculaire Electrique EMS, qui sert \u00e0 favoriser la musculation et la r\u00e9g\u00e9n\u00e9ration musculaire.<\/p>\n<p>Pour une utilisation des plus simples, 64 applications sont pr\u00e9programm\u00e9es dans l&rsquo;appareil, ainsi que 6 programmes individualis\u00e9s (EMS : 35 programmes, TENS : 15 programmes, Massage : 20 programmes). Ses 2 canaux sont r\u00e9glables individuellement, avec 4 \u00e9lectrodes autocollantes de dimensions 45 x 45 mm. Le\u00a0<strong>Beurer EM49<\/strong>\u00a0est aussi r\u00e9glable sur une fonction \u00ab\u00a0\u00a0\u00bbDocteur\u00a0\u00bb\u00a0\u00bb, afin de coordonner votre th\u00e9rapie personnelle avec celle mise en place par votre m\u00e9decin.<\/p>\n<p>Pour une s\u00fbret\u00e9 d&rsquo;utilisation optimale, l&rsquo;<strong>Appareil TENS \/ EMS Num\u00e9rique Beurer EM 49<\/strong>\u00a0est \u00e9quip\u00e9 d&rsquo;un arr\u00eat de s\u00e9curit\u00e9, ainsi que d&rsquo;une fonction minuteur, que vous pourrez r\u00e9gler pour des s\u00e9ances de 5 \u00e0 100 minutes. Pour une meilleure visibilit\u00e9, son \u00e9cran est LCD invers\u00e9 avec un r\u00e9tro\u00e9clairage bleu, et il est \u00e9quip\u00e9 d&rsquo;un clip ceinture.<\/p>\n<h2>Caract\u00e9ristiques Techniques de l&rsquo;Appareil TENS \/ EMS Num\u00e9rique Beurer EM 49 :<\/h2>\n<p>&#8211; Stimulations nerveuses et musculaires TENS \/ EMS<br \/>\n&#8211; Fonctions analg\u00e9siques et de musculation<br \/>\n&#8211; Impulsions rectangulaires biphasiques<br \/>\n&#8211; 2 canaux r\u00e9glables individuellement<br \/>\n&#8211; 64 applications pr\u00e9programm\u00e9es et 6 programmes individualis\u00e9s<br \/>\n&#8211; 35 programmes EMS, 15 programmes TENS, 20 programmes Massage<br \/>\n&#8211; 4 \u00e9lectrodes autocollantes 45 x 45 mm<br \/>\n&#8211; Arr\u00eat de s\u00e9curit\u00e9<br \/>\n&#8211; Fonction m\u00e9decin<br \/>\n&#8211; Fonction minuteur<br \/>\n&#8211; Dimensions de l&rsquo;appareil : 132 x 63 x 23 mm<br \/>\n&#8211; Ecran LCD, r\u00e9tro\u00e9clairage bleu<br \/>\n&#8211; Clip ceinture<\/p>\n","protected":false},"excerpt":{"rendered":"<ul>\n<li>Appareil TENS \/ EMS Num\u00e9rique Beurer EM 49<\/li>\n<li>Electrostimulation nerveuse et musculaire<\/li>\n<li>70 programmes d&rsquo;entra\u00eenement<\/li>\n<li>Fonction m\u00e9decin, minuteur, arr\u00eat de s\u00e9curit\u00e9<\/li>\n<\/ul>\n<p><a href=\"https:\/\/www.dcm-materiel-kine-sport.com\/wp-content\/uploads\/2020\/12\/Appareil-TENS_EMS-numerique-EM-49-de-Beurer-1.pdf\"><img loading=\"lazy\" decoding=\"async\" class=\"alignnone size-medium wp-image-3185\" src=\"https:\/\/www.dcm-materiel-kine-sport.com\/wp-content\/uploads\/2020\/11\/fichetechnique-300x172.png\" alt=\"\" width=\"300\" height=\"172\" srcset=\"https:\/\/www.dcm-materiel-kine-sport.com\/wp-content\/uploads\/2020\/11\/fichetechnique-300x172.png 300w, https:\/\/www.dcm-materiel-kine-sport.com\/wp-content\/uploads\/2020\/11\/fichetechnique.png 435w\" sizes=\"auto, (max-width: 300px) 100vw, 300px\" \/><\/a><\/p>\n","protected":false},"featured_media":3277,"comment_status":"open","ping_status":"closed","template":"","meta":{"_monsterinsights_skip_tracking":false,"_monsterinsights_sitenote_active":false,"_monsterinsights_sitenote_note":"","_monsterinsights_sitenote_category":0},"product_brand":[],"product_cat":[80,18],"product_tag":[],"class_list":{"0":"post-3282","1":"product","2":"type-product","3":"status-publish","4":"has-post-thumbnail","6":"product_cat-autres-electros","7":"product_cat-electrostimulateurs-portatifs","9":"first","10":"instock","11":"shipping-taxable","12":"product-type-simple"},"aioseo_notices":[],"_links":{"self":[{"href":"https:\/\/www.dcm-materiel-kine-sport.com\/index.php\/wp-json\/wp\/v2\/product\/3282","targetHints":{"allow":["GET"]}}],"collection":[{"href":"https:\/\/www.dcm-materiel-kine-sport.com\/index.php\/wp-json\/wp\/v2\/product"}],"about":[{"href":"https:\/\/www.dcm-materiel-kine-sport.com\/index.php\/wp-json\/wp\/v2\/types\/product"}],"replies":[{"embeddable":true,"href":"https:\/\/www.dcm-materiel-kine-sport.com\/index.php\/wp-json\/wp\/v2\/comments?post=3282"}],"wp:featuredmedia":[{"embeddable":true,"href":"https:\/\/www.dcm-materiel-kine-sport.com\/index.php\/wp-json\/wp\/v2\/media\/3277"}],"wp:attachment":[{"href":"https:\/\/www.dcm-materiel-kine-sport.com\/index.php\/wp-json\/wp\/v2\/media?parent=3282"}],"wp:term":[{"taxonomy":"product_brand","embeddable":true,"href":"https:\/\/www.dcm-materiel-kine-sport.com\/index.php\/wp-json\/wp\/v2\/product_brand?post=3282"},{"taxonomy":"product_cat","embeddable":true,"href":"https:\/\/www.dcm-materiel-kine-sport.com\/index.php\/wp-json\/wp\/v2\/product_cat?post=3282"},{"taxonomy":"product_tag","embeddable":true,"href":"https:\/\/www.dcm-materiel-kine-sport.com\/index.php\/wp-json\/wp\/v2\/product_tag?post=3282"}],"curies":[{"name":"wp","href":"https:\/\/api.w.org\/{rel}","templated":true}]}}