{"id":3345,"date":"2020-12-29T10:56:11","date_gmt":"2020-12-29T09:56:11","guid":{"rendered":"https:\/\/www.dcm-materiel-kine-sport.com\/?post_type=product&#038;p=3345"},"modified":"2023-06-01T18:42:59","modified_gmt":"2023-06-01T16:42:59","slug":"ultrason-us13","status":"publish","type":"product","link":"https:\/\/www.dcm-materiel-kine-sport.com\/index.php\/produit\/ultrason-us13\/","title":{"rendered":"Ultrason US13"},"content":{"rendered":"<p><strong>MAIN FEATURES:<\/strong><\/p>\n<ul>\n<li>Output frequency for the ultrasound heads is 1 and 3 MHz<\/li>\n<li>Continuous output with a Maximum power of 3W\/cm2<\/li>\n<li>Pulsed output with a Maximum power of 3W\/cm2<\/li>\n<li>7\u2019\u2019 capacitive colour Touch Screen<\/li>\n<li>Large library of pre-set programs for common pathologies<\/li>\n<li>Free program allows user defined parameters<\/li>\n<li>Possibility of storing user defined programs\/ parameters<\/li>\n<li>No contact indication is both visual and acoustic<\/li>\n<li>Real treatment time means that timer will stop in case of bad contact with skin<\/li>\n<li>Possibility use of different treatment heads<\/li>\n<li>Patients database<\/li>\n<li>Possibility of creating and saving complex sequences of programs<\/li>\n<li>USB Port to update software<\/li>\n<\/ul>\n","protected":false},"excerpt":{"rendered":"<div class=\"hgbeOc\"><\/div>\n<div class=\"OlSOob\">\n<div class=\"ccvoYb\">\n<div class=\"AxqVh\">\n<div class=\"OPPzxe\">\n<p id=\"c21\" class=\"oBOnKe\"><span class=\"JLqJ4b ChMk0b\" style=\"font-size: 16px;\" data-language-for-alternatives=\"fr\" data-language-to-translate-into=\"en\" data-phrase-index=\"0\">L&rsquo;US13 est un appareil portable de th\u00e9rapie par ultrasons de pointe offrant \u00e0 la fois des sorties 1 et 3 MHz.<\/span> <span class=\"JLqJ4b ChMk0b\" style=\"font-size: 16px;\" data-language-for-alternatives=\"fr\" data-language-to-translate-into=\"en\" data-phrase-index=\"2\">L&rsquo;unit\u00e9 est dot\u00e9e de fonctionnalit\u00e9s innovantes:<\/span><\/p>\n<div class=\"dePhmb\">\n<div class=\"eyKpYb\" data-language=\"fr\" data-original-language=\"en\" data-result-index=\"0\">\n<div class=\"J0lOec\">\n<div class=\"DNFg3e\">\n<div class=\"oJweqc Qbfsob\" data-alternative-index=\"1\">\n<div class=\"v3U01d\">\n<p class=\"NqnNQd\" lang=\"fr\">puissance extr\u00eamement \u00e9lev\u00e9e, Accessoires plus d&rsquo;options de cycle de service (quoi que ce soit de 10% \u00e0 100%), l&rsquo;am\u00e9lioration des fonctionnalit\u00e9s sans contact, possibilit\u00e9 de cr\u00e9er une base de donn\u00e9es du patient et la surveillance du niveau de la douleur, l&rsquo;industrie plus grand nombre de programmes pr\u00e9d\u00e9finis pour la plupart des pathologies.<\/p>\n<\/div>\n<\/div>\n<\/div>\n<\/div>\n<\/div>\n<\/div>\n<\/div>\n<\/div>\n<\/div>\n<\/div>\n","protected":false},"featured_media":3891,"comment_status":"open","ping_status":"closed","template":"","meta":{"_monsterinsights_skip_tracking":false,"_monsterinsights_sitenote_active":false,"_monsterinsights_sitenote_note":"","_monsterinsights_sitenote_category":0},"product_brand":[],"product_cat":[19,49],"product_tag":[],"class_list":{"0":"post-3345","1":"product","2":"type-product","3":"status-publish","4":"has-post-thumbnail","6":"product_cat-ultrasons","7":"product_cat-ultrasons-professionnels","9":"first","10":"instock","11":"shipping-taxable","12":"product-type-simple"},"aioseo_notices":[],"_links":{"self":[{"href":"https:\/\/www.dcm-materiel-kine-sport.com\/index.php\/wp-json\/wp\/v2\/product\/3345","targetHints":{"allow":["GET"]}}],"collection":[{"href":"https:\/\/www.dcm-materiel-kine-sport.com\/index.php\/wp-json\/wp\/v2\/product"}],"about":[{"href":"https:\/\/www.dcm-materiel-kine-sport.com\/index.php\/wp-json\/wp\/v2\/types\/product"}],"replies":[{"embeddable":true,"href":"https:\/\/www.dcm-materiel-kine-sport.com\/index.php\/wp-json\/wp\/v2\/comments?post=3345"}],"wp:featuredmedia":[{"embeddable":true,"href":"https:\/\/www.dcm-materiel-kine-sport.com\/index.php\/wp-json\/wp\/v2\/media\/3891"}],"wp:attachment":[{"href":"https:\/\/www.dcm-materiel-kine-sport.com\/index.php\/wp-json\/wp\/v2\/media?parent=3345"}],"wp:term":[{"taxonomy":"product_brand","embeddable":true,"href":"https:\/\/www.dcm-materiel-kine-sport.com\/index.php\/wp-json\/wp\/v2\/product_brand?post=3345"},{"taxonomy":"product_cat","embeddable":true,"href":"https:\/\/www.dcm-materiel-kine-sport.com\/index.php\/wp-json\/wp\/v2\/product_cat?post=3345"},{"taxonomy":"product_tag","embeddable":true,"href":"https:\/\/www.dcm-materiel-kine-sport.com\/index.php\/wp-json\/wp\/v2\/product_tag?post=3345"}],"curies":[{"name":"wp","href":"https:\/\/api.w.org\/{rel}","templated":true}]}}