{"id":3386,"date":"2020-12-18T15:56:06","date_gmt":"2020-12-18T14:56:06","guid":{"rendered":"https:\/\/www.dcm-materiel-kine-sport.com\/?post_type=product&#038;p=3386"},"modified":"2025-07-24T11:39:50","modified_gmt":"2025-07-24T09:39:50","slug":"mio-sonic","status":"publish","type":"product","link":"https:\/\/www.dcm-materiel-kine-sport.com\/index.php\/produit\/mio-sonic\/","title":{"rendered":"MIO-SONIC"},"content":{"rendered":"<p>Dispositif innovateur et de haute performance pour les traitements<\/p>\n<p>\u00e0 domicile et ambulatoires .<\/p>\n<p>Il r\u00e9unit le caract\u00e8re fonctionnel , la facilit\u00e9 d&rsquo; utilisation et les hautes performances dans un dispositif professionnel tr\u00e8s petit et l\u00e9ger .<\/p>\n<p>La praticit\u00e9 et la l\u00e9g\u00e8ret\u00e9 permettent une utilisation prolong\u00e9e sans aucune douleur de la main .<\/p>\n<p>Ce dispositifs peut \u00eatre utilis\u00e9 pour les applications suivantes :<\/p>\n<ul>\n<li>Th\u00e9rapie de la douleur<\/li>\n<li>Traitements sportifs<\/li>\n<li>Traitements esth\u00e9tiques<\/li>\n<\/ul>\n","protected":false},"excerpt":{"rendered":"<p>Dispositif professionnel pour ultrasonoth\u00e9rapie<\/p>\n<ul>\n<li>9 programmes<\/li>\n<li>Ultrason \u00e0 1 MHZ avec 6.4 W de puissance maximum et une puissance effective en surface de 1.6W\/cm2 ;<\/li>\n<li>Faisceau ultrasonique collimat\u00e9 pour une p\u00e9n\u00e9tration optimal \u00e0 travers les tissus ;<\/li>\n<li>\u00a03 niveaux d&rsquo;intensit\u00e9 du faisceau ultrasonique : 0,08 W\/ cm2 ( bas ) &#8211; 0,08 W\/cm( moyen ) &#8211; 1.6 W\/ cm2 (haut)<\/li>\n<li>Fonctionnement avec alimentateur m\u00e9dical<\/li>\n<li>Dispositif m\u00e9dical certifi\u00e9 CE0476<\/li>\n<li>Adapt\u00e9 exclusivement pour application en surface ( ne pas immerger )<\/li>\n<\/ul>\n","protected":false},"featured_media":4785,"comment_status":"open","ping_status":"closed","template":"","meta":{"_monsterinsights_skip_tracking":false,"_monsterinsights_sitenote_active":false,"_monsterinsights_sitenote_note":"","_monsterinsights_sitenote_category":0},"product_brand":[],"product_cat":[19,24],"product_tag":[],"class_list":{"0":"post-3386","1":"product","2":"type-product","3":"status-publish","4":"has-post-thumbnail","6":"product_cat-ultrasons","7":"product_cat-ultrasons-portatifs","9":"first","10":"instock","11":"shipping-taxable","12":"purchasable","13":"product-type-simple"},"aioseo_notices":[],"_links":{"self":[{"href":"https:\/\/www.dcm-materiel-kine-sport.com\/index.php\/wp-json\/wp\/v2\/product\/3386","targetHints":{"allow":["GET"]}}],"collection":[{"href":"https:\/\/www.dcm-materiel-kine-sport.com\/index.php\/wp-json\/wp\/v2\/product"}],"about":[{"href":"https:\/\/www.dcm-materiel-kine-sport.com\/index.php\/wp-json\/wp\/v2\/types\/product"}],"replies":[{"embeddable":true,"href":"https:\/\/www.dcm-materiel-kine-sport.com\/index.php\/wp-json\/wp\/v2\/comments?post=3386"}],"wp:featuredmedia":[{"embeddable":true,"href":"https:\/\/www.dcm-materiel-kine-sport.com\/index.php\/wp-json\/wp\/v2\/media\/4785"}],"wp:attachment":[{"href":"https:\/\/www.dcm-materiel-kine-sport.com\/index.php\/wp-json\/wp\/v2\/media?parent=3386"}],"wp:term":[{"taxonomy":"product_brand","embeddable":true,"href":"https:\/\/www.dcm-materiel-kine-sport.com\/index.php\/wp-json\/wp\/v2\/product_brand?post=3386"},{"taxonomy":"product_cat","embeddable":true,"href":"https:\/\/www.dcm-materiel-kine-sport.com\/index.php\/wp-json\/wp\/v2\/product_cat?post=3386"},{"taxonomy":"product_tag","embeddable":true,"href":"https:\/\/www.dcm-materiel-kine-sport.com\/index.php\/wp-json\/wp\/v2\/product_tag?post=3386"}],"curies":[{"name":"wp","href":"https:\/\/api.w.org\/{rel}","templated":true}]}}