{"id":3388,"date":"2020-12-18T16:18:57","date_gmt":"2020-12-18T15:18:57","guid":{"rendered":"https:\/\/www.dcm-materiel-kine-sport.com\/?post_type=product&#038;p=3388"},"modified":"2024-08-12T19:35:35","modified_gmt":"2024-08-12T17:35:35","slug":"sonicstim","status":"publish","type":"product","link":"https:\/\/www.dcm-materiel-kine-sport.com\/index.php\/produit\/sonicstim\/","title":{"rendered":"Ultrason Sonic Stim"},"content":{"rendered":"<p>Dispositif innovateur pour les traitements en cabinet et ambulatoires .R\u00e9unit les potentialit\u00e9 et las b\u00e9n\u00e9fices du traitement par ultrason et ceux du traitement par \u00e9lectroth\u00e9rapie TENS dans un seul produit innovant . Le dispositif peut \u00eatre utilis\u00e9 en trois mode combin\u00e9 : \u00e0 1 MHZ ( traitement en profondeur des tissus ) ou \u00e9lectroth\u00e9rapie ( th\u00e9rapie de la douleur ) , et en mode combin\u00e9 ultrason + TENS qui permet d&rsquo; exploiter les actions des deux traitements lors d&rsquo; une seule s\u00e9ance de th\u00e9rapie<\/p>\n","protected":false},"excerpt":{"rendered":"<p>Dispositif professionnel pour :<\/p>\n<ul>\n<li>Ultrasonoth\u00e9rapie<\/li>\n<li>\u00c9lectroth\u00e9rapie<\/li>\n<li>Traitement en mode combin\u00e9 Ultrasonoth\u00e9rapie + \u00e9lectroth\u00e9rapie<\/li>\n<li>7 programmes pour traitement en mode combin\u00e9 Ultrasonoth\u00e9rapie + \u00e9lectroth\u00e9rapie<\/li>\n<li>1 programme Ultrasonoth\u00e9rapie<\/li>\n<li>7 programmes pour \u00e9lectroth\u00e9rapie<\/li>\n<li>Ultrason \u00e0 1 MHZ avec 4 W de puissance effective en surface de 1 MHZ \/cm2<\/li>\n<li>Faisceau ultrasonique collimat\u00e9 pour une p\u00e9n\u00e9tration optimale \u00e0 travers les tissus<\/li>\n<li>5 niveaux\u00a0 d&rsquo; intensit\u00e9 du faisceau ultrasonique : 5% &#8211; 20% &#8211; 50% &#8211; 80% &#8211; 100%<\/li>\n<li>Fonctionnement avec cordon d\u2019alimentation m\u00e9dical .<\/li>\n<\/ul>\n","protected":false},"featured_media":3527,"comment_status":"open","ping_status":"closed","template":"","meta":{"_monsterinsights_skip_tracking":false,"_monsterinsights_sitenote_active":false,"_monsterinsights_sitenote_note":"","_monsterinsights_sitenote_category":0},"product_brand":[],"product_cat":[19,24],"product_tag":[],"class_list":{"0":"post-3388","1":"product","2":"type-product","3":"status-publish","4":"has-post-thumbnail","6":"product_cat-ultrasons","7":"product_cat-ultrasons-portatifs","9":"first","10":"instock","11":"shipping-taxable","12":"product-type-simple"},"aioseo_notices":[],"_links":{"self":[{"href":"https:\/\/www.dcm-materiel-kine-sport.com\/index.php\/wp-json\/wp\/v2\/product\/3388","targetHints":{"allow":["GET"]}}],"collection":[{"href":"https:\/\/www.dcm-materiel-kine-sport.com\/index.php\/wp-json\/wp\/v2\/product"}],"about":[{"href":"https:\/\/www.dcm-materiel-kine-sport.com\/index.php\/wp-json\/wp\/v2\/types\/product"}],"replies":[{"embeddable":true,"href":"https:\/\/www.dcm-materiel-kine-sport.com\/index.php\/wp-json\/wp\/v2\/comments?post=3388"}],"wp:featuredmedia":[{"embeddable":true,"href":"https:\/\/www.dcm-materiel-kine-sport.com\/index.php\/wp-json\/wp\/v2\/media\/3527"}],"wp:attachment":[{"href":"https:\/\/www.dcm-materiel-kine-sport.com\/index.php\/wp-json\/wp\/v2\/media?parent=3388"}],"wp:term":[{"taxonomy":"product_brand","embeddable":true,"href":"https:\/\/www.dcm-materiel-kine-sport.com\/index.php\/wp-json\/wp\/v2\/product_brand?post=3388"},{"taxonomy":"product_cat","embeddable":true,"href":"https:\/\/www.dcm-materiel-kine-sport.com\/index.php\/wp-json\/wp\/v2\/product_cat?post=3388"},{"taxonomy":"product_tag","embeddable":true,"href":"https:\/\/www.dcm-materiel-kine-sport.com\/index.php\/wp-json\/wp\/v2\/product_tag?post=3388"}],"curies":[{"name":"wp","href":"https:\/\/api.w.org\/{rel}","templated":true}]}}