{"id":3390,"date":"2020-12-20T19:54:54","date_gmt":"2020-12-20T18:54:54","guid":{"rendered":"https:\/\/www.dcm-materiel-kine-sport.com\/?post_type=product&#038;p=3390"},"modified":"2024-03-16T06:32:08","modified_gmt":"2024-03-16T05:32:08","slug":"tapis-roulant-hammer-4329-life-runner-lr16i","status":"publish","type":"product","link":"https:\/\/www.dcm-materiel-kine-sport.com\/index.php\/produit\/tapis-roulant-hammer-4329-life-runner-lr16i\/","title":{"rendered":"Tapis Roulant HAMMER 4329 Life Runner LR16i"},"content":{"rendered":"","protected":false},"excerpt":{"rendered":"<p><img loading=\"lazy\" decoding=\"async\" class=\"alignnone size-medium wp-image-3401\" src=\"https:\/\/www.dcm-materiel-kine-sport.com\/wp-content\/uploads\/2020\/12\/hammer-300x200.png\" alt=\"\" width=\"300\" height=\"200\" \/><\/p>\n<ul>\n<li>Ecran <strong>LCD<\/strong><\/li>\n<li>Puissance moteur: <strong>1,15 cv\u00a0<\/strong><\/li>\n<li>Vitesse:\u00a0<strong>16 km\/h<\/strong> max<\/li>\n<li>Programmes d&rsquo;entra\u00eenement: <strong>18<\/strong><\/li>\n<li>Alimentation \u00e9lectrique:\u00a0<strong>230V, 50Hz<\/strong><\/li>\n<li>Poids d&rsquo;utilisateur max:\u00a0<strong>120 kg<\/strong> &#8211; Pliable<\/li>\n<li><strong>Inclinaison:<\/strong>\u00a0<strong>0-12%<\/strong> par niveau de 1% ajustable automatiquement<\/li>\n<li>Nombre d&rsquo;utilisateurs: <strong>4<\/strong><\/li>\n<li>Programmes de fr\u00e9quence cardiaque contr\u00f4l\u00e9e:\u00a0<strong>4 <\/strong><\/li>\n<li>Impulsion de la main<\/li>\n<li>Dimensions: 171 x 73 x 127 cm<\/li>\n<li>Poids: 69 kg<\/li>\n<\/ul>\n","protected":false},"featured_media":3407,"comment_status":"open","ping_status":"closed","template":"","meta":{"_monsterinsights_skip_tracking":false,"_monsterinsights_sitenote_active":false,"_monsterinsights_sitenote_note":"","_monsterinsights_sitenote_category":0},"product_brand":[],"product_cat":[42,43],"product_tag":[],"class_list":{"0":"post-3390","1":"product","2":"type-product","3":"status-publish","4":"has-post-thumbnail","6":"product_cat-materiels-du-sport","7":"product_cat-tapis-roulants","9":"first","10":"instock","11":"shipping-taxable","12":"product-type-simple"},"aioseo_notices":[],"_links":{"self":[{"href":"https:\/\/www.dcm-materiel-kine-sport.com\/index.php\/wp-json\/wp\/v2\/product\/3390","targetHints":{"allow":["GET"]}}],"collection":[{"href":"https:\/\/www.dcm-materiel-kine-sport.com\/index.php\/wp-json\/wp\/v2\/product"}],"about":[{"href":"https:\/\/www.dcm-materiel-kine-sport.com\/index.php\/wp-json\/wp\/v2\/types\/product"}],"replies":[{"embeddable":true,"href":"https:\/\/www.dcm-materiel-kine-sport.com\/index.php\/wp-json\/wp\/v2\/comments?post=3390"}],"wp:featuredmedia":[{"embeddable":true,"href":"https:\/\/www.dcm-materiel-kine-sport.com\/index.php\/wp-json\/wp\/v2\/media\/3407"}],"wp:attachment":[{"href":"https:\/\/www.dcm-materiel-kine-sport.com\/index.php\/wp-json\/wp\/v2\/media?parent=3390"}],"wp:term":[{"taxonomy":"product_brand","embeddable":true,"href":"https:\/\/www.dcm-materiel-kine-sport.com\/index.php\/wp-json\/wp\/v2\/product_brand?post=3390"},{"taxonomy":"product_cat","embeddable":true,"href":"https:\/\/www.dcm-materiel-kine-sport.com\/index.php\/wp-json\/wp\/v2\/product_cat?post=3390"},{"taxonomy":"product_tag","embeddable":true,"href":"https:\/\/www.dcm-materiel-kine-sport.com\/index.php\/wp-json\/wp\/v2\/product_tag?post=3390"}],"curies":[{"name":"wp","href":"https:\/\/api.w.org\/{rel}","templated":true}]}}