{"id":3413,"date":"2020-12-20T20:31:16","date_gmt":"2020-12-20T19:31:16","guid":{"rendered":"https:\/\/www.dcm-materiel-kine-sport.com\/?post_type=product&#038;p=3413"},"modified":"2020-12-20T20:31:17","modified_gmt":"2020-12-20T19:31:17","slug":"technum-bt","status":"publish","type":"product","link":"https:\/\/www.dcm-materiel-kine-sport.com\/index.php\/produit\/technum-bt\/","title":{"rendered":"Technum BT"},"content":{"rendered":"<h2>FINNLO by HAMMER Tapis de course Technum BT<\/h2>\n<p>Votre coach running personnel. Le tapis de course TECHNUM BT de Finnlo by Hammer poss\u00e8de de nombreuses caract\u00e9ristiques id\u00e9ales pour la course, avec une vitesse de 18 km\/h max. vitesse, 11 programmes de conditionnement physique avec ajustement automatique de pente jusqu&rsquo;\u00e0 12%, une surface de roulement de 142 x 50 cm professionnelle, et trois programmes d&rsquo;impulsion contr\u00f4l\u00e9e pour des s\u00e9ances d&rsquo;entra\u00eenement de course ax\u00e9es sur la sant\u00e9.<br \/>\nLa course est exercice l\u2019un des entra\u00eenements les plus efficaces et polyvalents de cardio-training. Le tapis de course active 75% des muscles du corps et est une option tr\u00e8s efficace afin de br\u00fbler les calories &#8211; il est donc adapat\u00e9 pour une perte de poids ou la r\u00e9duction de graisse.<br \/>\nLa surface de roulement large et super douce du tapis roulant TECHNUM BT de142 x 50 cm absorbe les chocs pour une s\u00e9ance d&rsquo;entra\u00eenement facilit\u00e9 comme si vous courrez dans les bois.<br \/>\nUn m\u00e9canisme de pliage vous permet de plier le tapis roulant \u00e0 une taille minimale de seulement 108 x 80 x 150 cm (L x H x W) et peut \u00eatre facilement d\u00e9plac\u00e9 \u00e0 tout moment et o\u00f9 vous le souhaitez avec les roues de transport.<\/p>\n<h3>NOUVEAUT\u00c9: Divertissement multim\u00e9dia via une console Bluetooth compatible avec des applications<\/h3>\n<p>Avec votre tapis de course Technum BT de FINNLO par HAMMER et la nouvelle connexion Bluetooth, vous exploitez au maximum les possibilit\u00e9s des applications Kinomap, iConsole + et Bitgym et avez acc\u00e8s \u00e0 des pistes de course virtuelles du monde entier. Ainsi, chaque entra\u00eenement devient une exp\u00e9rience live individuelle, avec Bitgym la qualit\u00e9 est notamment en HD. L&rsquo;application Kinomap vous offre une exp\u00e9rience de course particuli\u00e8rement r\u00e9aliste et \u00e9value vos donn\u00e9es de performance telles que la vitesse, la fr\u00e9quence cardiaque et la distance parcourue.<\/p>\n<h3>Caract\u00e9ristiques du Tapis de course TECHNUM BT Finnlo By Hammer<\/h3>\n<ul>\n<li>Vitesse : 18 km\/h<\/li>\n<li>Surface de course : 142 x 50 cm<\/li>\n<li>7 programmes pr\u00e9d\u00e9finis<\/li>\n<li>3 programmes de pouls<\/li>\n<li>Inclinaison : 1 \u2013 12%<\/li>\n<li>Sortie : 1,75 HP<\/li>\n<li>Poign\u00e9es avec contr\u00f4le de la vitesse et l\u2019inclinaison<\/li>\n<li>Mesure de la fr\u00e9quence cardiaque mains<\/li>\n<li>R\u00e9cepteur int\u00e9gr\u00e9 pour la ceinture pectorale (en option)<\/li>\n<li>Cockpit Premium avec un fonctionnement simple et facile \u00e0 utiliser<\/li>\n<li>Haute qualit\u00e9 5 \u00ab\u00a0\u00e9cran LCD affiche la distance, vitesse, calories br\u00fbl\u00e9es, le pouls, et le pic et le profil vall\u00e9e<\/li>\n<li>Entr\u00e9e AUX (musique via un t\u00e9l\u00e9phone \/ Ipod \u2026)<\/li>\n<li>Support bouteille<\/li>\n<li>Support tablette<\/li>\n<li>Bande roulement avec absorption de chocs professionnel<\/li>\n<li>2 roues de transport<\/li>\n<li>Couleur : anthracite<\/li>\n<li>Dimensions: 179 x 80 x 138 cm<\/li>\n<li>Dimensions pli\u00e9: 108 x 80 x 150 cm<\/li>\n<li>Poids : 80 kg<\/li>\n<li>Alimentation: 230 V, 50 Hz<\/li>\n<li>Poids maximum d\u2019utilisateur : 135kg<\/li>\n<\/ul>\n","protected":false},"excerpt":{"rendered":"<p><img loading=\"lazy\" decoding=\"async\" class=\"alignnone size-medium wp-image-3398\" src=\"https:\/\/www.dcm-materiel-kine-sport.com\/wp-content\/uploads\/2020\/12\/finnlo-300x200.png\" alt=\"\" width=\"300\" height=\"200\" \/><\/p>\n<ul>\n<li>Connexion Bluetooth \u00e0 utiliser avec Kinomap, iConsole + et Bitgym<\/li>\n<li>Vitesse jusqu&rsquo;\u00e0 18 km\/h et inclinaison de 0 \u00e0 12% .<\/li>\n<li>7 programmes pr\u00e9d\u00e9finis.<\/li>\n<li>Poign\u00e9es avec contr\u00f4le de la vitesse et l\u2019inclinaison.<\/li>\n<li>Bande de roulement professionnelle avec absorption de chocs.<\/li>\n<\/ul>\n","protected":false},"featured_media":3414,"comment_status":"open","ping_status":"closed","template":"","meta":{"_monsterinsights_skip_tracking":false,"_monsterinsights_sitenote_active":false,"_monsterinsights_sitenote_note":"","_monsterinsights_sitenote_category":0},"product_brand":[],"product_cat":[42,43],"product_tag":[],"class_list":{"0":"post-3413","1":"product","2":"type-product","3":"status-publish","4":"has-post-thumbnail","6":"product_cat-materiels-du-sport","7":"product_cat-tapis-roulants","9":"first","10":"instock","11":"shipping-taxable","12":"product-type-simple"},"aioseo_notices":[],"_links":{"self":[{"href":"https:\/\/www.dcm-materiel-kine-sport.com\/index.php\/wp-json\/wp\/v2\/product\/3413","targetHints":{"allow":["GET"]}}],"collection":[{"href":"https:\/\/www.dcm-materiel-kine-sport.com\/index.php\/wp-json\/wp\/v2\/product"}],"about":[{"href":"https:\/\/www.dcm-materiel-kine-sport.com\/index.php\/wp-json\/wp\/v2\/types\/product"}],"replies":[{"embeddable":true,"href":"https:\/\/www.dcm-materiel-kine-sport.com\/index.php\/wp-json\/wp\/v2\/comments?post=3413"}],"wp:featuredmedia":[{"embeddable":true,"href":"https:\/\/www.dcm-materiel-kine-sport.com\/index.php\/wp-json\/wp\/v2\/media\/3414"}],"wp:attachment":[{"href":"https:\/\/www.dcm-materiel-kine-sport.com\/index.php\/wp-json\/wp\/v2\/media?parent=3413"}],"wp:term":[{"taxonomy":"product_brand","embeddable":true,"href":"https:\/\/www.dcm-materiel-kine-sport.com\/index.php\/wp-json\/wp\/v2\/product_brand?post=3413"},{"taxonomy":"product_cat","embeddable":true,"href":"https:\/\/www.dcm-materiel-kine-sport.com\/index.php\/wp-json\/wp\/v2\/product_cat?post=3413"},{"taxonomy":"product_tag","embeddable":true,"href":"https:\/\/www.dcm-materiel-kine-sport.com\/index.php\/wp-json\/wp\/v2\/product_tag?post=3413"}],"curies":[{"name":"wp","href":"https:\/\/api.w.org\/{rel}","templated":true}]}}