{"id":3419,"date":"2020-12-20T21:44:09","date_gmt":"2020-12-20T20:44:09","guid":{"rendered":"https:\/\/www.dcm-materiel-kine-sport.com\/?post_type=product&#038;p=3419"},"modified":"2024-12-03T16:29:02","modified_gmt":"2024-12-03T15:29:02","slug":"tapis-roulant-zimota-1380cb","status":"publish","type":"product","link":"https:\/\/www.dcm-materiel-kine-sport.com\/index.php\/produit\/tapis-roulant-zimota-1380cb\/","title":{"rendered":"Tapis Roulant Zimota 1380CB"},"content":{"rendered":"<p><strong>Utilisation et console<\/strong><\/p>\n<ul>\n<li>Affichage de la distance, du temps, de la vitesse, des calories consomm\u00e9es et de la fr\u00e9quence cardiaque.<\/li>\n<li>2 positions d&rsquo;inclinaison manuelle ?<\/li>\n<\/ul>\n<p><strong>Particularit\u00e9s<\/strong><\/p>\n<ul>\n<li>Pliable: Syst\u00e8me hydraulique souple<\/li>\n<li>Ecran LCD<\/li>\n<li>12 programmes pr\u00e9r\u00e9gl\u00e9s + 1 manuel de fonctions<\/li>\n<li>Vitesse du tapis : 1.0 \u00e0 13 km\/h<\/li>\n<li>Puissance du moteur en continue : 1.5ch<\/li>\n<li>2 positions inclinables manuellement?<\/li>\n<\/ul>\n<p><strong>Caract\u00e9ristiques:<\/strong><\/p>\n<ul>\n<li>Poids max. d&rsquo;utilisateur : 110 kg<\/li>\n<li>Dimensions (L x l x h) : 100 x 71 x 136 cm<\/li>\n<li>Surface de course : 120 x 42 cm<\/li>\n<li>Couleur : noir &amp; blanc<\/li>\n<\/ul>\n","protected":false},"excerpt":{"rendered":"<ul>\n<li>12 programmes<\/li>\n<li>Vitesse : 1-13 km\/h<\/li>\n<li>Puissance du moteur en continue : 1.5hp \/ 3 chevaux<\/li>\n<li>Ecran LCD: vitesse\/distance\/temps\/calories\/pulsation cardiaque<\/li>\n<li>Pulsation aux poign\u00e9es: acc\u00e9l\u00e9ration\/d\u00e9c\u00e9l\u00e9ration et marche\/arr\u00eat<\/li>\n<li>Surface de course : 120 x 42 cm<\/li>\n<li>Poids max. d&rsquo;utilisateur: 110 kg<\/li>\n<li>Dimensions: 100x71x136 cm<\/li>\n<\/ul>\n","protected":false},"featured_media":3420,"comment_status":"open","ping_status":"closed","template":"","meta":{"_monsterinsights_skip_tracking":false,"_monsterinsights_sitenote_active":false,"_monsterinsights_sitenote_note":"","_monsterinsights_sitenote_category":0},"product_brand":[],"product_cat":[42,43],"product_tag":[],"class_list":{"0":"post-3419","1":"product","2":"type-product","3":"status-publish","4":"has-post-thumbnail","6":"product_cat-materiels-du-sport","7":"product_cat-tapis-roulants","9":"first","10":"instock","11":"shipping-taxable","12":"product-type-simple"},"aioseo_notices":[],"_links":{"self":[{"href":"https:\/\/www.dcm-materiel-kine-sport.com\/index.php\/wp-json\/wp\/v2\/product\/3419","targetHints":{"allow":["GET"]}}],"collection":[{"href":"https:\/\/www.dcm-materiel-kine-sport.com\/index.php\/wp-json\/wp\/v2\/product"}],"about":[{"href":"https:\/\/www.dcm-materiel-kine-sport.com\/index.php\/wp-json\/wp\/v2\/types\/product"}],"replies":[{"embeddable":true,"href":"https:\/\/www.dcm-materiel-kine-sport.com\/index.php\/wp-json\/wp\/v2\/comments?post=3419"}],"wp:featuredmedia":[{"embeddable":true,"href":"https:\/\/www.dcm-materiel-kine-sport.com\/index.php\/wp-json\/wp\/v2\/media\/3420"}],"wp:attachment":[{"href":"https:\/\/www.dcm-materiel-kine-sport.com\/index.php\/wp-json\/wp\/v2\/media?parent=3419"}],"wp:term":[{"taxonomy":"product_brand","embeddable":true,"href":"https:\/\/www.dcm-materiel-kine-sport.com\/index.php\/wp-json\/wp\/v2\/product_brand?post=3419"},{"taxonomy":"product_cat","embeddable":true,"href":"https:\/\/www.dcm-materiel-kine-sport.com\/index.php\/wp-json\/wp\/v2\/product_cat?post=3419"},{"taxonomy":"product_tag","embeddable":true,"href":"https:\/\/www.dcm-materiel-kine-sport.com\/index.php\/wp-json\/wp\/v2\/product_tag?post=3419"}],"curies":[{"name":"wp","href":"https:\/\/api.w.org\/{rel}","templated":true}]}}