{"id":3421,"date":"2020-12-20T23:26:48","date_gmt":"2020-12-20T22:26:48","guid":{"rendered":"https:\/\/www.dcm-materiel-kine-sport.com\/?post_type=product&#038;p=3421"},"modified":"2024-10-26T08:31:58","modified_gmt":"2024-10-26T06:31:58","slug":"tapis-roulant-zimota-1040","status":"publish","type":"product","link":"https:\/\/www.dcm-materiel-kine-sport.com\/index.php\/produit\/tapis-roulant-zimota-1040\/","title":{"rendered":"Tapis Roulant ZIMOTA 1040"},"content":{"rendered":"","protected":false},"excerpt":{"rendered":"<ul>\n<li>Tapis Roulant\u00a0<strong>ZIMOTA<\/strong><\/li>\n<li>Ecran LCD: Vitesse, Distance, Temps, Calories, Pulsation Cardiaque<\/li>\n<li>Moteur DC <strong>1.75 HP<\/strong><\/li>\n<li>12 programmes pr\u00e9r\u00e9gl\u00e9s + 1 manuel<\/li>\n<li>Vitesse entre 1 et 14 KM\/H &#8211; Pulsation aux poign\u00e9es<\/li>\n<li><strong>Sortie MP3<\/strong><\/li>\n<li>Roulettes de transport<\/li>\n<li>Poids Maximum De L&rsquo;utilisateur: 110 Kg<\/li>\n<li>Surface de course <strong>1220&#215;420 mm<\/strong><\/li>\n<li>Couleur\u00a0<strong>Noir &amp; Rouge<\/strong><\/li>\n<\/ul>\n","protected":false},"featured_media":3422,"comment_status":"open","ping_status":"closed","template":"","meta":{"_monsterinsights_skip_tracking":false,"_monsterinsights_sitenote_active":false,"_monsterinsights_sitenote_note":"","_monsterinsights_sitenote_category":0},"product_brand":[],"product_cat":[42,43],"product_tag":[],"class_list":{"0":"post-3421","1":"product","2":"type-product","3":"status-publish","4":"has-post-thumbnail","6":"product_cat-materiels-du-sport","7":"product_cat-tapis-roulants","9":"first","10":"instock","11":"shipping-taxable","12":"product-type-simple"},"aioseo_notices":[],"_links":{"self":[{"href":"https:\/\/www.dcm-materiel-kine-sport.com\/index.php\/wp-json\/wp\/v2\/product\/3421","targetHints":{"allow":["GET"]}}],"collection":[{"href":"https:\/\/www.dcm-materiel-kine-sport.com\/index.php\/wp-json\/wp\/v2\/product"}],"about":[{"href":"https:\/\/www.dcm-materiel-kine-sport.com\/index.php\/wp-json\/wp\/v2\/types\/product"}],"replies":[{"embeddable":true,"href":"https:\/\/www.dcm-materiel-kine-sport.com\/index.php\/wp-json\/wp\/v2\/comments?post=3421"}],"wp:featuredmedia":[{"embeddable":true,"href":"https:\/\/www.dcm-materiel-kine-sport.com\/index.php\/wp-json\/wp\/v2\/media\/3422"}],"wp:attachment":[{"href":"https:\/\/www.dcm-materiel-kine-sport.com\/index.php\/wp-json\/wp\/v2\/media?parent=3421"}],"wp:term":[{"taxonomy":"product_brand","embeddable":true,"href":"https:\/\/www.dcm-materiel-kine-sport.com\/index.php\/wp-json\/wp\/v2\/product_brand?post=3421"},{"taxonomy":"product_cat","embeddable":true,"href":"https:\/\/www.dcm-materiel-kine-sport.com\/index.php\/wp-json\/wp\/v2\/product_cat?post=3421"},{"taxonomy":"product_tag","embeddable":true,"href":"https:\/\/www.dcm-materiel-kine-sport.com\/index.php\/wp-json\/wp\/v2\/product_tag?post=3421"}],"curies":[{"name":"wp","href":"https:\/\/api.w.org\/{rel}","templated":true}]}}