{"id":3440,"date":"2020-12-23T12:02:11","date_gmt":"2020-12-23T11:02:11","guid":{"rendered":"https:\/\/www.dcm-materiel-kine-sport.com\/?post_type=product&#038;p=3440"},"modified":"2020-12-23T22:26:36","modified_gmt":"2020-12-23T21:26:36","slug":"i-tech-ut2","status":"publish","type":"product","link":"https:\/\/www.dcm-materiel-kine-sport.com\/index.php\/produit\/i-tech-ut2\/","title":{"rendered":"Ultrason I-TECH UT2"},"content":{"rendered":"<p>I-TECH UT2 est un appareil professionnel pour ultrasonoth\u00e9rapie dot\u00e9 de deux pogn\u00e9es avec zone irradiante respectivement de 5 cm2 et 1 cm2.<\/p>\n<p>L&rsquo;\u00e9quipement fourni et la possibilit\u00e9 de m\u00e9morisation des param\u00e8tres font de I-TECH UT2 un dispositif extr\u00eamement performant id\u00e9al pour l&rsquo;op\u00e9rateur professionnel<\/p>\n<p>Principales\u00a0 applications :<\/p>\n<ul>\n<li>Tendinites<\/li>\n<li>Bursites<\/li>\n<li>Capsulites<\/li>\n<li>H\u00e9matomes organis\u00e9s et tissus cicatriciels<\/li>\n<li>Contractures musculaires<\/li>\n<li>N\u00e9vralgies<\/li>\n<li>P\u00e9riarthrite<\/li>\n<li>Cervicalgie<\/li>\n<li>Sciatique \/ lombalgies<\/li>\n<li>Tunnel carpal<\/li>\n<li>Epicondylite\/ \u00e9pitrochl\u00e9ite<\/li>\n<li>Contusions<\/li>\n<li>Distorsions<\/li>\n<li>Chondropathie<\/li>\n<li>Crampes<\/li>\n<li>Massage<\/li>\n<li>Cavitation bras\/abdomen \/jambes\/fessiers<\/li>\n<li>Acn\u00e9<\/li>\n<\/ul>\n","protected":false},"excerpt":{"rendered":"<p>Alimentation 100V-240V , 47 HZ-63HZ ,<\/p>\n<p>1.35A avec alimentateur 15 V 3A max .<\/p>\n<ul>\n<li>Temps configurable maximum 30 minutes<\/li>\n<li>Faisceau ultrasonique adapt\u00e9<\/li>\n<li>T\u00e8te (mat\u00e9riel) aluminium<\/li>\n<li>Adapt\u00e9 \u00e0 usages externe et par immersion<\/li>\n<li>Indicateur \u00e0 led correct contact peau\/ t\u00e8te<\/li>\n<li>Dimension appareil 350 mm * 186 mm * 86 mm<\/li>\n<\/ul>\n<p><img loading=\"lazy\" decoding=\"async\" class=\"alignnone size-medium wp-image-3185\" src=\"https:\/\/www.dcm-materiel-kine-sport.com\/wp-content\/uploads\/2020\/11\/fichetechnique-300x172.png\" alt=\"\" width=\"300\" height=\"172\" srcset=\"https:\/\/www.dcm-materiel-kine-sport.com\/wp-content\/uploads\/2020\/11\/fichetechnique-300x172.png 300w, https:\/\/www.dcm-materiel-kine-sport.com\/wp-content\/uploads\/2020\/11\/fichetechnique.png 435w\" sizes=\"auto, (max-width: 300px) 100vw, 300px\" \/><\/p>\n","protected":false},"featured_media":3502,"comment_status":"open","ping_status":"closed","template":"","meta":{"_monsterinsights_skip_tracking":false,"_monsterinsights_sitenote_active":false,"_monsterinsights_sitenote_note":"","_monsterinsights_sitenote_category":0},"product_brand":[],"product_cat":[19,49],"product_tag":[],"class_list":{"0":"post-3440","1":"product","2":"type-product","3":"status-publish","4":"has-post-thumbnail","6":"product_cat-ultrasons","7":"product_cat-ultrasons-professionnels","9":"first","10":"instock","11":"shipping-taxable","12":"product-type-simple"},"aioseo_notices":[],"_links":{"self":[{"href":"https:\/\/www.dcm-materiel-kine-sport.com\/index.php\/wp-json\/wp\/v2\/product\/3440","targetHints":{"allow":["GET"]}}],"collection":[{"href":"https:\/\/www.dcm-materiel-kine-sport.com\/index.php\/wp-json\/wp\/v2\/product"}],"about":[{"href":"https:\/\/www.dcm-materiel-kine-sport.com\/index.php\/wp-json\/wp\/v2\/types\/product"}],"replies":[{"embeddable":true,"href":"https:\/\/www.dcm-materiel-kine-sport.com\/index.php\/wp-json\/wp\/v2\/comments?post=3440"}],"wp:featuredmedia":[{"embeddable":true,"href":"https:\/\/www.dcm-materiel-kine-sport.com\/index.php\/wp-json\/wp\/v2\/media\/3502"}],"wp:attachment":[{"href":"https:\/\/www.dcm-materiel-kine-sport.com\/index.php\/wp-json\/wp\/v2\/media?parent=3440"}],"wp:term":[{"taxonomy":"product_brand","embeddable":true,"href":"https:\/\/www.dcm-materiel-kine-sport.com\/index.php\/wp-json\/wp\/v2\/product_brand?post=3440"},{"taxonomy":"product_cat","embeddable":true,"href":"https:\/\/www.dcm-materiel-kine-sport.com\/index.php\/wp-json\/wp\/v2\/product_cat?post=3440"},{"taxonomy":"product_tag","embeddable":true,"href":"https:\/\/www.dcm-materiel-kine-sport.com\/index.php\/wp-json\/wp\/v2\/product_tag?post=3440"}],"curies":[{"name":"wp","href":"https:\/\/api.w.org\/{rel}","templated":true}]}}