{"id":3532,"date":"2020-12-25T09:52:32","date_gmt":"2020-12-25T08:52:32","guid":{"rendered":"https:\/\/www.dcm-materiel-kine-sport.com\/?post_type=product&#038;p=3532"},"modified":"2023-02-08T14:38:45","modified_gmt":"2023-02-08T13:38:45","slug":"stethoscope-laubry-spengler","status":"publish","type":"product","link":"https:\/\/www.dcm-materiel-kine-sport.com\/index.php\/produit\/stethoscope-laubry-spengler\/","title":{"rendered":"St\u00e9thoscope Laubry spengler"},"content":{"rendered":"","protected":false},"excerpt":{"rendered":"<table id=\"product-attribute-specs-table\" class=\"data-table temp\">\n<tbody>\n<tr class=\"first odd\">\n<th class=\"label\">Marque<\/th>\n<td class=\"data last\">SPENGLER<\/td>\n<\/tr>\n<tr class=\"even\">\n<th class=\"label\">Garantie<\/th>\n<td class=\"data last\">5 ans<\/td>\n<\/tr>\n<tr class=\"odd\">\n<th class=\"label\">Poids<\/th>\n<td class=\"data last\">95 g<\/td>\n<\/tr>\n<tr class=\"even\">\n<th class=\"label\">Pavillon<\/th>\n<td class=\"data last\">Simple<\/td>\n<\/tr>\n<tr class=\"odd\">\n<th class=\"label\">Membrane<\/th>\n<td class=\"data last\">Simple fr\u00e9quence<\/td>\n<\/tr>\n<tr class=\"even\">\n<th class=\"label\">Diam\u00e8tre du pavillon<\/th>\n<td class=\"data last\">45,7 mm<\/td>\n<\/tr>\n<tr class=\"odd\">\n<th class=\"label\">Mati\u00e8re du pavillon<\/th>\n<td class=\"data last\">Alliage de zinc<\/td>\n<\/tr>\n<tr class=\"even\">\n<th class=\"label\">Tubulure<\/th>\n<td class=\"data last\">Simple<\/td>\n<\/tr>\n<tr class=\"odd\">\n<th class=\"label\">Norme<\/th>\n<td class=\"data last\">CE<\/td>\n<\/tr>\n<tr class=\"last even\">\n<th class=\"label\">Destination<\/th>\n<td class=\"data last\">Dispositif m\u00e9dical destin\u00e9 \u00e0 usage m\u00e9dical<\/td>\n<\/tr>\n<\/tbody>\n<\/table>\n","protected":false},"featured_media":3534,"comment_status":"open","ping_status":"closed","template":"","meta":{"_monsterinsights_skip_tracking":false,"_monsterinsights_sitenote_active":false,"_monsterinsights_sitenote_note":"","_monsterinsights_sitenote_category":0},"product_brand":[],"product_cat":[51,53],"product_tag":[],"class_list":{"0":"post-3532","1":"product","2":"type-product","3":"status-publish","4":"has-post-thumbnail","6":"product_cat-diagnostic","7":"product_cat-stethoscopes","9":"first","10":"instock","11":"shipping-taxable","12":"product-type-simple"},"aioseo_notices":[],"_links":{"self":[{"href":"https:\/\/www.dcm-materiel-kine-sport.com\/index.php\/wp-json\/wp\/v2\/product\/3532","targetHints":{"allow":["GET"]}}],"collection":[{"href":"https:\/\/www.dcm-materiel-kine-sport.com\/index.php\/wp-json\/wp\/v2\/product"}],"about":[{"href":"https:\/\/www.dcm-materiel-kine-sport.com\/index.php\/wp-json\/wp\/v2\/types\/product"}],"replies":[{"embeddable":true,"href":"https:\/\/www.dcm-materiel-kine-sport.com\/index.php\/wp-json\/wp\/v2\/comments?post=3532"}],"wp:featuredmedia":[{"embeddable":true,"href":"https:\/\/www.dcm-materiel-kine-sport.com\/index.php\/wp-json\/wp\/v2\/media\/3534"}],"wp:attachment":[{"href":"https:\/\/www.dcm-materiel-kine-sport.com\/index.php\/wp-json\/wp\/v2\/media?parent=3532"}],"wp:term":[{"taxonomy":"product_brand","embeddable":true,"href":"https:\/\/www.dcm-materiel-kine-sport.com\/index.php\/wp-json\/wp\/v2\/product_brand?post=3532"},{"taxonomy":"product_cat","embeddable":true,"href":"https:\/\/www.dcm-materiel-kine-sport.com\/index.php\/wp-json\/wp\/v2\/product_cat?post=3532"},{"taxonomy":"product_tag","embeddable":true,"href":"https:\/\/www.dcm-materiel-kine-sport.com\/index.php\/wp-json\/wp\/v2\/product_tag?post=3532"}],"curies":[{"name":"wp","href":"https:\/\/api.w.org\/{rel}","templated":true}]}}