{"id":3540,"date":"2020-12-25T10:02:22","date_gmt":"2020-12-25T09:02:22","guid":{"rendered":"https:\/\/www.dcm-materiel-kine-sport.com\/?post_type=product&#038;p=3540"},"modified":"2026-01-30T15:13:53","modified_gmt":"2026-01-30T14:13:53","slug":"tensiometre-aneroide-ca-mi-a-100-et-stethoscope","status":"publish","type":"product","link":"https:\/\/www.dcm-materiel-kine-sport.com\/index.php\/produit\/tensiometre-aneroide-ca-mi-a-100-et-stethoscope\/","title":{"rendered":"Tensiom\u00e8tre an\u00e9ro\u00efde CA-MI A-100 et st\u00e9thoscope"},"content":{"rendered":"","protected":false},"excerpt":{"rendered":"<p>Ce tensiom\u00e8tre an\u00e9ro\u00efde A-100\u00a0est accompagn\u00e9 d&rsquo;un st\u00e9thoscope \u00e0 t\u00eate unique.Ce st\u00e9thoscope dispose d&rsquo;une double tubulure.<br \/>\nDimensions\u00a0:<br \/>\nDiam\u00e8tre\u202f: 50\u00a0mm &#8211; Poids\u00a0: 110\u00a0g.<br \/>\nD\u00e9tails du produit\u00a0:<br \/>\nManom\u00e8tre an\u00e9ro\u00efde sans latex &#8211; 40 \u00e0 260\u00a0mmHg &#8211; Affichage jusqu&rsquo;\u00e0 300\u00a0mmHg &#8211; Taille du brassard (adulte)\u00a0: 22 \u00e0 32\u00a0cm.<br \/>\nSt\u00e9thoscope.<br \/>\nSt\u00e9thoscope \u00e0 t\u00eate unique sans later &#8211; Diam\u00e8tre\u00a0: 47\u00a0mm.<br \/>\nContenu\u00a0:<br \/>\nTensiom\u00e8tre, st\u00e9thoscope, sac de rangement, manuel d&rsquo;utilisation (fran\u00e7ais non garanti).<br \/>\nDomaines d\u2019utilisation\u00a0:<br \/>\npour une utilisation priv\u00e9e, pour les h\u00f4pitaux, pour la pratique de la m\u00e9decine g\u00e9n\u00e9rale, pour les services de sauvetage.<\/p>\n","protected":false},"featured_media":3541,"comment_status":"open","ping_status":"closed","template":"","meta":{"_monsterinsights_skip_tracking":false,"_monsterinsights_sitenote_active":false,"_monsterinsights_sitenote_note":"","_monsterinsights_sitenote_category":0},"product_brand":[],"product_cat":[54],"product_tag":[],"class_list":{"0":"post-3540","1":"product","2":"type-product","3":"status-publish","4":"has-post-thumbnail","6":"product_cat-tensiometre","8":"first","9":"instock","10":"shipping-taxable","11":"product-type-simple"},"aioseo_notices":[],"_links":{"self":[{"href":"https:\/\/www.dcm-materiel-kine-sport.com\/index.php\/wp-json\/wp\/v2\/product\/3540","targetHints":{"allow":["GET"]}}],"collection":[{"href":"https:\/\/www.dcm-materiel-kine-sport.com\/index.php\/wp-json\/wp\/v2\/product"}],"about":[{"href":"https:\/\/www.dcm-materiel-kine-sport.com\/index.php\/wp-json\/wp\/v2\/types\/product"}],"replies":[{"embeddable":true,"href":"https:\/\/www.dcm-materiel-kine-sport.com\/index.php\/wp-json\/wp\/v2\/comments?post=3540"}],"wp:featuredmedia":[{"embeddable":true,"href":"https:\/\/www.dcm-materiel-kine-sport.com\/index.php\/wp-json\/wp\/v2\/media\/3541"}],"wp:attachment":[{"href":"https:\/\/www.dcm-materiel-kine-sport.com\/index.php\/wp-json\/wp\/v2\/media?parent=3540"}],"wp:term":[{"taxonomy":"product_brand","embeddable":true,"href":"https:\/\/www.dcm-materiel-kine-sport.com\/index.php\/wp-json\/wp\/v2\/product_brand?post=3540"},{"taxonomy":"product_cat","embeddable":true,"href":"https:\/\/www.dcm-materiel-kine-sport.com\/index.php\/wp-json\/wp\/v2\/product_cat?post=3540"},{"taxonomy":"product_tag","embeddable":true,"href":"https:\/\/www.dcm-materiel-kine-sport.com\/index.php\/wp-json\/wp\/v2\/product_tag?post=3540"}],"curies":[{"name":"wp","href":"https:\/\/api.w.org\/{rel}","templated":true}]}}