{"id":3544,"date":"2020-12-25T10:17:34","date_gmt":"2020-12-25T09:17:34","guid":{"rendered":"https:\/\/www.dcm-materiel-kine-sport.com\/?post_type=product&#038;p=3544"},"modified":"2021-02-27T21:24:48","modified_gmt":"2021-02-27T20:24:48","slug":"jkangh-12-pcs-ventouses-medicales-vide-chinoises-traitement-naturel-with-pump-medicale-massage-des-renforce-systeme-immunitaire-et-favorise-circulation-sanguine","status":"publish","type":"product","link":"https:\/\/www.dcm-materiel-kine-sport.com\/index.php\/produit\/jkangh-12-pcs-ventouses-medicales-vide-chinoises-traitement-naturel-with-pump-medicale-massage-des-renforce-systeme-immunitaire-et-favorise-circulation-sanguine\/","title":{"rendered":"Kit Ventouses 12 pi\u00e8ces"},"content":{"rendered":"<ul class=\"a-unordered-list a-vertical a-spacing-mini\">\n<li><span class=\"a-list-item\">MAT\u00c9RIEL S\u00c9CURITAIRE: qualit\u00e9 non toxiques, inoffensifs, durable tasses en r\u00e9sine m\u00e9dicale avec anti-choc r\u00e9sistant \u00e0 la chaleur. Chaque unit\u00e9 dans le jeu de Emboutissage chinois est durable, et le bord lisse du bombement a la forte adsorption qui peut maintenir longtemps ..<\/span><\/li>\n<li><span class=\"a-list-item\">VACUUM PUMP MAGNETIQUE: La pression d&rsquo;aspiration de la ventouse ensemble fourni par ensemble vide de ventouses peut rel\u00e2cher les muscles, favoriser la circulation sanguine, et des s\u00e9datifs du syst\u00e8me nerveux ..<\/span><\/li>\n<li><span class=\"a-list-item\">DOULEUR: Ventouses ensembles de th\u00e9rapie sont utilis\u00e9s pour soulager le dos, les douleurs du cou et des jambes, les muscles raides, soulager l&rsquo;anxi\u00e9t\u00e9, la fatigue, la migraine, les rhumatismes et m\u00eame la cellulite. lib\u00e9rer des endorphines, favoriser la gu\u00e9rison, am\u00e9liorer le sommeil ..<\/span><\/li>\n<li><span class=\"a-list-item\">Facile \u00e0 utiliser: Vous pouvez utiliser compl\u00e8tement bombement sur votre propre corps sans aucune aide, en particulier dans les zones difficiles \u00e0 atteindre. Dans les zones plus poilues, l&rsquo;utilisation de l&rsquo;huile de massage \/ gel \/ lotion peut parfois aider \u00e0 produire aspiration ..<\/span><\/li>\n<li><span class=\"a-list-item\">AVERTISSEMENT: Apr\u00e8s le traitement bombement il y aura une vari\u00e9t\u00e9 de r\u00e9actions cutan\u00e9es. PAS DE SOUCIS, ces bleus sont g\u00e9n\u00e9ralement indolores et disparaissent en quelques jours de traitement.<\/span><\/li>\n<li><\/li>\n<\/ul>\n","protected":false},"excerpt":{"rendered":"<p>MAT\u00c9RIEL S\u00c9CURITAIRE: qualit\u00e9 non toxiques, inoffensifs, durable tasses en r\u00e9sine m\u00e9dicale avec anti-choc r\u00e9sistant \u00e0 la chaleur. Chaque unit\u00e9 dans le jeu de Emboutissage chinois&#8230;<\/p>\n","protected":false},"featured_media":3545,"comment_status":"open","ping_status":"closed","template":"","meta":{"_monsterinsights_skip_tracking":false,"_monsterinsights_sitenote_active":false,"_monsterinsights_sitenote_note":"","_monsterinsights_sitenote_category":0},"product_brand":[],"product_cat":[56,57],"product_tag":[],"class_list":{"0":"post-3544","1":"product","2":"type-product","3":"status-publish","4":"has-post-thumbnail","6":"product_cat-consommables","7":"product_cat-hijama","9":"first","10":"instock","11":"shipping-taxable","12":"purchasable","13":"product-type-simple"},"aioseo_notices":[],"_links":{"self":[{"href":"https:\/\/www.dcm-materiel-kine-sport.com\/index.php\/wp-json\/wp\/v2\/product\/3544","targetHints":{"allow":["GET"]}}],"collection":[{"href":"https:\/\/www.dcm-materiel-kine-sport.com\/index.php\/wp-json\/wp\/v2\/product"}],"about":[{"href":"https:\/\/www.dcm-materiel-kine-sport.com\/index.php\/wp-json\/wp\/v2\/types\/product"}],"replies":[{"embeddable":true,"href":"https:\/\/www.dcm-materiel-kine-sport.com\/index.php\/wp-json\/wp\/v2\/comments?post=3544"}],"wp:featuredmedia":[{"embeddable":true,"href":"https:\/\/www.dcm-materiel-kine-sport.com\/index.php\/wp-json\/wp\/v2\/media\/3545"}],"wp:attachment":[{"href":"https:\/\/www.dcm-materiel-kine-sport.com\/index.php\/wp-json\/wp\/v2\/media?parent=3544"}],"wp:term":[{"taxonomy":"product_brand","embeddable":true,"href":"https:\/\/www.dcm-materiel-kine-sport.com\/index.php\/wp-json\/wp\/v2\/product_brand?post=3544"},{"taxonomy":"product_cat","embeddable":true,"href":"https:\/\/www.dcm-materiel-kine-sport.com\/index.php\/wp-json\/wp\/v2\/product_cat?post=3544"},{"taxonomy":"product_tag","embeddable":true,"href":"https:\/\/www.dcm-materiel-kine-sport.com\/index.php\/wp-json\/wp\/v2\/product_tag?post=3544"}],"curies":[{"name":"wp","href":"https:\/\/api.w.org\/{rel}","templated":true}]}}