{"id":3546,"date":"2020-12-25T10:20:10","date_gmt":"2020-12-25T09:20:10","guid":{"rendered":"https:\/\/www.dcm-materiel-kine-sport.com\/?post_type=product&#038;p=3546"},"modified":"2024-07-08T14:51:38","modified_gmt":"2024-07-08T12:51:38","slug":"qlgrxwl-boite-de-moxibustiondispositif-de-moxibustion-poreux-en-bamboudispositif-de-moxibustion-de-boite-de-moxibustion-en-bois-portable-10-baton-de-moxae","status":"publish","type":"product","link":"https:\/\/www.dcm-materiel-kine-sport.com\/index.php\/produit\/qlgrxwl-boite-de-moxibustiondispositif-de-moxibustion-poreux-en-bamboudispositif-de-moxibustion-de-boite-de-moxibustion-en-bois-portable-10-baton-de-moxae\/","title":{"rendered":"Bo\u00eete De Moxibustion, Dispositif De Moxibustion"},"content":{"rendered":"<ul class=\"a-unordered-list a-vertical a-spacing-mini\">\n<li><span class=\"a-list-item\">BO\u00ceTE DE MOXIBUSTION: une n\u00e9cessit\u00e9 pour le massage par moxibustion, th\u00e9rapie par moxibustion, qui a un effet merveilleux sur la relaxation, le rajeunissement de la peau, le soulagement des poches de fatigue, les cernes<\/span><\/li>\n<li><span class=\"a-list-item\">COUVERCLE COULISSANT: plus stable et plus difficile \u00e0 tomber, conception des boutons, r\u00e9glage de la longueur de la sangle en fonction de l&rsquo;utilisation, facilit\u00e9 d&rsquo;utilisation<\/span><\/li>\n<li><span class=\"a-list-item\">MAT\u00c9RIAU DE HAUTE QUALIT\u00c9: qui est s\u00fbr, ex\u00e9cution exquise, pas facile \u00e0 rayer les gens, respectueux de l&rsquo;environnement et durable.Convient pour contenir des rouleaux de moxa de diff\u00e9rentes tailles, il convient pour tenir des b\u00e2tons de rouleau de moxa<\/span><\/li>\n<li><span class=\"a-list-item\">STRUCTURE EN FORME DE TOUR: bon pour la conservation de la temp\u00e9rature dans la bo\u00eete, r\u00e9duire la perte de chaleur, mat\u00e9riau en fer r\u00e9sistant aux hautes temp\u00e9ratures, am\u00e9liorer la r\u00e9sistance \u00e0 la chaleur et au feu, augmenter la s\u00e9curit\u00e9<\/span><\/li>\n<li><span class=\"a-list-item\">ADAPT\u00c9 \u00c0 LA FOULE: pour les personnes qui ont souffert de p\u00e9riarthrite scapulo-hum\u00e9rale, d&rsquo;inconfort au cou, de maux d&rsquo;estomac, de r\u00e8gles irr\u00e9guli\u00e8res, d&rsquo;arthralgie, de lumbago, d&rsquo;ost\u00e9oprolif\u00e9ration, de toux, de maux d&rsquo;estomac, de paralysie faciale et de crampes, de cernes et de plaques cutan\u00e9es, etc.<\/span><\/li>\n<li><\/li>\n<\/ul>\n","protected":false},"excerpt":{"rendered":"<p>BO\u00ceTE DE MOXIBUSTION: une n\u00e9cessit\u00e9 pour le massage par moxibustion, th\u00e9rapie par moxibustion, qui a un effet merveilleux sur la relaxation, le rajeunissement de la&#8230;<\/p>\n","protected":false},"featured_media":3547,"comment_status":"open","ping_status":"closed","template":"","meta":{"_monsterinsights_skip_tracking":false,"_monsterinsights_sitenote_active":false,"_monsterinsights_sitenote_note":"","_monsterinsights_sitenote_category":0},"product_brand":[],"product_cat":[56,57],"product_tag":[],"class_list":{"0":"post-3546","1":"product","2":"type-product","3":"status-publish","4":"has-post-thumbnail","6":"product_cat-consommables","7":"product_cat-hijama","9":"first","10":"instock","11":"shipping-taxable","12":"product-type-simple"},"aioseo_notices":[],"_links":{"self":[{"href":"https:\/\/www.dcm-materiel-kine-sport.com\/index.php\/wp-json\/wp\/v2\/product\/3546","targetHints":{"allow":["GET"]}}],"collection":[{"href":"https:\/\/www.dcm-materiel-kine-sport.com\/index.php\/wp-json\/wp\/v2\/product"}],"about":[{"href":"https:\/\/www.dcm-materiel-kine-sport.com\/index.php\/wp-json\/wp\/v2\/types\/product"}],"replies":[{"embeddable":true,"href":"https:\/\/www.dcm-materiel-kine-sport.com\/index.php\/wp-json\/wp\/v2\/comments?post=3546"}],"wp:featuredmedia":[{"embeddable":true,"href":"https:\/\/www.dcm-materiel-kine-sport.com\/index.php\/wp-json\/wp\/v2\/media\/3547"}],"wp:attachment":[{"href":"https:\/\/www.dcm-materiel-kine-sport.com\/index.php\/wp-json\/wp\/v2\/media?parent=3546"}],"wp:term":[{"taxonomy":"product_brand","embeddable":true,"href":"https:\/\/www.dcm-materiel-kine-sport.com\/index.php\/wp-json\/wp\/v2\/product_brand?post=3546"},{"taxonomy":"product_cat","embeddable":true,"href":"https:\/\/www.dcm-materiel-kine-sport.com\/index.php\/wp-json\/wp\/v2\/product_cat?post=3546"},{"taxonomy":"product_tag","embeddable":true,"href":"https:\/\/www.dcm-materiel-kine-sport.com\/index.php\/wp-json\/wp\/v2\/product_tag?post=3546"}],"curies":[{"name":"wp","href":"https:\/\/api.w.org\/{rel}","templated":true}]}}