{"id":3550,"date":"2020-12-25T10:24:50","date_gmt":"2020-12-25T09:24:50","guid":{"rendered":"https:\/\/www.dcm-materiel-kine-sport.com\/?post_type=product&#038;p=3550"},"modified":"2020-12-29T07:42:58","modified_gmt":"2020-12-29T06:42:58","slug":"qlgrxwl-patch-de-moxibustionpatch-de-moxibustion-portable-a-la-maisonbase-de-bougie-auto-adhesiveutilise-pour-soulager-les-douleurs-au-coua-la-taille-et-aux-jambes-60-pieces","status":"publish","type":"product","link":"https:\/\/www.dcm-materiel-kine-sport.com\/index.php\/produit\/qlgrxwl-patch-de-moxibustionpatch-de-moxibustion-portable-a-la-maisonbase-de-bougie-auto-adhesiveutilise-pour-soulager-les-douleurs-au-coua-la-taille-et-aux-jambes-60-pieces\/","title":{"rendered":"Patch De Moxibustion"},"content":{"rendered":"<ul class=\"a-unordered-list a-vertical a-spacing-mini\">\n<li><span class=\"a-list-item\">\u2605 MOXIBUSTION: une n\u00e9cessit\u00e9 pour le massage par moxibustion, th\u00e9rapie par moxibustion, qui a un effet merveilleux sur la relaxation, le rajeunissement de la peau, le soulagement des sacs de fatigue, des cernes<\/span><\/li>\n<li><span class=\"a-list-item\">\u2605 OP\u00c9RATION SIMPLE : Pour passer un bon moment avec votre famille, si vous l&rsquo;aimez, aidez-la \u00e0 faire la moxibustion. l&rsquo;op\u00e9ration de contr\u00f4le est simple et claire, pratique et sans souci pour les personnes \u00e2g\u00e9es.<\/span><\/li>\n<li><span class=\"a-list-item\">\u2605 MAT\u00c9RIAU DE HAUTE QUALIT\u00c9: qui est s\u00fbr, ex\u00e9cution exquise, pas facile \u00e0 rayer les gens, respectueux de l&rsquo;environnement et durable.Convient pour contenir des rouleaux de moxa de diff\u00e9rentes tailles, il convient pour tenir des b\u00e2tons de rouleau de moxa<\/span><\/li>\n<li><span class=\"a-list-item\">\u2605 STRUCTURE EN FORME DE TOUR: bon pour la conservation de la temp\u00e9rature dans la bo\u00eete, r\u00e9duire la perte de chaleur, mat\u00e9riau en fer r\u00e9sistant aux hautes temp\u00e9ratures, am\u00e9liorer la r\u00e9sistance \u00e0 la chaleur et au feu, augmenter la s\u00e9curit\u00e9<\/span><\/li>\n<\/ul>\n","protected":false},"excerpt":{"rendered":"<ul class=\"a-unordered-list a-vertical a-spacing-mini\">\n<li><span class=\"a-list-item\">\u2605 ADAPT\u00c9 \u00c0 LA FOULE: pour les personnes qui ont souffert de p\u00e9riarthrite scapulo-hum\u00e9rale, d&rsquo;inconfort au cou, de maux d&rsquo;estomac, de r\u00e8gles irr\u00e9guli\u00e8res, d&rsquo;arthralgie, de lumbago, d&rsquo;ost\u00e9oprolif\u00e9ration, de toux, de maux d&rsquo;estomac, de paralysie faciale et de crampes, de cernes et de plaques cutan\u00e9es, etc.<\/span><\/li>\n<\/ul>\n","protected":false},"featured_media":3551,"comment_status":"open","ping_status":"closed","template":"","meta":{"_monsterinsights_skip_tracking":false,"_monsterinsights_sitenote_active":false,"_monsterinsights_sitenote_note":"","_monsterinsights_sitenote_category":0},"product_brand":[],"product_cat":[56,57],"product_tag":[],"class_list":{"0":"post-3550","1":"product","2":"type-product","3":"status-publish","4":"has-post-thumbnail","6":"product_cat-consommables","7":"product_cat-hijama","9":"first","10":"instock","11":"shipping-taxable","12":"product-type-simple"},"aioseo_notices":[],"_links":{"self":[{"href":"https:\/\/www.dcm-materiel-kine-sport.com\/index.php\/wp-json\/wp\/v2\/product\/3550","targetHints":{"allow":["GET"]}}],"collection":[{"href":"https:\/\/www.dcm-materiel-kine-sport.com\/index.php\/wp-json\/wp\/v2\/product"}],"about":[{"href":"https:\/\/www.dcm-materiel-kine-sport.com\/index.php\/wp-json\/wp\/v2\/types\/product"}],"replies":[{"embeddable":true,"href":"https:\/\/www.dcm-materiel-kine-sport.com\/index.php\/wp-json\/wp\/v2\/comments?post=3550"}],"wp:featuredmedia":[{"embeddable":true,"href":"https:\/\/www.dcm-materiel-kine-sport.com\/index.php\/wp-json\/wp\/v2\/media\/3551"}],"wp:attachment":[{"href":"https:\/\/www.dcm-materiel-kine-sport.com\/index.php\/wp-json\/wp\/v2\/media?parent=3550"}],"wp:term":[{"taxonomy":"product_brand","embeddable":true,"href":"https:\/\/www.dcm-materiel-kine-sport.com\/index.php\/wp-json\/wp\/v2\/product_brand?post=3550"},{"taxonomy":"product_cat","embeddable":true,"href":"https:\/\/www.dcm-materiel-kine-sport.com\/index.php\/wp-json\/wp\/v2\/product_cat?post=3550"},{"taxonomy":"product_tag","embeddable":true,"href":"https:\/\/www.dcm-materiel-kine-sport.com\/index.php\/wp-json\/wp\/v2\/product_tag?post=3550"}],"curies":[{"name":"wp","href":"https:\/\/api.w.org\/{rel}","templated":true}]}}