{"id":3565,"date":"2020-12-25T20:58:47","date_gmt":"2020-12-25T19:58:47","guid":{"rendered":"https:\/\/www.dcm-materiel-kine-sport.com\/?post_type=product&#038;p=3565"},"modified":"2020-12-25T21:00:02","modified_gmt":"2020-12-25T20:00:02","slug":"tensiometre-au-bras-parlant-bm-49-de-beurer","status":"publish","type":"product","link":"https:\/\/www.dcm-materiel-kine-sport.com\/index.php\/produit\/tensiometre-au-bras-parlant-bm-49-de-beurer\/","title":{"rendered":"Tensiom\u00e8tre au bras parlant BM 49 de Beurer"},"content":{"rendered":"","protected":false},"excerpt":{"rendered":"<p>Le tensiom\u00e8tre parlant pour le bras propose plusieurs lectures des r\u00e9sultats de mesure\u00a0: affichage ou fonction vocale. Le volume est r\u00e9glable et, si n\u00e9cessaire, la fonction vocale peut \u00eatre d\u00e9sactiv\u00e9e.<\/p>\n<ul>\n<li>Avec haut-parleur int\u00e9gr\u00e9<\/li>\n<li>Mesure enti\u00e8rement automatique de la tension art\u00e9rielle et du pouls au niveau du bras<\/li>\n<li>Fonction vocale\u00a0: D, F, I, NL<\/li>\n<li>Volume sonore r\u00e9glable, voix d\u00e9sactivable<\/li>\n<li>\u00d8 de toutes les valeurs de mesure enregistr\u00e9es<\/li>\n<li>\u00d8 de la tension du matin et du soir des 7\u00a0derniers jours<\/li>\n<li>\u00c9cran XL \u00e0 r\u00e9tro\u00e9clairage bleu tr\u00e8s lisible<\/li>\n<li>2\u00a0x\u00a060\u00a0emplacements de m\u00e9moire<\/li>\n<li>Indicateur de risque<\/li>\n<li>D\u00e9pistage de larythmie<\/li>\n<li>Produit m\u00e9dical<\/li>\n<li>Pour un tour de bras de 22 \u00e0 36\u00a0cm<\/li>\n<li>Date et heure\/arr\u00eat automatique<\/li>\n<li>Message en cas derreur dutilisation<\/li>\n<li>Indicateur de changement des piles<\/li>\n<li>Pochette de rangement<\/li>\n<li>Manchette XL (35 *44 cm) disponible en accessoire<\/li>\n<li>Adaptateur disponible s\u00e9par\u00e9ment<\/li>\n<\/ul>\n","protected":false},"featured_media":3566,"comment_status":"open","ping_status":"closed","template":"","meta":{"_monsterinsights_skip_tracking":false,"_monsterinsights_sitenote_active":false,"_monsterinsights_sitenote_note":"","_monsterinsights_sitenote_category":0},"product_brand":[],"product_cat":[51,54],"product_tag":[],"class_list":{"0":"post-3565","1":"product","2":"type-product","3":"status-publish","4":"has-post-thumbnail","6":"product_cat-diagnostic","7":"product_cat-tensiometre","9":"first","10":"instock","11":"shipping-taxable","12":"product-type-simple"},"aioseo_notices":[],"_links":{"self":[{"href":"https:\/\/www.dcm-materiel-kine-sport.com\/index.php\/wp-json\/wp\/v2\/product\/3565","targetHints":{"allow":["GET"]}}],"collection":[{"href":"https:\/\/www.dcm-materiel-kine-sport.com\/index.php\/wp-json\/wp\/v2\/product"}],"about":[{"href":"https:\/\/www.dcm-materiel-kine-sport.com\/index.php\/wp-json\/wp\/v2\/types\/product"}],"replies":[{"embeddable":true,"href":"https:\/\/www.dcm-materiel-kine-sport.com\/index.php\/wp-json\/wp\/v2\/comments?post=3565"}],"wp:featuredmedia":[{"embeddable":true,"href":"https:\/\/www.dcm-materiel-kine-sport.com\/index.php\/wp-json\/wp\/v2\/media\/3566"}],"wp:attachment":[{"href":"https:\/\/www.dcm-materiel-kine-sport.com\/index.php\/wp-json\/wp\/v2\/media?parent=3565"}],"wp:term":[{"taxonomy":"product_brand","embeddable":true,"href":"https:\/\/www.dcm-materiel-kine-sport.com\/index.php\/wp-json\/wp\/v2\/product_brand?post=3565"},{"taxonomy":"product_cat","embeddable":true,"href":"https:\/\/www.dcm-materiel-kine-sport.com\/index.php\/wp-json\/wp\/v2\/product_cat?post=3565"},{"taxonomy":"product_tag","embeddable":true,"href":"https:\/\/www.dcm-materiel-kine-sport.com\/index.php\/wp-json\/wp\/v2\/product_tag?post=3565"}],"curies":[{"name":"wp","href":"https:\/\/api.w.org\/{rel}","templated":true}]}}