{"id":3629,"date":"2020-12-26T15:24:21","date_gmt":"2020-12-26T14:24:21","guid":{"rendered":"https:\/\/www.dcm-materiel-kine-sport.com\/?post_type=product&#038;p=3629"},"modified":"2020-12-29T07:31:12","modified_gmt":"2020-12-29T06:31:12","slug":"titiz-distributeur-de-savon-et-shampoing-gel-assainissant-1000-ml","status":"publish","type":"product","link":"https:\/\/www.dcm-materiel-kine-sport.com\/index.php\/produit\/titiz-distributeur-de-savon-et-shampoing-gel-assainissant-1000-ml\/","title":{"rendered":"Titiz Distributeur"},"content":{"rendered":"","protected":false},"excerpt":{"rendered":"<div id=\"featurebullets_feature_div\" class=\"celwidget\" data-feature-name=\"featurebullets\" data-csa-c-id=\"dzokpx-91fxja-f4a5rs-cpifli\" data-cel-widget=\"featurebullets_feature_div\">\n<div id=\"feature-bullets\" class=\"a-section a-spacing-medium a-spacing-top-small\">\n<ul class=\"a-unordered-list a-vertical a-spacing-mini\">\n<li><span class=\"a-list-item\">Convient pour : savon liquide, lotion pour le corps, shampooing, nettoyant et ainsi de suite. Plus d&rsquo;espace peut \u00eatre utilis\u00e9 \u2013 Parfait pour une utilisation dans les salles de bains, cuisines, bureaux, \u00e9coles, a\u00e9roports, h\u00f4tes, restaurants et autres lieux publics. Tr\u00e8s amusant \u2013 vous trouverez vos enfants comme vous, et maintenant ils n&rsquo;oublieront pas le lavage de leurs mains, c&rsquo;est beaucoup plus efficace que les souvenirs de maman.<\/span><\/li>\n<\/ul>\n<\/div>\n<\/div>\n<div id=\"customerReviewsAttribute_feature_div\" class=\"celwidget\" data-feature-name=\"customerReviewsAttribute\" data-csa-c-id=\"3dxsy2-78bavs-kyym9w-mc0kyw\" data-cel-widget=\"customerReviewsAttribute_feature_div\"><\/div>\n<div id=\"addOnItem_feature_div\" class=\"celwidget\" data-feature-name=\"addOnItem\" data-csa-c-id=\"p56bqp-u1g8ky-509557-1nbi0n\" data-cel-widget=\"addOnItem_feature_div\"><\/div>\n<div id=\"andonCord_feature_div\" class=\"celwidget\" data-feature-name=\"andonCord\" data-csa-c-id=\"90bk6y-8di1z-pjfuh2-41u6cm\" data-cel-widget=\"andonCord_feature_div\">\n<div id=\"featurebullets_feature_div\" class=\"celwidget\" data-feature-name=\"featurebullets\" data-csa-c-id=\"dzokpx-91fxja-f4a5rs-cpifli\" data-cel-widget=\"featurebullets_feature_div\">\n<div id=\"feature-bullets\" class=\"a-section a-spacing-medium a-spacing-top-small\">\n<ul class=\"a-unordered-list a-vertical a-spacing-mini\">\n<li><span class=\"a-list-item\">Convient pour : savon liquide, lotion pour le corps, shampooing, nettoyant et ainsi de suite. Plus d&rsquo;espace peut \u00eatre utilis\u00e9 \u2013 Parfait pour une utilisation dans les salles de bains, cuisines, bureaux, \u00e9coles, a\u00e9roports, h\u00f4tes, restaurants et autres lieux publics. Tr\u00e8s amusant \u2013 vous trouverez vos enfants comme vous, et maintenant ils n&rsquo;oublieront pas le lavage de leurs mains, c&rsquo;est beaucoup plus efficace que les souvenirs de maman.<\/span><\/li>\n<\/ul>\n<\/div>\n<\/div>\n<div id=\"customerReviewsAttribute_feature_div\" class=\"celwidget\" data-feature-name=\"customerReviewsAttribute\" data-csa-c-id=\"3dxsy2-78bavs-kyym9w-mc0kyw\" data-cel-widget=\"customerReviewsAttribute_feature_div\"><\/div>\n<div id=\"addOnItem_feature_div\" class=\"celwidget\" data-feature-name=\"addOnItem\" data-csa-c-id=\"p56bqp-u1g8ky-509557-1nbi0n\" data-cel-widget=\"addOnItem_feature_div\"><\/div>\n<div id=\"andonCord_feature_div\" class=\"celwidget\" data-feature-name=\"andonCord\" data-csa-c-id=\"90bk6y-8di1z-pjfuh2-41u6cm\" data-cel-widget=\"andonCord_feature_div\"><\/div>\n<div id=\"HLCXComparisonJumplink_feature_div\">\n<div id=\"featurebullets_feature_div\" class=\"celwidget\" data-feature-name=\"featurebullets\" data-csa-c-id=\"dzokpx-91fxja-f4a5rs-cpifli\" data-cel-widget=\"featurebullets_feature_div\">\n<div id=\"feature-bullets\" class=\"a-section a-spacing-medium a-spacing-top-small\">\n<ul class=\"a-unordered-list a-vertical a-spacing-mini\">\n<li><span class=\"a-list-item\">Convient pour : savon liquide, lotion pour le corps, shampooing, nettoyant et ainsi de suite. Plus d&rsquo;espace peut \u00eatre utilis\u00e9 \u2013 Parfait pour une utilisation dans les salles de bains, cuisines, bureaux, \u00e9coles, a\u00e9roports, h\u00f4tes, restaurants et autres lieux publics. Tr\u00e8s amusant \u2013 vous trouverez vos enfants comme vous, et maintenant ils n&rsquo;oublieront pas le lavage de leurs mains, c&rsquo;est beaucoup plus efficace que les souvenirs de maman.<\/span><\/li>\n<\/ul>\n<\/div>\n<\/div>\n<div id=\"customerReviewsAttribute_feature_div\" class=\"celwidget\" data-feature-name=\"customerReviewsAttribute\" data-csa-c-id=\"3dxsy2-78bavs-kyym9w-mc0kyw\" data-cel-widget=\"customerReviewsAttribute_feature_div\"><\/div>\n<div id=\"addOnItem_feature_div\" class=\"celwidget\" data-feature-name=\"addOnItem\" data-csa-c-id=\"p56bqp-u1g8ky-509557-1nbi0n\" data-cel-widget=\"addOnItem_feature_div\"><\/div>\n<div id=\"andonCord_feature_div\" class=\"celwidget\" data-feature-name=\"andonCord\" data-csa-c-id=\"90bk6y-8di1z-pjfuh2-41u6cm\" data-cel-widget=\"andonCord_feature_div\">\n<div id=\"featurebullets_feature_div\" class=\"celwidget\" data-feature-name=\"featurebullets\" data-csa-c-id=\"dzokpx-91fxja-f4a5rs-cpifli\" data-cel-widget=\"featurebullets_feature_div\">\n<div id=\"feature-bullets\" class=\"a-section a-spacing-medium a-spacing-top-small\">\n<ul class=\"a-unordered-list a-vertical a-spacing-mini\">\n<li><span class=\"a-list-item\">Convient pour : savon liquide, lotion pour le corps, shampooing, nettoyant et ainsi de suite. Plus d&rsquo;espace peut \u00eatre utilis\u00e9 \u2013 Parfait pour une utilisation dans les salles de bains, cuisines, bureaux, \u00e9coles, a\u00e9roports, h\u00f4tes, restaurants et autres lieux publics. Tr\u00e8s amusant \u2013 vous trouverez vos enfants comme vous, et maintenant ils n&rsquo;oublieront pas le lavage de leurs mains, c&rsquo;est beaucoup plus efficace que les souvenirs de maman.<\/span><\/li>\n<\/ul>\n<\/div>\n<\/div>\n<div id=\"customerReviewsAttribute_feature_div\" class=\"celwidget\" data-feature-name=\"customerReviewsAttribute\" data-csa-c-id=\"3dxsy2-78bavs-kyym9w-mc0kyw\" data-cel-widget=\"customerReviewsAttribute_feature_div\"><\/div>\n<div id=\"addOnItem_feature_div\" class=\"celwidget\" data-feature-name=\"addOnItem\" data-csa-c-id=\"p56bqp-u1g8ky-509557-1nbi0n\" data-cel-widget=\"addOnItem_feature_div\"><\/div>\n<div id=\"HLCXComparisonJumplink_feature_div\">&#8211; Convient pour : savon liquide, lotion pour le corps, shampooing, nettoyant et ainsi de suite. Plus d&rsquo;espace peut \u00eatre utilis\u00e9 \u2013 Parfait pour une utilisation dans les salles de bains, cuisines, bureaux, \u00e9coles, a\u00e9roports, h\u00f4tes, restaurants et autres lieux publics. Tr\u00e8s amusant \u2013 vous trouverez vos enfants comme vous, et maintenant ils n&rsquo;oublieront pas le lavage de leurs mains, c&rsquo;est beaucoup plus efficace que les souvenirs de maman.<\/div>\n<div id=\"newerVersion_feature_div\" class=\"celwidget\" data-feature-name=\"newerVersion\" data-csa-c-id=\"7tftmz-8uvdom-4khn8a-vy1ma0\" data-cel-widget=\"newerVersion_feature_div\"><\/div>\n<div id=\"valuePick_feature_div\" class=\"celwidget\" data-feature-name=\"valuePick\" data-csa-c-id=\"huiig3-yson2p-246z62-zc8ufe\" data-cel-widget=\"valuePick_feature_div\"><\/div>\n<div id=\"certifiedRefurbishedVersion_feature_div\" class=\"celwidget\" data-feature-name=\"certifiedRefurbishedVersion\" data-csa-c-id=\"grjf1s-i9hsqv-7d5u7l-nt9a1q\" data-cel-widget=\"certifiedRefurbishedVersion_feature_div\"><\/div>\n<div id=\"whiteGloveMessage_feature_div\" class=\"celwidget\" data-feature-name=\"whiteGloveMessage\" data-csa-c-id=\"yr5jhx-8tebp3-btx8y8-8f4yu0\" data-cel-widget=\"whiteGloveMessage_feature_div\"><\/div>\n<div id=\"productAlert_feature_div\" class=\"celwidget\" data-feature-name=\"productAlert\" data-csa-c-id=\"o4itg4-ky5chq-i3lj61-jkr2w9\" data-cel-widget=\"productAlert_feature_div\"><\/div>\n<\/div>\n<div id=\"HLCXComparisonJumplink_feature_div\"><\/div>\n<div id=\"edpIngress_feature_div\" class=\"celwidget\" data-feature-name=\"edpIngress\" data-csa-c-id=\"w08xzz-2jez1p-d1z63w-w03lue\" data-cel-widget=\"edpIngress_feature_div\"><\/div>\n<div id=\"newerVersion_feature_div\" class=\"celwidget\" data-feature-name=\"newerVersion\" data-csa-c-id=\"7tftmz-8uvdom-4khn8a-vy1ma0\" data-cel-widget=\"newerVersion_feature_div\"><\/div>\n<div id=\"valuePick_feature_div\" class=\"celwidget\" data-feature-name=\"valuePick\" data-csa-c-id=\"huiig3-yson2p-246z62-zc8ufe\" data-cel-widget=\"valuePick_feature_div\"><\/div>\n<div id=\"certifiedRefurbishedVersion_feature_div\" class=\"celwidget\" data-feature-name=\"certifiedRefurbishedVersion\" data-csa-c-id=\"grjf1s-i9hsqv-7d5u7l-nt9a1q\" data-cel-widget=\"certifiedRefurbishedVersion_feature_div\"><\/div>\n<div id=\"whiteGloveMessage_feature_div\" class=\"celwidget\" data-feature-name=\"whiteGloveMessage\" data-csa-c-id=\"yr5jhx-8tebp3-btx8y8-8f4yu0\" data-cel-widget=\"whiteGloveMessage_feature_div\"><\/div>\n<div id=\"productAlert_feature_div\" class=\"celwidget\" data-feature-name=\"productAlert\" data-csa-c-id=\"o4itg4-ky5chq-i3lj61-jkr2w9\" data-cel-widget=\"productAlert_feature_div\"><\/div>\n<\/div>\n<div id=\"edpIngress_feature_div\" class=\"celwidget\" data-feature-name=\"edpIngress\" data-csa-c-id=\"w08xzz-2jez1p-d1z63w-w03lue\" data-cel-widget=\"edpIngress_feature_div\"><\/div>\n<div id=\"newerVersion_feature_div\" class=\"celwidget\" data-feature-name=\"newerVersion\" data-csa-c-id=\"7tftmz-8uvdom-4khn8a-vy1ma0\" data-cel-widget=\"newerVersion_feature_div\"><\/div>\n<div id=\"valuePick_feature_div\" class=\"celwidget\" data-feature-name=\"valuePick\" data-csa-c-id=\"huiig3-yson2p-246z62-zc8ufe\" data-cel-widget=\"valuePick_feature_div\"><\/div>\n<div id=\"certifiedRefurbishedVersion_feature_div\" class=\"celwidget\" data-feature-name=\"certifiedRefurbishedVersion\" data-csa-c-id=\"grjf1s-i9hsqv-7d5u7l-nt9a1q\" data-cel-widget=\"certifiedRefurbishedVersion_feature_div\"><\/div>\n<div id=\"whiteGloveMessage_feature_div\" class=\"celwidget\" data-feature-name=\"whiteGloveMessage\" data-csa-c-id=\"yr5jhx-8tebp3-btx8y8-8f4yu0\" data-cel-widget=\"whiteGloveMessage_feature_div\"><\/div>\n<div id=\"productAlert_feature_div\" class=\"celwidget\" data-feature-name=\"productAlert\" data-csa-c-id=\"o4itg4-ky5chq-i3lj61-jkr2w9\" data-cel-widget=\"productAlert_feature_div\"><\/div>\n<\/div>\n<div id=\"HLCXComparisonJumplink_feature_div\"><\/div>\n<div id=\"edpIngress_feature_div\" class=\"celwidget\" data-feature-name=\"edpIngress\" data-csa-c-id=\"w08xzz-2jez1p-d1z63w-w03lue\" data-cel-widget=\"edpIngress_feature_div\"><\/div>\n<div id=\"newerVersion_feature_div\" class=\"celwidget\" data-feature-name=\"newerVersion\" data-csa-c-id=\"7tftmz-8uvdom-4khn8a-vy1ma0\" data-cel-widget=\"newerVersion_feature_div\"><\/div>\n<div id=\"valuePick_feature_div\" class=\"celwidget\" data-feature-name=\"valuePick\" data-csa-c-id=\"huiig3-yson2p-246z62-zc8ufe\" data-cel-widget=\"valuePick_feature_div\"><\/div>\n<div id=\"certifiedRefurbishedVersion_feature_div\" class=\"celwidget\" data-feature-name=\"certifiedRefurbishedVersion\" data-csa-c-id=\"grjf1s-i9hsqv-7d5u7l-nt9a1q\" data-cel-widget=\"certifiedRefurbishedVersion_feature_div\"><\/div>\n<div id=\"whiteGloveMessage_feature_div\" class=\"celwidget\" data-feature-name=\"whiteGloveMessage\" data-csa-c-id=\"yr5jhx-8tebp3-btx8y8-8f4yu0\" data-cel-widget=\"whiteGloveMessage_feature_div\"><\/div>\n<div id=\"productAlert_feature_div\" class=\"celwidget\" data-feature-name=\"productAlert\" data-csa-c-id=\"o4itg4-ky5chq-i3lj61-jkr2w9\" data-cel-widget=\"productAlert_feature_div\"><\/div>\n","protected":false},"featured_media":3630,"comment_status":"open","ping_status":"closed","template":"","meta":{"_monsterinsights_skip_tracking":false,"_monsterinsights_sitenote_active":false,"_monsterinsights_sitenote_note":"","_monsterinsights_sitenote_category":0},"product_brand":[],"product_cat":[56,61],"product_tag":[],"class_list":{"0":"post-3629","1":"product","2":"type-product","3":"status-publish","4":"has-post-thumbnail","6":"product_cat-consommables","7":"product_cat-hygiene","9":"first","10":"instock","11":"shipping-taxable","12":"product-type-simple"},"aioseo_notices":[],"_links":{"self":[{"href":"https:\/\/www.dcm-materiel-kine-sport.com\/index.php\/wp-json\/wp\/v2\/product\/3629","targetHints":{"allow":["GET"]}}],"collection":[{"href":"https:\/\/www.dcm-materiel-kine-sport.com\/index.php\/wp-json\/wp\/v2\/product"}],"about":[{"href":"https:\/\/www.dcm-materiel-kine-sport.com\/index.php\/wp-json\/wp\/v2\/types\/product"}],"replies":[{"embeddable":true,"href":"https:\/\/www.dcm-materiel-kine-sport.com\/index.php\/wp-json\/wp\/v2\/comments?post=3629"}],"wp:featuredmedia":[{"embeddable":true,"href":"https:\/\/www.dcm-materiel-kine-sport.com\/index.php\/wp-json\/wp\/v2\/media\/3630"}],"wp:attachment":[{"href":"https:\/\/www.dcm-materiel-kine-sport.com\/index.php\/wp-json\/wp\/v2\/media?parent=3629"}],"wp:term":[{"taxonomy":"product_brand","embeddable":true,"href":"https:\/\/www.dcm-materiel-kine-sport.com\/index.php\/wp-json\/wp\/v2\/product_brand?post=3629"},{"taxonomy":"product_cat","embeddable":true,"href":"https:\/\/www.dcm-materiel-kine-sport.com\/index.php\/wp-json\/wp\/v2\/product_cat?post=3629"},{"taxonomy":"product_tag","embeddable":true,"href":"https:\/\/www.dcm-materiel-kine-sport.com\/index.php\/wp-json\/wp\/v2\/product_tag?post=3629"}],"curies":[{"name":"wp","href":"https:\/\/api.w.org\/{rel}","templated":true}]}}