{"id":3636,"date":"2020-12-26T15:37:58","date_gmt":"2020-12-26T14:37:58","guid":{"rendered":"https:\/\/www.dcm-materiel-kine-sport.com\/?post_type=product&#038;p=3636"},"modified":"2024-03-25T03:44:57","modified_gmt":"2024-03-25T02:44:57","slug":"bavette-lavable","status":"publish","type":"product","link":"https:\/\/www.dcm-materiel-kine-sport.com\/index.php\/produit\/bavette-lavable\/","title":{"rendered":"Bavette lavable"},"content":{"rendered":"","protected":false},"excerpt":{"rendered":"<p>Bavette lavable conforme au cahier de charge\u00a0<strong>COVID-19<\/strong><\/p>\n<ul>\n<li>Filtration garantie<\/li>\n<li>Masque peut \u00eatre lav\u00e9 10 fois<\/li>\n<\/ul>\n<p>&#8211; Portez ce masque quand vous \u00eates en contact avec d&rsquo;autres personnes.<\/p>\n<p>&#8211; V\u00e9rifiez toujours que le masque est bien ajust\u00e9 et couvre votre bouche et votre nez.<\/p>\n<p>&#8211; Attention : si vous etes malade, ce masque n&rsquo;est pas adapt\u00e9. Demandez l&rsquo;avis de votre m\u00e9decin.<\/p>\n<p>Ce masque a d\u00e9montr\u00e9 une efficacit\u00e9 de filtration sup\u00e9rieur \u00e0 99% pour des particules de 3 micrones \u00e9mises par la personne portant le masque.<\/p>\n<p>La respirabilit\u00e9 du masque a \u00e9t\u00e9 mesur\u00e9e \u00e0&gt; 96 L.m-2.s-1 et doit permettre son port une dur\u00e9e de 4h.<\/p>\n","protected":false},"featured_media":3637,"comment_status":"open","ping_status":"closed","template":"","meta":{"_monsterinsights_skip_tracking":false,"_monsterinsights_sitenote_active":false,"_monsterinsights_sitenote_note":"","_monsterinsights_sitenote_category":0},"product_brand":[],"product_cat":[56,62],"product_tag":[],"class_list":{"0":"post-3636","1":"product","2":"type-product","3":"status-publish","4":"has-post-thumbnail","6":"product_cat-consommables","7":"product_cat-protection","9":"first","10":"instock","11":"shipping-taxable","12":"product-type-simple"},"aioseo_notices":[],"_links":{"self":[{"href":"https:\/\/www.dcm-materiel-kine-sport.com\/index.php\/wp-json\/wp\/v2\/product\/3636","targetHints":{"allow":["GET"]}}],"collection":[{"href":"https:\/\/www.dcm-materiel-kine-sport.com\/index.php\/wp-json\/wp\/v2\/product"}],"about":[{"href":"https:\/\/www.dcm-materiel-kine-sport.com\/index.php\/wp-json\/wp\/v2\/types\/product"}],"replies":[{"embeddable":true,"href":"https:\/\/www.dcm-materiel-kine-sport.com\/index.php\/wp-json\/wp\/v2\/comments?post=3636"}],"wp:featuredmedia":[{"embeddable":true,"href":"https:\/\/www.dcm-materiel-kine-sport.com\/index.php\/wp-json\/wp\/v2\/media\/3637"}],"wp:attachment":[{"href":"https:\/\/www.dcm-materiel-kine-sport.com\/index.php\/wp-json\/wp\/v2\/media?parent=3636"}],"wp:term":[{"taxonomy":"product_brand","embeddable":true,"href":"https:\/\/www.dcm-materiel-kine-sport.com\/index.php\/wp-json\/wp\/v2\/product_brand?post=3636"},{"taxonomy":"product_cat","embeddable":true,"href":"https:\/\/www.dcm-materiel-kine-sport.com\/index.php\/wp-json\/wp\/v2\/product_cat?post=3636"},{"taxonomy":"product_tag","embeddable":true,"href":"https:\/\/www.dcm-materiel-kine-sport.com\/index.php\/wp-json\/wp\/v2\/product_tag?post=3636"}],"curies":[{"name":"wp","href":"https:\/\/api.w.org\/{rel}","templated":true}]}}