{"id":3767,"date":"2020-12-28T14:26:07","date_gmt":"2020-12-28T13:26:07","guid":{"rendered":"https:\/\/www.dcm-materiel-kine-sport.com\/?post_type=product&#038;p=3767"},"modified":"2025-05-05T18:07:06","modified_gmt":"2025-05-05T16:07:06","slug":"espalier-10-barreaux","status":"publish","type":"product","link":"https:\/\/www.dcm-materiel-kine-sport.com\/index.php\/produit\/espalier-10-barreaux\/","title":{"rendered":"Espalier 10 barreaux"},"content":{"rendered":"","protected":false},"excerpt":{"rendered":"<ul>\n<li>10 barreaux d\u00e9cal\u00e9s pour plus de confort au niveau du bassin et des \u00e9paules<\/li>\n<li>Barres \u00e9loign\u00e9es du mur pour plus de confort<\/li>\n<li>\u00c9chelons conformes \u00e0 la norme pour solidit\u00e9 et pr\u00e9hension optimum<\/li>\n<li>Dimensions : 231 x 80 cm<\/li>\n<li>Passage pour plinthes : \u00e9vite le bricolage<\/li>\n<li>Montage facile<\/li>\n<li>Fixation dans traverses : plus r\u00e9sistant et plus discret<\/li>\n<li>Montants : \u00e9pic\u00e9a des Vosges<\/li>\n<li>\u00c9chelons : h\u00eatre de Bourgogne profil oblong<\/li>\n<\/ul>\n","protected":false},"featured_media":3768,"comment_status":"open","ping_status":"closed","template":"","meta":{"_monsterinsights_skip_tracking":false,"_monsterinsights_sitenote_active":false,"_monsterinsights_sitenote_note":"","_monsterinsights_sitenote_category":0},"product_brand":[],"product_cat":[33,48],"product_tag":[],"class_list":{"0":"post-3767","1":"product","2":"type-product","3":"status-publish","4":"has-post-thumbnail","6":"product_cat-poulietherapie","7":"product_cat-reeducation","9":"first","10":"instock","11":"shipping-taxable","12":"product-type-simple"},"aioseo_notices":[],"_links":{"self":[{"href":"https:\/\/www.dcm-materiel-kine-sport.com\/index.php\/wp-json\/wp\/v2\/product\/3767","targetHints":{"allow":["GET"]}}],"collection":[{"href":"https:\/\/www.dcm-materiel-kine-sport.com\/index.php\/wp-json\/wp\/v2\/product"}],"about":[{"href":"https:\/\/www.dcm-materiel-kine-sport.com\/index.php\/wp-json\/wp\/v2\/types\/product"}],"replies":[{"embeddable":true,"href":"https:\/\/www.dcm-materiel-kine-sport.com\/index.php\/wp-json\/wp\/v2\/comments?post=3767"}],"wp:featuredmedia":[{"embeddable":true,"href":"https:\/\/www.dcm-materiel-kine-sport.com\/index.php\/wp-json\/wp\/v2\/media\/3768"}],"wp:attachment":[{"href":"https:\/\/www.dcm-materiel-kine-sport.com\/index.php\/wp-json\/wp\/v2\/media?parent=3767"}],"wp:term":[{"taxonomy":"product_brand","embeddable":true,"href":"https:\/\/www.dcm-materiel-kine-sport.com\/index.php\/wp-json\/wp\/v2\/product_brand?post=3767"},{"taxonomy":"product_cat","embeddable":true,"href":"https:\/\/www.dcm-materiel-kine-sport.com\/index.php\/wp-json\/wp\/v2\/product_cat?post=3767"},{"taxonomy":"product_tag","embeddable":true,"href":"https:\/\/www.dcm-materiel-kine-sport.com\/index.php\/wp-json\/wp\/v2\/product_tag?post=3767"}],"curies":[{"name":"wp","href":"https:\/\/api.w.org\/{rel}","templated":true}]}}