{"id":4306,"date":"2023-02-02T14:02:45","date_gmt":"2023-02-02T13:02:45","guid":{"rendered":"https:\/\/www.dcm-materiel-kine-sport.com\/?post_type=product&#038;p=4306"},"modified":"2025-07-24T09:55:42","modified_gmt":"2025-07-24T07:55:42","slug":"machine-de-massage-tens-a-6-canaux-de-sortie-appareil-de-sante-multifonctionnel-relaxation-du-corps-acupuncture-stimulation-massage-des-pieds","status":"publish","type":"product","link":"https:\/\/www.dcm-materiel-kine-sport.com\/index.php\/produit\/machine-de-massage-tens-a-6-canaux-de-sortie-appareil-de-sante-multifonctionnel-relaxation-du-corps-acupuncture-stimulation-massage-des-pieds\/","title":{"rendered":"Electrostimulateur d&rsquo;Acupuncture"},"content":{"rendered":"<div><strong data-spm-anchor-id=\"a2g0o.detail.1000023.i4.6506699dMFT7Uj\">Application:<\/strong><\/div>\n<div>1. Am\u00e9liorer la qualit\u00e9 du sommeil<\/div>\n<div><span data-spm-anchor-id=\"a2g0o.detail.1000023.i0.6506699dMFT7Uj\">2. \u00c9limination de la fatigue physique caus\u00e9e par un travail de longue dur\u00e9e<\/span><\/div>\n<div data-spm-anchor-id=\"a2g0o.detail.1000023.i1.6506699dMFT7Uj\">3. Nettoyage du m\u00e9ridien relaxant les muscles et les articulations<\/div>\n<div data-spm-anchor-id=\"a2g0o.detail.1000023.i2.6506699dMFT7Uj\">4. Soulagement de la douleur am\u00e9liorer l&rsquo;immunit\u00e9 humaine<\/div>\n<div>5. Tenir \u00e0 l&rsquo;\u00e9cart de la sous-sant\u00e9<\/div>\n<div>6. Am\u00e9liorer le syst\u00e8me de circulation du corps<\/div>\n<div><\/div>\n<div><strong>Donn\u00e9es techniques:<\/strong><\/div>\n<div>1. Onde d&rsquo;impulsion de sortie: onde d&rsquo;impulsion bidirectionnelle asym\u00e9trique comprenant des ondes continues, discontinues et in\u00e9gales.<\/div>\n<div>2. Canaux d&rsquo;impulsion de sortie: 6 canaux<\/div>\n<div>3. Fr\u00e9quence d&rsquo;impulsion de sortie: onde continue: 1-100Hz r\u00e9glable en continu.<\/div>\n<div>Onde discontinue: fr\u00e9quence continue 1-100Hz r\u00e9glable en continu.<\/div>\n<div>Dur\u00e9e de l&rsquo;onde d\u00e9coup\u00e9e: 10 secondes, dur\u00e9e de l&rsquo;onde continue: 30 secondes<\/div>\n<div>Onde in\u00e9gale: la fr\u00e9quence d&rsquo;onde l\u00e2che est de 1\/5 d&rsquo;onde dense, fr\u00e9quence d&rsquo;onde Dense: 5-100Hz r\u00e9glable, la dur\u00e9e d&rsquo;onde l\u00e2che est de 10 secondes, la dyration d&rsquo;onde dense est de 15 secondes<\/div>\n<div>4. Largeur d&rsquo;impulsion de sortie: 0-50V r\u00e9glable (charge 500ohm)<\/div>\n<div>5. Largeur d&rsquo;impulsion de sortie: 0.2ms<\/div>\n<div>6. Puissance: DC9V<\/div>\n<div>7. 360x255x95mm (nouveau)<\/div>\n<div><\/div>\n<div><\/div>\n","protected":false},"excerpt":{"rendered":"<p>SDZ-II stimulateur de nerf et de Muscle est combin\u00e9 avec une nouvelle technique de micro-ordinateur moderne, Acupuncture de m\u00e9decine traditionnelle chinoise et th\u00e9orie de jing-luo, et bas\u00e9 sur la s\u00e9rie trditionnelle HWATO SDZ d&rsquo;instruments de traitement d&rsquo;acupuncture \u00e9lectronique, assembler le traitement d&rsquo;acupuncture \u00e9lectronique et remplacer le massage artificiel.<\/p>\n","protected":false},"featured_media":7759,"comment_status":"open","ping_status":"closed","template":"","meta":{"_monsterinsights_skip_tracking":false,"_monsterinsights_sitenote_active":false,"_monsterinsights_sitenote_note":"","_monsterinsights_sitenote_category":0},"product_brand":[],"product_cat":[41,63],"product_tag":[],"class_list":{"0":"post-4306","1":"product","2":"type-product","3":"status-publish","4":"has-post-thumbnail","6":"product_cat-electrostimulateurs","7":"product_cat-electrostimulation","9":"first","10":"instock","11":"shipping-taxable","12":"purchasable","13":"product-type-simple"},"aioseo_notices":[],"_links":{"self":[{"href":"https:\/\/www.dcm-materiel-kine-sport.com\/index.php\/wp-json\/wp\/v2\/product\/4306","targetHints":{"allow":["GET"]}}],"collection":[{"href":"https:\/\/www.dcm-materiel-kine-sport.com\/index.php\/wp-json\/wp\/v2\/product"}],"about":[{"href":"https:\/\/www.dcm-materiel-kine-sport.com\/index.php\/wp-json\/wp\/v2\/types\/product"}],"replies":[{"embeddable":true,"href":"https:\/\/www.dcm-materiel-kine-sport.com\/index.php\/wp-json\/wp\/v2\/comments?post=4306"}],"wp:featuredmedia":[{"embeddable":true,"href":"https:\/\/www.dcm-materiel-kine-sport.com\/index.php\/wp-json\/wp\/v2\/media\/7759"}],"wp:attachment":[{"href":"https:\/\/www.dcm-materiel-kine-sport.com\/index.php\/wp-json\/wp\/v2\/media?parent=4306"}],"wp:term":[{"taxonomy":"product_brand","embeddable":true,"href":"https:\/\/www.dcm-materiel-kine-sport.com\/index.php\/wp-json\/wp\/v2\/product_brand?post=4306"},{"taxonomy":"product_cat","embeddable":true,"href":"https:\/\/www.dcm-materiel-kine-sport.com\/index.php\/wp-json\/wp\/v2\/product_cat?post=4306"},{"taxonomy":"product_tag","embeddable":true,"href":"https:\/\/www.dcm-materiel-kine-sport.com\/index.php\/wp-json\/wp\/v2\/product_tag?post=4306"}],"curies":[{"name":"wp","href":"https:\/\/api.w.org\/{rel}","templated":true}]}}