{"id":4380,"date":"2023-11-09T13:50:58","date_gmt":"2023-11-09T12:50:58","guid":{"rendered":"https:\/\/www.dcm-materiel-kine-sport.com\/?post_type=product&#038;p=4380"},"modified":"2025-05-31T20:31:26","modified_gmt":"2025-05-31T18:31:26","slug":"membrane-cryopad-membrane-pour-traitements-de-cryolipolyse","status":"publish","type":"product","link":"https:\/\/www.dcm-materiel-kine-sport.com\/index.php\/produit\/membrane-cryopad-membrane-pour-traitements-de-cryolipolyse\/","title":{"rendered":"Membrane Cryopad pour traitements de cryolipolyse"},"content":{"rendered":"","protected":false},"excerpt":{"rendered":"<ul>\n<li>La membrane antigel est indispensable pour r\u00e9aliser un traitement de cryolipolyse<\/li>\n<li>Cette membrane est impr\u00e9gn\u00e9e de gel antigel et prot\u00e8ge la peau des r\u00e9actions au froid<\/li>\n<li>Pour plus de s\u00e9curit\u00e9 et de confort apr\u00e8s la s\u00e9ance, enrichi d&rsquo;un complexe hydratant, adoucissant, apaisant et r\u00e9parateur (acide hyaluronique + allanto\u00efne + panth\u00e9nol + aloe vera + collag\u00e8ne).<\/li>\n<li>Perfect pour le CryoPad<\/li>\n<\/ul>\n","protected":false},"featured_media":4383,"comment_status":"open","ping_status":"closed","template":"","meta":{"_monsterinsights_skip_tracking":false,"_monsterinsights_sitenote_active":false,"_monsterinsights_sitenote_note":"","_monsterinsights_sitenote_category":0},"product_brand":[],"product_cat":[95,83],"product_tag":[],"class_list":{"0":"post-4380","1":"product","2":"type-product","3":"status-publish","4":"has-post-thumbnail","6":"product_cat-esthetique","7":"product_cat-promotion","9":"first","10":"instock","11":"sale","12":"shipping-taxable","13":"purchasable","14":"product-type-simple"},"aioseo_notices":[],"_links":{"self":[{"href":"https:\/\/www.dcm-materiel-kine-sport.com\/index.php\/wp-json\/wp\/v2\/product\/4380","targetHints":{"allow":["GET"]}}],"collection":[{"href":"https:\/\/www.dcm-materiel-kine-sport.com\/index.php\/wp-json\/wp\/v2\/product"}],"about":[{"href":"https:\/\/www.dcm-materiel-kine-sport.com\/index.php\/wp-json\/wp\/v2\/types\/product"}],"replies":[{"embeddable":true,"href":"https:\/\/www.dcm-materiel-kine-sport.com\/index.php\/wp-json\/wp\/v2\/comments?post=4380"}],"wp:featuredmedia":[{"embeddable":true,"href":"https:\/\/www.dcm-materiel-kine-sport.com\/index.php\/wp-json\/wp\/v2\/media\/4383"}],"wp:attachment":[{"href":"https:\/\/www.dcm-materiel-kine-sport.com\/index.php\/wp-json\/wp\/v2\/media?parent=4380"}],"wp:term":[{"taxonomy":"product_brand","embeddable":true,"href":"https:\/\/www.dcm-materiel-kine-sport.com\/index.php\/wp-json\/wp\/v2\/product_brand?post=4380"},{"taxonomy":"product_cat","embeddable":true,"href":"https:\/\/www.dcm-materiel-kine-sport.com\/index.php\/wp-json\/wp\/v2\/product_cat?post=4380"},{"taxonomy":"product_tag","embeddable":true,"href":"https:\/\/www.dcm-materiel-kine-sport.com\/index.php\/wp-json\/wp\/v2\/product_tag?post=4380"}],"curies":[{"name":"wp","href":"https:\/\/api.w.org\/{rel}","templated":true}]}}