{"id":4424,"date":"2023-11-17T11:37:36","date_gmt":"2023-11-17T10:37:36","guid":{"rendered":"https:\/\/www.dcm-materiel-kine-sport.com\/?post_type=product&#038;p=4424"},"modified":"2024-02-27T12:43:40","modified_gmt":"2024-02-27T11:43:40","slug":"closed-knee-support","status":"publish","type":"product","link":"https:\/\/www.dcm-materiel-kine-sport.com\/index.php\/produit\/closed-knee-support\/","title":{"rendered":"GENOUILL\u00c8RE FERM\u00c9E"},"content":{"rendered":"","protected":false},"excerpt":{"rendered":"<p>Il est fabriqu\u00e9 en tissu n\u00e9opr\u00e8ne respirant. L\u2019\u00e9tanch\u00e9it\u00e9 peut \u00eatre ajust\u00e9e \u00e0 l\u2019aide de la bande avant. L\u2019articulation soulage la douleur en r\u00e9duisant la charge sur l\u2019articulation. Gr\u00e2ce au mat\u00e9riau n\u00e9opr\u00e8ne, il maintient la temp\u00e9rature corporelle, augmente la circulation sanguine et acc\u00e9l\u00e8re le m\u00e9tabolisme. La compression qu\u2019il applique pr\u00e9vient l\u2019\u0153d\u00e8me.<\/p>\n<p><strong>INDICATIONS<\/strong><br \/>\n1-Arthrose.<br \/>\n2-Augmentation du liquide intra-articulaire.<br \/>\n3-Douleur au genou.<br \/>\n4- Protection post-op\u00e9ratoire et r\u00e9\u00e9ducation.<br \/>\n5-Protection lors d\u2019activit\u00e9s sportives.<br \/>\n6-Lorsque la chaleur et la compression sont requises.<\/p>\n","protected":false},"featured_media":4537,"comment_status":"open","ping_status":"closed","template":"","meta":{"_monsterinsights_skip_tracking":false,"_monsterinsights_sitenote_active":false,"_monsterinsights_sitenote_note":"","_monsterinsights_sitenote_category":0},"product_brand":[],"product_cat":[133,100],"product_tag":[],"class_list":{"0":"post-4424","1":"product","2":"type-product","3":"status-publish","4":"has-post-thumbnail","6":"product_cat-cheville-et-pied","7":"product_cat-orthopedique","9":"first","10":"instock","11":"shipping-taxable","12":"product-type-simple"},"aioseo_notices":[],"_links":{"self":[{"href":"https:\/\/www.dcm-materiel-kine-sport.com\/index.php\/wp-json\/wp\/v2\/product\/4424","targetHints":{"allow":["GET"]}}],"collection":[{"href":"https:\/\/www.dcm-materiel-kine-sport.com\/index.php\/wp-json\/wp\/v2\/product"}],"about":[{"href":"https:\/\/www.dcm-materiel-kine-sport.com\/index.php\/wp-json\/wp\/v2\/types\/product"}],"replies":[{"embeddable":true,"href":"https:\/\/www.dcm-materiel-kine-sport.com\/index.php\/wp-json\/wp\/v2\/comments?post=4424"}],"wp:featuredmedia":[{"embeddable":true,"href":"https:\/\/www.dcm-materiel-kine-sport.com\/index.php\/wp-json\/wp\/v2\/media\/4537"}],"wp:attachment":[{"href":"https:\/\/www.dcm-materiel-kine-sport.com\/index.php\/wp-json\/wp\/v2\/media?parent=4424"}],"wp:term":[{"taxonomy":"product_brand","embeddable":true,"href":"https:\/\/www.dcm-materiel-kine-sport.com\/index.php\/wp-json\/wp\/v2\/product_brand?post=4424"},{"taxonomy":"product_cat","embeddable":true,"href":"https:\/\/www.dcm-materiel-kine-sport.com\/index.php\/wp-json\/wp\/v2\/product_cat?post=4424"},{"taxonomy":"product_tag","embeddable":true,"href":"https:\/\/www.dcm-materiel-kine-sport.com\/index.php\/wp-json\/wp\/v2\/product_tag?post=4424"}],"curies":[{"name":"wp","href":"https:\/\/api.w.org\/{rel}","templated":true}]}}