{"id":4429,"date":"2023-11-17T11:53:01","date_gmt":"2023-11-17T10:53:01","guid":{"rendered":"https:\/\/www.dcm-materiel-kine-sport.com\/?post_type=product&#038;p=4429"},"modified":"2024-11-11T04:16:15","modified_gmt":"2024-11-11T03:16:15","slug":"patella-ligament-knee-support","status":"publish","type":"product","link":"https:\/\/www.dcm-materiel-kine-sport.com\/index.php\/produit\/patella-ligament-knee-support\/","title":{"rendered":"Genouill\u00e8re Ligamentaire"},"content":{"rendered":"","protected":false},"excerpt":{"rendered":"<p>Il est fabriqu\u00e9 en tissu n\u00e9opr\u00e8ne. La circonf\u00e9rence de la rotule est ouverte et soutenue par un coussinet. Gr\u00e2ce aux ballets souples sur les c\u00f4t\u00e9s, il soulage la charge sur le genou. Le mat\u00e9riau en n\u00e9opr\u00e8ne maintient la temp\u00e9rature corporelle, acc\u00e9l\u00e8re la circulation sanguine et acc\u00e9l\u00e8re le temps de r\u00e9cup\u00e9ration.<\/p>\n<p>&nbsp;<\/p>\n<p>INDICATIONS<\/p>\n<p>1-Augmentation du liquide intra-articulaire.<br \/>\n2-Arthrite, bursite.<br \/>\n3-Douleur \u00e0 la rotule.<br \/>\n4-Flambement au premier degr\u00e9 et instabilit\u00e9 ligamentaire.<br \/>\n5-Protection postop\u00e9ratoire.<\/p>\n","protected":false},"featured_media":4564,"comment_status":"open","ping_status":"closed","template":"","meta":{"_monsterinsights_skip_tracking":false,"_monsterinsights_sitenote_active":false,"_monsterinsights_sitenote_note":"","_monsterinsights_sitenote_category":0},"product_brand":[],"product_cat":[133,100],"product_tag":[],"class_list":{"0":"post-4429","1":"product","2":"type-product","3":"status-publish","4":"has-post-thumbnail","6":"product_cat-cheville-et-pied","7":"product_cat-orthopedique","9":"first","10":"instock","11":"shipping-taxable","12":"product-type-simple"},"aioseo_notices":[],"_links":{"self":[{"href":"https:\/\/www.dcm-materiel-kine-sport.com\/index.php\/wp-json\/wp\/v2\/product\/4429","targetHints":{"allow":["GET"]}}],"collection":[{"href":"https:\/\/www.dcm-materiel-kine-sport.com\/index.php\/wp-json\/wp\/v2\/product"}],"about":[{"href":"https:\/\/www.dcm-materiel-kine-sport.com\/index.php\/wp-json\/wp\/v2\/types\/product"}],"replies":[{"embeddable":true,"href":"https:\/\/www.dcm-materiel-kine-sport.com\/index.php\/wp-json\/wp\/v2\/comments?post=4429"}],"wp:featuredmedia":[{"embeddable":true,"href":"https:\/\/www.dcm-materiel-kine-sport.com\/index.php\/wp-json\/wp\/v2\/media\/4564"}],"wp:attachment":[{"href":"https:\/\/www.dcm-materiel-kine-sport.com\/index.php\/wp-json\/wp\/v2\/media?parent=4429"}],"wp:term":[{"taxonomy":"product_brand","embeddable":true,"href":"https:\/\/www.dcm-materiel-kine-sport.com\/index.php\/wp-json\/wp\/v2\/product_brand?post=4429"},{"taxonomy":"product_cat","embeddable":true,"href":"https:\/\/www.dcm-materiel-kine-sport.com\/index.php\/wp-json\/wp\/v2\/product_cat?post=4429"},{"taxonomy":"product_tag","embeddable":true,"href":"https:\/\/www.dcm-materiel-kine-sport.com\/index.php\/wp-json\/wp\/v2\/product_tag?post=4429"}],"curies":[{"name":"wp","href":"https:\/\/api.w.org\/{rel}","templated":true}]}}