{"id":4453,"date":"2023-11-20T11:41:37","date_gmt":"2023-11-20T10:41:37","guid":{"rendered":"https:\/\/www.dcm-materiel-kine-sport.com\/?post_type=product&#038;p=4453"},"modified":"2024-03-05T10:54:14","modified_gmt":"2024-03-05T09:54:14","slug":"colier-cervical-sans-appui","status":"publish","type":"product","link":"https:\/\/www.dcm-materiel-kine-sport.com\/index.php\/produit\/colier-cervical-sans-appui\/","title":{"rendered":"COLLIER CERVICAL SANS MENTON"},"content":{"rendered":"","protected":false},"excerpt":{"rendered":"<p>Il contient la r\u00e9gion cervicale et assure l\u2019immobilisation.<\/p>\n<p>Il est fabriqu\u00e9 en plastique et recouvert de cuir artificiel.<\/p>\n<p>Le r\u00e9glage de la hauteur du cou peut \u00eatre effectu\u00e9.<\/p>\n<p>Incluez le menton pour limiter la flexion.<\/p>\n<p>&nbsp;<\/p>\n<p>INDICATIONS<\/p>\n<p>1-Pour les douleurs cervicales.<\/p>\n<p>2-Hernie discale.<\/p>\n<p>3-Sapport de la vert\u00e8bre cervicale.<\/p>\n<p>4-Spasme des muscles cervicaux.<\/p>\n","protected":false},"featured_media":5284,"comment_status":"open","ping_status":"closed","template":"","meta":{"_monsterinsights_skip_tracking":false,"_monsterinsights_sitenote_active":false,"_monsterinsights_sitenote_note":"","_monsterinsights_sitenote_category":0},"product_brand":[],"product_cat":[127,100],"product_tag":[],"class_list":{"0":"post-4453","1":"product","2":"type-product","3":"status-publish","4":"has-post-thumbnail","6":"product_cat-collier-cervical","7":"product_cat-orthopedique","9":"first","10":"instock","11":"shipping-taxable","12":"purchasable","13":"product-type-simple"},"aioseo_notices":[],"_links":{"self":[{"href":"https:\/\/www.dcm-materiel-kine-sport.com\/index.php\/wp-json\/wp\/v2\/product\/4453","targetHints":{"allow":["GET"]}}],"collection":[{"href":"https:\/\/www.dcm-materiel-kine-sport.com\/index.php\/wp-json\/wp\/v2\/product"}],"about":[{"href":"https:\/\/www.dcm-materiel-kine-sport.com\/index.php\/wp-json\/wp\/v2\/types\/product"}],"replies":[{"embeddable":true,"href":"https:\/\/www.dcm-materiel-kine-sport.com\/index.php\/wp-json\/wp\/v2\/comments?post=4453"}],"wp:featuredmedia":[{"embeddable":true,"href":"https:\/\/www.dcm-materiel-kine-sport.com\/index.php\/wp-json\/wp\/v2\/media\/5284"}],"wp:attachment":[{"href":"https:\/\/www.dcm-materiel-kine-sport.com\/index.php\/wp-json\/wp\/v2\/media?parent=4453"}],"wp:term":[{"taxonomy":"product_brand","embeddable":true,"href":"https:\/\/www.dcm-materiel-kine-sport.com\/index.php\/wp-json\/wp\/v2\/product_brand?post=4453"},{"taxonomy":"product_cat","embeddable":true,"href":"https:\/\/www.dcm-materiel-kine-sport.com\/index.php\/wp-json\/wp\/v2\/product_cat?post=4453"},{"taxonomy":"product_tag","embeddable":true,"href":"https:\/\/www.dcm-materiel-kine-sport.com\/index.php\/wp-json\/wp\/v2\/product_tag?post=4453"}],"curies":[{"name":"wp","href":"https:\/\/api.w.org\/{rel}","templated":true}]}}