{"id":4462,"date":"2023-11-20T12:02:46","date_gmt":"2023-11-20T11:02:46","guid":{"rendered":"https:\/\/www.dcm-materiel-kine-sport.com\/?post_type=product&#038;p=4462"},"modified":"2024-03-05T11:30:32","modified_gmt":"2024-03-05T10:30:32","slug":"velpo-bandage","status":"publish","type":"product","link":"https:\/\/www.dcm-materiel-kine-sport.com\/index.php\/produit\/velpo-bandage\/","title":{"rendered":"Velpau Bandage"},"content":{"rendered":"","protected":false},"excerpt":{"rendered":"<p>La surface int\u00e9rieure est faite de tissu de serviette et d\u2019\u00e9ponge. Il permet l\u2019immobilisation de l\u2019\u00e9paule et du haut du bras en abduction. Le bandage enroul\u00e9 autour de la poitrine augmente la stabilit\u00e9. Gr\u00e2ce \u00e0 sa conception fonctionnelle, il permet de contr\u00f4ler facilement le patient en ouvrant le velcro \u00e0 l\u2019avant lorsque le traitement est n\u00e9cessaire et c\u2019est un produit con\u00e7u pour le confort du patient.<\/p>\n<p>&nbsp;<\/p>\n<p>INDICATIONS<\/p>\n<p>1-Il fixe parfaitement le bras et l\u2019\u00e9paule dans les luxations de l\u2019\u00e9paule et les fractures de l\u2019hum\u00e9rus.<br \/>\n2-Douleur intense dans l\u2019articulation de l\u2019\u00e9paule.<br \/>\n3-L\u00e9sions des tissus mous \u00e0 l\u2019\u00e9paule et au bras.<\/p>\n","protected":false},"featured_media":5289,"comment_status":"open","ping_status":"closed","template":"","meta":{"_monsterinsights_skip_tracking":false,"_monsterinsights_sitenote_active":false,"_monsterinsights_sitenote_note":"","_monsterinsights_sitenote_category":0},"product_brand":[],"product_cat":[132,100],"product_tag":[],"class_list":{"0":"post-4462","1":"product","2":"type-product","3":"status-publish","4":"has-post-thumbnail","6":"product_cat-epaule-et-coude","7":"product_cat-orthopedique","9":"first","10":"instock","11":"shipping-taxable","12":"purchasable","13":"product-type-simple"},"aioseo_notices":[],"_links":{"self":[{"href":"https:\/\/www.dcm-materiel-kine-sport.com\/index.php\/wp-json\/wp\/v2\/product\/4462","targetHints":{"allow":["GET"]}}],"collection":[{"href":"https:\/\/www.dcm-materiel-kine-sport.com\/index.php\/wp-json\/wp\/v2\/product"}],"about":[{"href":"https:\/\/www.dcm-materiel-kine-sport.com\/index.php\/wp-json\/wp\/v2\/types\/product"}],"replies":[{"embeddable":true,"href":"https:\/\/www.dcm-materiel-kine-sport.com\/index.php\/wp-json\/wp\/v2\/comments?post=4462"}],"wp:featuredmedia":[{"embeddable":true,"href":"https:\/\/www.dcm-materiel-kine-sport.com\/index.php\/wp-json\/wp\/v2\/media\/5289"}],"wp:attachment":[{"href":"https:\/\/www.dcm-materiel-kine-sport.com\/index.php\/wp-json\/wp\/v2\/media?parent=4462"}],"wp:term":[{"taxonomy":"product_brand","embeddable":true,"href":"https:\/\/www.dcm-materiel-kine-sport.com\/index.php\/wp-json\/wp\/v2\/product_brand?post=4462"},{"taxonomy":"product_cat","embeddable":true,"href":"https:\/\/www.dcm-materiel-kine-sport.com\/index.php\/wp-json\/wp\/v2\/product_cat?post=4462"},{"taxonomy":"product_tag","embeddable":true,"href":"https:\/\/www.dcm-materiel-kine-sport.com\/index.php\/wp-json\/wp\/v2\/product_tag?post=4462"}],"curies":[{"name":"wp","href":"https:\/\/api.w.org\/{rel}","templated":true}]}}