{"id":4495,"date":"2023-11-20T13:03:31","date_gmt":"2023-11-20T12:03:31","guid":{"rendered":"https:\/\/www.dcm-materiel-kine-sport.com\/?post_type=product&#038;p=4495"},"modified":"2024-03-05T10:01:13","modified_gmt":"2024-03-05T09:01:13","slug":"orthese-kleinert-thermoplastique","status":"publish","type":"product","link":"https:\/\/www.dcm-materiel-kine-sport.com\/index.php\/produit\/orthese-kleinert-thermoplastique\/","title":{"rendered":"Orth\u00e8se Kleinert Thermoplastique"},"content":{"rendered":"","protected":false},"excerpt":{"rendered":"<p>C\u2019est une orth\u00e8se de main et de poignet en mati\u00e8re thermoplastique. Permet une flexion passive et une extension active.<\/p>\n<h3 class=\"product-description-bold-title\">Les Indications<\/h3>\n<ul>\n<li>Blessures du tendon fl\u00e9chisseur<\/li>\n<li>R\u00e9\u00e9ducation apr\u00e8s intervention chirurgicale<\/li>\n<\/ul>\n","protected":false},"featured_media":0,"comment_status":"open","ping_status":"closed","template":"","meta":{"_monsterinsights_skip_tracking":false,"_monsterinsights_sitenote_active":false,"_monsterinsights_sitenote_note":"","_monsterinsights_sitenote_category":0},"product_brand":[],"product_cat":[100,131],"product_tag":[],"class_list":{"0":"post-4495","1":"product","2":"type-product","3":"status-publish","5":"product_cat-orthopedique","6":"product_cat-poignet-et-attelles","8":"first","9":"instock","10":"shipping-taxable","11":"product-type-simple"},"aioseo_notices":[],"_links":{"self":[{"href":"https:\/\/www.dcm-materiel-kine-sport.com\/index.php\/wp-json\/wp\/v2\/product\/4495","targetHints":{"allow":["GET"]}}],"collection":[{"href":"https:\/\/www.dcm-materiel-kine-sport.com\/index.php\/wp-json\/wp\/v2\/product"}],"about":[{"href":"https:\/\/www.dcm-materiel-kine-sport.com\/index.php\/wp-json\/wp\/v2\/types\/product"}],"replies":[{"embeddable":true,"href":"https:\/\/www.dcm-materiel-kine-sport.com\/index.php\/wp-json\/wp\/v2\/comments?post=4495"}],"wp:attachment":[{"href":"https:\/\/www.dcm-materiel-kine-sport.com\/index.php\/wp-json\/wp\/v2\/media?parent=4495"}],"wp:term":[{"taxonomy":"product_brand","embeddable":true,"href":"https:\/\/www.dcm-materiel-kine-sport.com\/index.php\/wp-json\/wp\/v2\/product_brand?post=4495"},{"taxonomy":"product_cat","embeddable":true,"href":"https:\/\/www.dcm-materiel-kine-sport.com\/index.php\/wp-json\/wp\/v2\/product_cat?post=4495"},{"taxonomy":"product_tag","embeddable":true,"href":"https:\/\/www.dcm-materiel-kine-sport.com\/index.php\/wp-json\/wp\/v2\/product_tag?post=4495"}],"curies":[{"name":"wp","href":"https:\/\/api.w.org\/{rel}","templated":true}]}}