{"id":4842,"date":"2024-02-15T15:43:45","date_gmt":"2024-02-15T14:43:45","guid":{"rendered":"https:\/\/www.dcm-materiel-kine-sport.com\/?post_type=product&#038;p=4842"},"modified":"2024-08-02T18:34:40","modified_gmt":"2024-08-02T16:34:40","slug":"coussin-triangulaire-60-45-15","status":"publish","type":"product","link":"https:\/\/www.dcm-materiel-kine-sport.com\/index.php\/produit\/coussin-triangulaire-60-45-15\/","title":{"rendered":"Coussin triangulaire 60\/45\/15"},"content":{"rendered":"<p class=\"p2\">Le coussin triangulaire utilis\u00e9 par les kin\u00e9s sert de dossier au patient sur la table de massage qui n&rsquo;en dispose pas, ou pour positionner un membre. Il permet de rehausser et d&rsquo;adapter la position du patient. Il peut \u00e9ventuellement de placer sous les genoux et les mollets ou servir comme coussin d&rsquo;assise pour relever le bassin,\u00a0 surtout dans le format 15 cm<\/p>\n<h3 class=\"p4\"><strong>Composition :<\/strong><\/h3>\n<ul class=\"ul1\">\n<li class=\"li5\"><span class=\"s1\">Rev\u00eatement\u00a0vinyle anti-feu<\/span><\/li>\n<li class=\"li5\"><span class=\"s1\">Coutures\u00a0finition passepoil<\/span><\/li>\n<li class=\"li5\"><span class=\"s1\">Garni de mousse haute densit\u00e9 (35kg\/m3)<\/span><\/li>\n<li class=\"li5\"><span class=\"s1\"><strong>Traitement Sanitized<\/strong>\u00a0anti-bact\u00e9rien, anti-fongicide et anti-microbien<\/span><\/li>\n<\/ul>\n<h3 class=\"p4\"><strong>Conseils d&rsquo;entretien :<\/strong><\/h3>\n<ul class=\"ul1\">\n<li class=\"li5\"><span class=\"s1\">Nettoyage facile\u00a0et efficace \u00e0 l&rsquo;aide d&rsquo;une \u00e9ponge et d&rsquo;un savon doux<\/span><\/li>\n<li class=\"li5\"><span class=\"s1\">D\u00e9tergents, solvants et d\u00e9tachants \u00e0 proscrire<\/span><\/li>\n<\/ul>\n<h3 class=\"p4\"><strong>Les produits sont fabriqu\u00e9s :<\/strong><\/h3>\n<ul class=\"ul1\">\n<li class=\"li5\"><span class=\"s1\">sur mesure<\/span><\/li>\n<li class=\"li5\"><span class=\"s1\">\u00e0 la main par des couturi\u00e8res<\/span><\/li>\n<li class=\"li5\"><span class=\"s1\">en France avec des mati\u00e8res premi\u00e8res fran\u00e7aises<\/span><\/li>\n<\/ul>\n<p><span class=\"s1\"><img loading=\"lazy\" decoding=\"async\" src=\"https:\/\/www.jfb.fr\/files\/PROCOMEDIC\/coloris-coussin-kine-2.png\" width=\"149\" height=\"319\" \/><\/span><\/p>\n","protected":false},"excerpt":{"rendered":"<h3 class=\"p4\"><strong>Dimensions du coussin :<\/strong><\/h3>\n<ul class=\"ul1\">\n<li class=\"li5\"><span class=\"s1\">Largeur\u00a0: 45 cm<\/span><\/li>\n<li class=\"li5\"><span class=\"s1\">Longueur: 60 cm<\/span><\/li>\n<li class=\"li5\"><span class=\"s1\">Hauteur : 15 cm\u00a0<\/span><\/li>\n<\/ul>\n<p><strong>Coussin fabriqu\u00e9 \u00e0 la demande, d\u00e9lai de pr\u00e9paration 2 \u00e0 5 jours. Le droit de r\u00e9tractation ne s&rsquo;applique pas sur des\u00a0coussins\u00a0fabriqu\u00e9s \u00e0 la demande.<\/strong><\/p>\n","protected":false},"featured_media":4844,"comment_status":"open","ping_status":"closed","template":"","meta":{"_monsterinsights_skip_tracking":false,"_monsterinsights_sitenote_active":false,"_monsterinsights_sitenote_note":"","_monsterinsights_sitenote_category":0},"product_brand":[],"product_cat":[32,59],"product_tag":[],"class_list":{"0":"post-4842","1":"product","2":"type-product","3":"status-publish","4":"has-post-thumbnail","6":"product_cat-coussins","7":"product_cat-mobiliers-medicales","9":"first","10":"instock","11":"shipping-taxable","12":"purchasable","13":"product-type-simple"},"aioseo_notices":[],"_links":{"self":[{"href":"https:\/\/www.dcm-materiel-kine-sport.com\/index.php\/wp-json\/wp\/v2\/product\/4842","targetHints":{"allow":["GET"]}}],"collection":[{"href":"https:\/\/www.dcm-materiel-kine-sport.com\/index.php\/wp-json\/wp\/v2\/product"}],"about":[{"href":"https:\/\/www.dcm-materiel-kine-sport.com\/index.php\/wp-json\/wp\/v2\/types\/product"}],"replies":[{"embeddable":true,"href":"https:\/\/www.dcm-materiel-kine-sport.com\/index.php\/wp-json\/wp\/v2\/comments?post=4842"}],"wp:featuredmedia":[{"embeddable":true,"href":"https:\/\/www.dcm-materiel-kine-sport.com\/index.php\/wp-json\/wp\/v2\/media\/4844"}],"wp:attachment":[{"href":"https:\/\/www.dcm-materiel-kine-sport.com\/index.php\/wp-json\/wp\/v2\/media?parent=4842"}],"wp:term":[{"taxonomy":"product_brand","embeddable":true,"href":"https:\/\/www.dcm-materiel-kine-sport.com\/index.php\/wp-json\/wp\/v2\/product_brand?post=4842"},{"taxonomy":"product_cat","embeddable":true,"href":"https:\/\/www.dcm-materiel-kine-sport.com\/index.php\/wp-json\/wp\/v2\/product_cat?post=4842"},{"taxonomy":"product_tag","embeddable":true,"href":"https:\/\/www.dcm-materiel-kine-sport.com\/index.php\/wp-json\/wp\/v2\/product_tag?post=4842"}],"curies":[{"name":"wp","href":"https:\/\/api.w.org\/{rel}","templated":true}]}}