{"id":4858,"date":"2024-02-20T11:00:49","date_gmt":"2024-02-20T10:00:49","guid":{"rendered":"https:\/\/www.dcm-materiel-kine-sport.com\/?post_type=product&#038;p=4858"},"modified":"2025-05-20T01:45:35","modified_gmt":"2025-05-19T23:45:35","slug":"machine-radiofrequence-a-ultrasons-special-lipocavitation-rf-et-lipolaser","status":"publish","type":"product","link":"https:\/\/www.dcm-materiel-kine-sport.com\/index.php\/produit\/machine-radiofrequence-a-ultrasons-special-lipocavitation-rf-et-lipolaser\/","title":{"rendered":"Machine radiofr\u00e9quence \u00e0 ultrasons sp\u00e9cial Lipocavitation, RF et Lipolaser"},"content":{"rendered":"<p class=\"a-spacing-base\"><strong>Fonctions des diff\u00e9rentes poign\u00e9es de l\u2019instrument :<\/strong><\/p>\n<ul>\n<li class=\"a-spacing-base\">Vide RF bipolaire : Acc\u00e9l\u00e8re la combustion des graisses et remod\u00e8le le corps et le visage, la fr\u00e9quence de la machine frappe la graisse interne, acc\u00e9l\u00e8re le chauffage de la paroi cellulaire, et provoque la rupture et la combustion de la graisse.<\/li>\n<li class=\"a-spacing-base\">Cavitation : Le craquage de la graisse consomme efficacement les calories, l\u2019humidit\u00e9 des cellules, et r\u00e9duit les cellules graisseuses, de mani\u00e8re \u00e0 obtenir l\u2019effet d\u2019\u00e9limination de la graisse.<\/li>\n<li class=\"a-spacing-base\">RF corporelle : Promouvoir la prolif\u00e9ration cellulaire, favoriser le mouvement des tissus sous-cutan\u00e9s, la prolif\u00e9ration du collag\u00e8ne, stimuler la reconstitution de la perte de prot\u00e9ines, resserrer la peau du corps, et un anti-\u00e2ge durable.<\/li>\n<li class=\"a-spacing-base\">RF du visage : Lifting du corps, raffermissement et massage du corps, promotion de la production de collag\u00e8ne, stimulation de la reconstitution des prot\u00e9ines perdues, raffermissement de la peau, obtention d\u2019un effet liftant, et restauration de l\u2019\u00e9lasticit\u00e9 de la peau du corps.<\/li>\n<li class=\"a-spacing-base\">RF tripolaire : estompe les ridules du visage, masse le visage pour augmenter la production de collag\u00e8ne, stimule la reconstitution des prot\u00e9ines perdues et resserre la peau du visage.<\/li>\n<li class=\"a-spacing-base\">Lipolyse laser : En d\u00e9sint\u00e9grant la graisse, en favorisant la circulation sanguine et en acc\u00e9l\u00e9rant le m\u00e9tabolisme, de mani\u00e8re \u00e0 obtenir un effet de perte de poids.<\/li>\n<\/ul>\n<p>Machine radiofr\u00e9quence \u00e0 ultrasons 40k : l\u2019onde sonore avec une fr\u00e9quence allant jusqu\u2019\u00e0 40000 HZ peut efficacement consommer de la chaleur, consommer de l\u2019eau cellulaire et r\u00e9duire les cellules adipeuses.<\/p>\n<p>En outre, lorsque les ondes sonores vibrent, elles peuvent provoquer de fortes fissures entre les cellules et les cellules adipeuses sont r\u00e9duites, obtenant ainsi l\u2019effet d\u2019\u00e9liminer les graisses.<\/p>\n<p><strong>Fonction RF :<\/strong><br \/>\nEn utilisant la derni\u00e8re technologie de fr\u00e9quence RF, l\u2019\u00e9nergie peut \u00eatre transmise au derme et au tissu sous-cutan\u00e9 efficacement et rapidement \u00e0 travers le point d\u2019\u00e9lectrode, en se concentrant sur la cible et la plage de traitement. Lorsque les fibroblastes sont stimul\u00e9s par l\u2019\u00e9nergie RF, il induit l\u2019auto collag\u00e8ne. reconstitution.<\/p>\n<p>R\u00e9solvez plusieurs probl\u00e8mes de peau: \u00c9quip\u00e9 de 3 t\u00eates de beaut\u00e9 fonctionnelles pour traiter diff\u00e9rentes parties du corps et pour une efficacit\u00e9 \u00e9lev\u00e9e. Applicable sur le visage, le cou, le ventre, la taille, les cuisses, les mollets et les fesses. Notre produit a un grand effet sur l\u2019anti-\u00e2ge, am\u00e9liore les probl\u00e8mes de peau, remod\u00e8le et amincit le corps, etc. Diluez les cernes, diluez les taches de rousseur du visage et am\u00e9liorez les probl\u00e8mes de vieillissement de la peau.<\/p>\n<p><strong>Conseils d\u2019utilisation :<\/strong><\/p>\n<ul>\n<li>La sonde doit \u00eatre en contact direct avec la peau pendant le traitement de beaut\u00e9.<\/li>\n<li>Lors du r\u00e9glage de la puissance, elle doit \u00eatre ajust\u00e9e en fonction de votre situation actuelle.<\/li>\n<li>Nettoyez la peau apr\u00e8s la chirurgie avec une serviette chaude.<\/li>\n<li>Utilisez des mouvements circulaires ou lin\u00e9aires pendant.<\/li>\n<li>Ne restez pas dans la m\u00eame partie tout le temps, le mouvement doit \u00eatre continu.<\/li>\n<\/ul>\n","protected":false},"excerpt":{"rendered":"<p><strong>Type d\u2019article :<\/strong>\u00a0Machine radiofr\u00e9quence \u00e0 ultrasons sp\u00e9cial Lipocavitation, RF et Lipolaser<\/p>\n<p><strong>Mat\u00e9riau :<\/strong>\u00a0ABS<\/p>\n<p><strong>Efficacit\u00e9 :<\/strong>\u00a0Appareil de combustion des graisses \u00e0 pression n\u00e9gative du corps par radiofr\u00e9quence, instrument de beaut\u00e9 multifonctionnel, appareil d\u2019amincissement des graisses.<\/p>\n<p><strong>Alimentation \u00e9lectrique :<\/strong>\u00a0230V<\/p>\n<p><strong>Puissance :<\/strong>\u00a078W<\/p>\n","protected":false},"featured_media":4860,"comment_status":"open","ping_status":"closed","template":"","meta":{"_monsterinsights_skip_tracking":false,"_monsterinsights_sitenote_active":false,"_monsterinsights_sitenote_note":"","_monsterinsights_sitenote_category":0},"product_brand":[],"product_cat":[81,104],"product_tag":[],"class_list":{"0":"post-4858","1":"product","2":"type-product","3":"status-publish","4":"has-post-thumbnail","6":"product_cat-amincissement","7":"product_cat-autre-a","9":"first","10":"instock","11":"shipping-taxable","12":"purchasable","13":"product-type-simple"},"aioseo_notices":[],"_links":{"self":[{"href":"https:\/\/www.dcm-materiel-kine-sport.com\/index.php\/wp-json\/wp\/v2\/product\/4858","targetHints":{"allow":["GET"]}}],"collection":[{"href":"https:\/\/www.dcm-materiel-kine-sport.com\/index.php\/wp-json\/wp\/v2\/product"}],"about":[{"href":"https:\/\/www.dcm-materiel-kine-sport.com\/index.php\/wp-json\/wp\/v2\/types\/product"}],"replies":[{"embeddable":true,"href":"https:\/\/www.dcm-materiel-kine-sport.com\/index.php\/wp-json\/wp\/v2\/comments?post=4858"}],"wp:featuredmedia":[{"embeddable":true,"href":"https:\/\/www.dcm-materiel-kine-sport.com\/index.php\/wp-json\/wp\/v2\/media\/4860"}],"wp:attachment":[{"href":"https:\/\/www.dcm-materiel-kine-sport.com\/index.php\/wp-json\/wp\/v2\/media?parent=4858"}],"wp:term":[{"taxonomy":"product_brand","embeddable":true,"href":"https:\/\/www.dcm-materiel-kine-sport.com\/index.php\/wp-json\/wp\/v2\/product_brand?post=4858"},{"taxonomy":"product_cat","embeddable":true,"href":"https:\/\/www.dcm-materiel-kine-sport.com\/index.php\/wp-json\/wp\/v2\/product_cat?post=4858"},{"taxonomy":"product_tag","embeddable":true,"href":"https:\/\/www.dcm-materiel-kine-sport.com\/index.php\/wp-json\/wp\/v2\/product_tag?post=4858"}],"curies":[{"name":"wp","href":"https:\/\/api.w.org\/{rel}","templated":true}]}}