{"id":5084,"date":"2024-02-21T16:49:35","date_gmt":"2024-02-21T15:49:35","guid":{"rendered":"https:\/\/www.dcm-materiel-kine-sport.com\/?post_type=product&#038;p=5084"},"modified":"2024-02-21T16:50:48","modified_gmt":"2024-02-21T15:50:48","slug":"casaque-medical-gris","status":"publish","type":"product","link":"https:\/\/www.dcm-materiel-kine-sport.com\/index.php\/produit\/casaque-medical-gris\/","title":{"rendered":"Casaque m\u00e9dical gris"},"content":{"rendered":"<p>con\u00e7u pour les v\u00eatements de travail, id\u00e9al pour le domaine de la sant\u00e9, les cliniques esth\u00e9tiques, dentaires, v\u00e9t\u00e9rinaires, hospitaliers, coiffeurs, etc. . . UTILISATION QUOTIDIENNE ..<\/p>\n<p>Veste \u00e0 manches courtes unisexe, encolure en V, crochet sur la taille, deux poches lat\u00e9rales<\/p>\n<p>Poids: 170g \/ m2.<\/p>\n<p>(La couleur de l&rsquo;article peut varier selon le r\u00e9glage de l&rsquo;\u00e9cran du moniteur)<\/p>\n<p>Nous vendons \u00e9galement \u00e0 grossiste et aux entreprises<\/p>\n","protected":false},"excerpt":{"rendered":"<p><strong>Casaque m\u00e9dicale mixte pour homme et femme avec un excellent rapport qualit\u00e9\/prix.<\/strong><\/p>\n","protected":false},"featured_media":4897,"comment_status":"open","ping_status":"closed","template":"","meta":{"_monsterinsights_skip_tracking":false,"_monsterinsights_sitenote_active":false,"_monsterinsights_sitenote_note":"","_monsterinsights_sitenote_category":0},"product_brand":[],"product_cat":[105,106],"product_tag":[],"class_list":{"0":"post-5084","1":"product","2":"type-product","3":"status-publish","4":"has-post-thumbnail","6":"product_cat-tenus","7":"product_cat-tenus-de-travail","9":"first","10":"instock","11":"shipping-taxable","12":"purchasable","13":"product-type-variable"},"aioseo_notices":[],"_links":{"self":[{"href":"https:\/\/www.dcm-materiel-kine-sport.com\/index.php\/wp-json\/wp\/v2\/product\/5084","targetHints":{"allow":["GET"]}}],"collection":[{"href":"https:\/\/www.dcm-materiel-kine-sport.com\/index.php\/wp-json\/wp\/v2\/product"}],"about":[{"href":"https:\/\/www.dcm-materiel-kine-sport.com\/index.php\/wp-json\/wp\/v2\/types\/product"}],"replies":[{"embeddable":true,"href":"https:\/\/www.dcm-materiel-kine-sport.com\/index.php\/wp-json\/wp\/v2\/comments?post=5084"}],"wp:featuredmedia":[{"embeddable":true,"href":"https:\/\/www.dcm-materiel-kine-sport.com\/index.php\/wp-json\/wp\/v2\/media\/4897"}],"wp:attachment":[{"href":"https:\/\/www.dcm-materiel-kine-sport.com\/index.php\/wp-json\/wp\/v2\/media?parent=5084"}],"wp:term":[{"taxonomy":"product_brand","embeddable":true,"href":"https:\/\/www.dcm-materiel-kine-sport.com\/index.php\/wp-json\/wp\/v2\/product_brand?post=5084"},{"taxonomy":"product_cat","embeddable":true,"href":"https:\/\/www.dcm-materiel-kine-sport.com\/index.php\/wp-json\/wp\/v2\/product_cat?post=5084"},{"taxonomy":"product_tag","embeddable":true,"href":"https:\/\/www.dcm-materiel-kine-sport.com\/index.php\/wp-json\/wp\/v2\/product_tag?post=5084"}],"curies":[{"name":"wp","href":"https:\/\/api.w.org\/{rel}","templated":true}]}}