{"id":5129,"date":"2024-02-22T11:11:29","date_gmt":"2024-02-22T10:11:29","guid":{"rendered":"https:\/\/www.dcm-materiel-kine-sport.com\/?post_type=product&#038;p=5129"},"modified":"2024-02-22T11:23:52","modified_gmt":"2024-02-22T10:23:52","slug":"sabot-de-bloc-eva-plus","status":"publish","type":"product","link":"https:\/\/www.dcm-materiel-kine-sport.com\/index.php\/produit\/sabot-de-bloc-eva-plus\/","title":{"rendered":"Sabot de bloc EVA PLUS"},"content":{"rendered":"","protected":false},"excerpt":{"rendered":"<div>\n<div>Sabot l\u00e9ger en EVA, antibact\u00e9rien, avec cellules antid\u00e9rapantes dans la semelle, sans latex, monobloc, anatomique et antid\u00e9rapant. Lavable en machine jusqu\u2019\u00e0 40\u00b0C. Avec bride arri\u00e8re rabattable entre le talon et la tige, ajour\u00e9 sur les c\u00f4t\u00e9s pour faciliter l\u2019a\u00e9ration, le nettoyage et \u00e9viter la p\u00e9n\u00e9tration directe des liquides. Plante \u00e0 micropointes de massage pour stimuler la circulation sanguine. Il incorpore un gabarit de tissu int\u00e9rieur sur de la mousse de latex avec un traitement antibact\u00e9rien.<\/div>\n<\/div>\n","protected":false},"featured_media":5142,"comment_status":"open","ping_status":"closed","template":"","meta":{"_monsterinsights_skip_tracking":false,"_monsterinsights_sitenote_active":false,"_monsterinsights_sitenote_note":"","_monsterinsights_sitenote_category":0},"product_brand":[],"product_cat":[111,105],"product_tag":[],"class_list":{"0":"post-5129","1":"product","2":"type-product","3":"status-publish","4":"has-post-thumbnail","6":"product_cat-sabots-de-travail","7":"product_cat-tenus","9":"first","10":"instock","11":"shipping-taxable","12":"purchasable","13":"product-type-variable"},"aioseo_notices":[],"_links":{"self":[{"href":"https:\/\/www.dcm-materiel-kine-sport.com\/index.php\/wp-json\/wp\/v2\/product\/5129","targetHints":{"allow":["GET"]}}],"collection":[{"href":"https:\/\/www.dcm-materiel-kine-sport.com\/index.php\/wp-json\/wp\/v2\/product"}],"about":[{"href":"https:\/\/www.dcm-materiel-kine-sport.com\/index.php\/wp-json\/wp\/v2\/types\/product"}],"replies":[{"embeddable":true,"href":"https:\/\/www.dcm-materiel-kine-sport.com\/index.php\/wp-json\/wp\/v2\/comments?post=5129"}],"wp:featuredmedia":[{"embeddable":true,"href":"https:\/\/www.dcm-materiel-kine-sport.com\/index.php\/wp-json\/wp\/v2\/media\/5142"}],"wp:attachment":[{"href":"https:\/\/www.dcm-materiel-kine-sport.com\/index.php\/wp-json\/wp\/v2\/media?parent=5129"}],"wp:term":[{"taxonomy":"product_brand","embeddable":true,"href":"https:\/\/www.dcm-materiel-kine-sport.com\/index.php\/wp-json\/wp\/v2\/product_brand?post=5129"},{"taxonomy":"product_cat","embeddable":true,"href":"https:\/\/www.dcm-materiel-kine-sport.com\/index.php\/wp-json\/wp\/v2\/product_cat?post=5129"},{"taxonomy":"product_tag","embeddable":true,"href":"https:\/\/www.dcm-materiel-kine-sport.com\/index.php\/wp-json\/wp\/v2\/product_tag?post=5129"}],"curies":[{"name":"wp","href":"https:\/\/api.w.org\/{rel}","templated":true}]}}