{"id":7531,"date":"2025-05-28T13:35:26","date_gmt":"2025-05-28T11:35:26","guid":{"rendered":"https:\/\/www.dcm-materiel-kine-sport.com\/?post_type=product&#038;p=7531"},"modified":"2025-07-24T11:22:00","modified_gmt":"2025-07-24T09:22:00","slug":"electrostimulateur-t-one-medi-pro","status":"publish","type":"product","link":"https:\/\/www.dcm-materiel-kine-sport.com\/index.php\/produit\/electrostimulateur-t-one-medi-pro\/","title":{"rendered":"ELECTROSTIMULATEUR T-ONE MEDI PRO"},"content":{"rendered":"<p>Description de l\u2019\u00e9lectrostimulateur I-Tech T-One Medi Pro<br \/>\nL\u2019\u00e9lectrostimulation est appliqu\u00e9e dans le traitement de douleurs de diff\u00e9rents types : musculaires, osseuses et articulaires. Un \u00e9lectrostimulateur muni d\u2019\u00e9lectrodes appos\u00e9es sur les zones du corps \u00e0 soigner est alors utilis\u00e9. Celui-ci transmet des signaux \u00e9lectriques aux fibres lentes et rapides de notres organisme analys\u00e9es par le cerveau, qui se concentre sur ces informations plut\u00f4t que sur les signaux douloureux auparavant d\u00e9tect\u00e9s. Ainsi, vos douleurs sont apais\u00e9es. En outre, l\u2019\u00e9lectrostimulation permet de travailler les muscles afin de les raffermir et de les tonifier.<\/p>\n<p>L\u2019\u00e9lectrostimulateur I-Tech T-One Medi Pro est adapt\u00e9 aux sportifs professionnels ou non et les personnes ayant des probl\u00e8mes urologiques. En effet, parmi ses nombreux programmes, 9 sont d\u00e9di\u00e9s au traitements li\u00e9s \u00e0 l\u2019incontinence. De plus, un kit ionis\u00e9 vous est fourni pour stopper une transpiration trop abondante. Vous pouvez aussi les personnaliser via les 12 m\u00e9moires libres mises \u00e0 disposition et utiliser des programmes \u201cfemme\u201d ou \u201chomme\u201d.<\/p>\n<p>Cet appareil d\u2018\u00e9lectrostimulation est ergonomique et facilement transportable. De plus, sa batterie rechargeable vous permet de l\u2019avoir \u00e0 port\u00e9e de main. Son \u00e9cran r\u00e9tro\u00e9clair\u00e9 vous indique les \u00e9tapes \u00e0 suivre pour son utilisation. Enfin, l\u2019appareil vous indique la d\u00e9connexion d\u2019une \u00e9lectrode pour \u00e9viter une utilisation \u201c\u00e0 vide\u201d.<\/p>\n<p>Caract\u00e9ristiques de l\u2019\u00e9lectrostimulateur I-Tech T-One Medi Pro<br \/>\n\u2013 Affichage graphique en couleurs avec \u00e9cran r\u00e9tro\u00e9clair\u00e9<br \/>\n\u2013 4 c\u00e2bles de connexion aux \u00e9lectrodes pour la connexion de 8 \u00e9lectrodes<br \/>\n\u2013 \u00c9lectrodes adh\u00e9sives pregel\u00e9es carr\u00e9s<br \/>\n\u2013 \u00c9lectrodes adh\u00e9sives pregel\u00e9es rectangulaires<br \/>\n\u2013 \u00c9lectrodes adh\u00e9sives pregel\u00e9es rondes<br \/>\n\u2013 kit iontophor\u00e8se<br \/>\n\u2013 Batterie Ni-MH rechargeable (4,8 Volt)<br \/>\n\u2013 Chargeur de batterie<br \/>\n\u2013 Clavier avec des commandes simples et intuitives<br \/>\n\u2013 Guide d\u2019utilisation avec instructions simples sur l\u2019\u00e9cran et guide de positionnement des \u00e9lectrodes<br \/>\n\u2013 G\u00e9n\u00e9rateur de courant constant (\u00e9mission constante m\u00eame si il y a une variation de l\u2019\u00e9tat de la peau ; arr\u00eat de l\u2019appareil si une \u00e9lectrode se d\u00e9branche accidentellement<br \/>\n\u2013 G\u00e9n\u00e9rateur d\u2019impulsion sym\u00e9trique biphas\u00e9e et compens\u00e9e : la quantit\u00e9 de courant qui passe du p\u00f4le positif au n\u00e9gatif est \u00e9gale et constante, ce qui \u00e9vite un effet galvanique<br \/>\n\u2013 Intensit\u00e9 maximale de 240 mA avec des paliers de 0,5 mA<br \/>\n\u2013 Fonctions 2+2 : pour utiliser deux programmes diff\u00e9rents en m\u00eame temps<br \/>\n\u2013 Feedback usager : le dispositif permet de d\u00e9tecter une \u00e9lectrode d\u00e9connect\u00e9e<br \/>\n\u2013 Personnalisation des programmes (homme\/femme)<br \/>\n\u2013 16 programmes REHA : D\u00e9nerv\u00e9, Micro-courant, H\u00e9matome, OEd\u00e8me, TENS s\u00e9quentiel, TENS Burst, Pr\u00e9vention atrophie, Atrophie\u2026<br \/>\n\u2013 9 programmes URO : Incontinence due au stress, Incontinence imp\u00e9rieuse, Incontinence mixte\u2026<br \/>\n\u2013 16 programmes TENS : TENS rapide, Endorphinique, valeurs maximales, Anti-inflammatoire, Mal de dos\/Sciatique, Entorses \/ Contusions, Vascularisation\u2026<br \/>\n\u2013 20 programmes NEMS : Raffermissement, R\u00e9sistance, Force explosive, Agoniste \/ Antagoniste, Relaxation musculaire, Massage profond, Hypertrophie\u2026<br \/>\n\u2013 18 programmes BEAUTY : Raffermissement, Tonification, D\u00e9finition, Microlifting, Lipolyse, Modelage, Capillarisation\u2026<br \/>\n\u2013 22 programmes 2+2 USERS : TENS rapide, Raffermissement, Modelage, Capillarisation, R\u00e9sistance, Force de base, Hypertrophie, Microlifting, Anti-inflammatoire\u2026<br \/>\n\u2013 12 m\u00e9moires libres (MEM) : m\u00e9moires libres TENS, m\u00e9moires libres NEMS<br \/>\n\u2013 Dimensions de l\u2019\u00e9lectrostimulateur : 150 x 90 x 35 mm<br \/>\n\u2013 Certifi\u00e9 : CE0476<\/p>\n","protected":false},"excerpt":{"rendered":"<p>79 programmes pour un travail en profondeur<br \/>\nProgrammes URO : traitement de probl\u00e8mes d\u2019urologie<br \/>\n2+2 USERS pour usage en simultan\u00e9 de 2 programmes<br \/>\n12 m\u00e9moires libres pour personnalisation<br \/>\nDimensions de l\u2019appareil: 150 x 90 x 35 mm<br \/>\nCertification : CE0476<\/p>\n","protected":false},"featured_media":7535,"comment_status":"open","ping_status":"closed","template":"","meta":{"_monsterinsights_skip_tracking":false,"_monsterinsights_sitenote_active":false,"_monsterinsights_sitenote_note":"","_monsterinsights_sitenote_category":0},"product_brand":[],"product_cat":[41,18,78],"product_tag":[],"class_list":{"0":"post-7531","1":"product","2":"type-product","3":"status-publish","4":"has-post-thumbnail","6":"product_cat-electrostimulateurs","7":"product_cat-electrostimulateurs-portatifs","8":"product_cat-i-tech","10":"first","11":"instock","12":"sale","13":"shipping-taxable","14":"purchasable","15":"product-type-simple"},"aioseo_notices":[],"_links":{"self":[{"href":"https:\/\/www.dcm-materiel-kine-sport.com\/index.php\/wp-json\/wp\/v2\/product\/7531","targetHints":{"allow":["GET"]}}],"collection":[{"href":"https:\/\/www.dcm-materiel-kine-sport.com\/index.php\/wp-json\/wp\/v2\/product"}],"about":[{"href":"https:\/\/www.dcm-materiel-kine-sport.com\/index.php\/wp-json\/wp\/v2\/types\/product"}],"replies":[{"embeddable":true,"href":"https:\/\/www.dcm-materiel-kine-sport.com\/index.php\/wp-json\/wp\/v2\/comments?post=7531"}],"wp:featuredmedia":[{"embeddable":true,"href":"https:\/\/www.dcm-materiel-kine-sport.com\/index.php\/wp-json\/wp\/v2\/media\/7535"}],"wp:attachment":[{"href":"https:\/\/www.dcm-materiel-kine-sport.com\/index.php\/wp-json\/wp\/v2\/media?parent=7531"}],"wp:term":[{"taxonomy":"product_brand","embeddable":true,"href":"https:\/\/www.dcm-materiel-kine-sport.com\/index.php\/wp-json\/wp\/v2\/product_brand?post=7531"},{"taxonomy":"product_cat","embeddable":true,"href":"https:\/\/www.dcm-materiel-kine-sport.com\/index.php\/wp-json\/wp\/v2\/product_cat?post=7531"},{"taxonomy":"product_tag","embeddable":true,"href":"https:\/\/www.dcm-materiel-kine-sport.com\/index.php\/wp-json\/wp\/v2\/product_tag?post=7531"}],"curies":[{"name":"wp","href":"https:\/\/api.w.org\/{rel}","templated":true}]}}