{"id":7543,"date":"2025-05-29T11:05:32","date_gmt":"2025-05-29T09:05:32","guid":{"rendered":"https:\/\/www.dcm-materiel-kine-sport.com\/?post_type=product&#038;p=7543"},"modified":"2025-06-03T10:27:10","modified_gmt":"2025-06-03T08:27:10","slug":"machine-hydrafacial-7-en-1","status":"publish","type":"product","link":"https:\/\/www.dcm-materiel-kine-sport.com\/index.php\/produit\/machine-hydrafacial-7-en-1\/","title":{"rendered":"Machine HydraFacial 7 en 1"},"content":{"rendered":"<div class=\"detail-s02 detail-section\">\n<div class=\"mml-row\">\n<div class=\"flex-container\">\n<div class=\"left\">\n<h2>Comment \u00e7a fonctionne<\/h2>\n<p>&nbsp;<\/p>\n<p>Le traitement de la machine Hydra Facial 7 en 1 consiste en un nettoyage et une exfoliation du visage, une extraction des impuret\u00e9s cutan\u00e9es et l&rsquo;application d&rsquo;un s\u00e9rum hydratant. La premi\u00e8re \u00e9tape consiste \u00e0 nettoyer et exfolier la peau en douceur avec un nettoyant vortex et un embout peeling. Ensuite, contrairement \u00e0 d\u2019autres peelings chimiques souvent irritants ou douloureux, HydraFacial utilise un m\u00e9lange non irritant d\u2019acides salicylique et glycolique pour des peelings doux mais efficaces. Cela d\u00e9tache les d\u00e9bris des pores profonds. La troisi\u00e8me \u00e9tape consiste \u00e0 utiliser l\u2019aspiration sous vide vortex pour extraire les points noirs et les impuret\u00e9s des pores. Appliquez ensuite le s\u00e9rum pour hydrater la peau.<\/p>\n<p><img decoding=\"async\" class=\" lazyloaded\" src=\"https:\/\/www.konmison.com\/wp-content\/uploads\/2022\/07\/oxigen-hydrafacial-machine-LB328-3-1.jpg\" alt=\"machine hydrafaciale \u00e0 oxyg\u00e8ne LB328 3 1\" data-src=\"https:\/\/www.konmison.com\/wp-content\/uploads\/2022\/07\/oxigen-hydrafacial-machine-LB328-3-1.jpg\" \/><\/p>\n<\/div>\n<\/div>\n<\/div>\n<\/div>\n<div class=\"detail-s03 detail-section\">\n<div class=\"mml-row\">\n<h2>Traitements<\/h2>\n<ul>\n<li><i class=\"fas fa-dot-circle\"><\/i>Nettoyage et hydratation en profondeur de la peau<\/li>\n<li><i class=\"fas fa-dot-circle\"><\/i>D\u00e9tox cutan\u00e9e et s\u00e9dation<\/li>\n<li><i class=\"fas fa-dot-circle\"><\/i>Raffermissement et lifting de la peau<\/li>\n<li><i class=\"fas fa-dot-circle\"><\/i>Blanchiment et \u00e9claircissement de la peau<\/li>\n<li><i class=\"fas fa-dot-circle\"><\/i>\u00c9limination des rides et des points noirs<\/li>\n<li><i class=\"fas fa-dot-circle\"><\/i>Anti-\u00e2ge et rajeunissement de la peau<\/li>\n<li><i class=\"fas fa-dot-circle\"><\/i>Am\u00e9liorer l&rsquo;\u00e9lasticit\u00e9 et l&rsquo;\u00e9clat de la peau<\/li>\n<\/ul>\n<div class=\"flex-container\">\n<div class=\"left\"><img decoding=\"async\" class=\" lazyloaded\" src=\"https:\/\/www.konmison.com\/wp-content\/uploads\/2022\/09\/Hydrafacial-machine-before-and-after-4.jpg\" alt=\"Machine Hydrafaciale avant et apr\u00e8s 4\" data-src=\"https:\/\/www.konmison.com\/wp-content\/uploads\/2022\/09\/Hydrafacial-machine-before-and-after-4.jpg\" \/><\/div>\n<div class=\"right\"><img decoding=\"async\" class=\" lazyloaded\" src=\"https:\/\/www.konmison.com\/wp-content\/uploads\/2022\/09\/Hydrafacial-machine-before-and-after-7.jpg\" alt=\"Machine Hydrafaciale avant et apr\u00e8s 7 ans\" data-src=\"https:\/\/www.konmison.com\/wp-content\/uploads\/2022\/09\/Hydrafacial-machine-before-and-after-7.jpg\" \/><\/div>\n<\/div>\n<\/div>\n<\/div>\n<div class=\"detail-s04 detail-section\">\n<div class=\"mml-row\">\n<h2>Caract\u00e9ristiques principales<\/h2>\n<div class=\"list\">\n<div class=\"item\">\n<div class=\"img-wrap\"><\/div>\n<div class=\"text-wrap\">\n<h3>Pompes m\u00e9caniques en option<\/h3>\n<p>Il existe une pompe \u00e0 air m\u00e9canique que vous pouvez choisir avec un prix plus \u00e9lev\u00e9, qui sera plus professionnelle.<\/p>\n<p>\u00c9cran tactile de 8 pouces<\/p>\n<\/div>\n<\/div>\n<div class=\"item\">\n<div class=\"text-wrap\">\n<p>Il est pratique de fonctionner avec un \u00e9cran tactile. Vous pouvez choisir diff\u00e9rents modes en fonction des besoins de vos clients.<\/p>\n<p>&nbsp;<\/p>\n<\/div>\n<\/div>\n<div class=\"item\">\n<div class=\"img-wrap\"><img decoding=\"async\" class=\" lazyloaded\" src=\"https:\/\/www.konmison.com\/wp-content\/uploads\/2022\/07\/small-bubble-hydrafacial-machine-LB473-6-1.jpg\" alt=\"machine hydrafaciale \u00e0 petites bulles LB473 6 1\" data-src=\"https:\/\/www.konmison.com\/wp-content\/uploads\/2022\/07\/small-bubble-hydrafacial-machine-LB473-6-1.jpg\" \/><\/div>\n<div class=\"text-wrap\">\n<h3>Technologie 7 en 1<\/h3>\n<p><strong>Pulv\u00e9risateur d&rsquo;oxyg\u00e8ne<\/strong><\/p>\n<p>Pour hydrater, \u00e9claircir et rajeunir la peau.<\/p>\n<p><strong>Poign\u00e9e \u00e0 ultrasons<\/strong><\/p>\n<p>Les vibrations \u00e0 haute fr\u00e9quence d\u00e9tendent la peau et am\u00e9liorent l&rsquo;absorption des nutriments.<\/p>\n<p><strong>Marteau \u00e0 froid<\/strong><\/p>\n<p>Pour le r\u00e9tr\u00e9cissement des pores, le raffermissement de la peau et l&rsquo;augmentation de l&rsquo;\u00e9lasticit\u00e9 apaisante, ainsi que la r\u00e9duction des rides et des rougeurs.<\/p>\n<p><strong>\u00c9purateur de peau<\/strong><\/p>\n<p>Pour \u00e9liminer les peaux mortes et am\u00e9liorer l\u2019\u00e9tat de la peau.<\/p>\n<p>Stylo hydra dermabrasion<\/p>\n<p>Pour un nettoyage en profondeur de la peau, l&rsquo;\u00e9limination de la graisse et des points noirs et une augmentation de l&rsquo;\u00e9lasticit\u00e9.<\/p>\n<p><strong>Poign\u00e9e RF bipolaire<\/strong><\/p>\n<p>Pour le lifting et le raffermissement de la peau, l&rsquo;\u00e9limination des rides.<\/p>\n<p>&nbsp;<\/p>\n<\/div>\n<\/div>\n<\/div>\n<\/div>\n<\/div>\n<div class=\"detail-s05 detail-section\">\n<div class=\"mml-row\">\n<h2>Structure de la machine<\/h2>\n<div class=\"rich-text\">\n<p><img loading=\"lazy\" decoding=\"async\" class=\"size-full wp-image-3079\" title=\"machine hydrafaciale \u00e0 petites bulles LB473 4 1\" src=\"https:\/\/www.konmison.com\/wp-content\/uploads\/2022\/07\/small-bubble-hydrafacial-machine-LB473-4-1.jpg\" sizes=\"auto, (max-width: 1000px) 100vw, 1000px\" srcset=\"https:\/\/www.konmison.com\/wp-content\/uploads\/2022\/07\/small-bubble-hydrafacial-machine-LB473-4-1.jpg 1000w, https:\/\/www.konmison.com\/wp-content\/uploads\/2022\/07\/small-bubble-hydrafacial-machine-LB473-4-1-600x400.jpg 600w, https:\/\/www.konmison.com\/wp-content\/uploads\/2022\/07\/small-bubble-hydrafacial-machine-LB473-4-1-768x512.jpg 768w\" alt=\"machine hydrafaciale \u00e0 petites bulles LB473 4 1\" width=\"1000\" height=\"667\" \/><\/p>\n<\/div>\n<\/div>\n<\/div>\n<div class=\"detail-s06 detail-s05 detail-section\">\n<div class=\"mml-row\">\n<h2>Param\u00e8tre de la machine<\/h2>\n<div class=\"rich-text\">\n<table border=\"0\" width=\"636\" cellspacing=\"0\" cellpadding=\"0\">\n<tbody>\n<tr>\n<td width=\"181\" height=\"19\">Num\u00e9ro de mod\u00e8le<\/td>\n<td width=\"455\">LB473<\/td>\n<\/tr>\n<tr>\n<td height=\"19\">Type de fiches<\/td>\n<td width=\"455\">Royaume-Uni, UE, \u00c9tats-Unis, Australie<\/td>\n<\/tr>\n<tr>\n<td height=\"19\">Pouvoir<\/td>\n<td width=\"455\">50W<\/td>\n<\/tr>\n<tr>\n<td height=\"19\">Tension et fr\u00e9quence<\/td>\n<td width=\"455\">110-240 V\u00a0; 50-60\u00a0HZ<\/td>\n<\/tr>\n<tr>\n<td height=\"19\">Afficher<\/td>\n<td width=\"455\">\u00c9cran tactile de 8 pouces<\/td>\n<\/tr>\n<tr>\n<td height=\"38\">Technologie<\/td>\n<td width=\"455\">Ultrasons, RF, dermabrasion, vibrations, pulv\u00e9risation, marteau froid, th\u00e9rapie LED<\/td>\n<\/tr>\n<tr>\n<td height=\"19\">Quantit\u00e9 de poign\u00e9es<\/td>\n<td width=\"455\">6 pi\u00e8ces<\/td>\n<\/tr>\n<tr>\n<td height=\"19\">Quantit\u00e9 de pourboire<\/td>\n<td width=\"455\">6 pi\u00e8ces pour stylo Hydra + 2 pi\u00e8ces pour pulv\u00e9risateur H2O2.<\/td>\n<\/tr>\n<tr>\n<td height=\"19\">Couleur des LED<\/td>\n<td width=\"455\">7<\/td>\n<\/tr>\n<tr>\n<td height=\"19\">Taille du paquet<\/td>\n<td width=\"455\">58*46*30cm<\/td>\n<\/tr>\n<tr>\n<td height=\"19\">Poids brut<\/td>\n<td width=\"455\">9,1kg<\/td>\n<\/tr>\n<tr>\n<td height=\"19\">garantie<\/td>\n<td width=\"455\">1 an<\/td>\n<\/tr>\n<\/tbody>\n<\/table>\n<\/div>\n<\/div>\n<\/div>\n","protected":false},"excerpt":{"rendered":"<h3>Points forts<\/h3>\n<p><i class=\"fas fa-check-circle\"><\/i>Mod\u00e8le populaire<\/p>\n<p><i class=\"fas fa-check-circle\"><\/i>Technologie 7 en 1<\/p>\n<p><i class=\"fas fa-check-circle\"><\/i>Pompes m\u00e9caniques personnalisables<\/p>\n<p><i class=\"fas fa-check-circle\"><\/i>\u00c9cran tactile, facile \u00e0 utiliser<\/p>\n<p><i class=\"fas fa-check-circle\"><\/i>Fabriqu\u00e9 en mat\u00e9riau de haute qualit\u00e9<\/p>\n<p><a href=\"https:\/\/www.dcm-materiel-kine-sport.com\/wp-content\/uploads\/2020\/12\/Hydrafacial_7en1_avecmasque-fiche-technique.pdf\"><img loading=\"lazy\" decoding=\"async\" class=\"alignnone size-full wp-image-4666\" src=\"https:\/\/www.dcm-materiel-kine-sport.com\/wp-content\/uploads\/2023\/05\/Design-sans-titre-1.png\" alt=\"\" width=\"300\" height=\"175\" \/><\/a><\/p>\n","protected":false},"featured_media":7542,"comment_status":"open","ping_status":"closed","template":"","meta":{"_monsterinsights_skip_tracking":false,"_monsterinsights_sitenote_active":false,"_monsterinsights_sitenote_note":"","_monsterinsights_sitenote_category":0},"product_brand":[],"product_cat":[95],"product_tag":[],"class_list":{"0":"post-7543","1":"product","2":"type-product","3":"status-publish","4":"has-post-thumbnail","6":"product_cat-esthetique","8":"first","9":"instock","10":"shipping-taxable","11":"purchasable","12":"product-type-simple"},"aioseo_notices":[],"_links":{"self":[{"href":"https:\/\/www.dcm-materiel-kine-sport.com\/index.php\/wp-json\/wp\/v2\/product\/7543","targetHints":{"allow":["GET"]}}],"collection":[{"href":"https:\/\/www.dcm-materiel-kine-sport.com\/index.php\/wp-json\/wp\/v2\/product"}],"about":[{"href":"https:\/\/www.dcm-materiel-kine-sport.com\/index.php\/wp-json\/wp\/v2\/types\/product"}],"replies":[{"embeddable":true,"href":"https:\/\/www.dcm-materiel-kine-sport.com\/index.php\/wp-json\/wp\/v2\/comments?post=7543"}],"wp:featuredmedia":[{"embeddable":true,"href":"https:\/\/www.dcm-materiel-kine-sport.com\/index.php\/wp-json\/wp\/v2\/media\/7542"}],"wp:attachment":[{"href":"https:\/\/www.dcm-materiel-kine-sport.com\/index.php\/wp-json\/wp\/v2\/media?parent=7543"}],"wp:term":[{"taxonomy":"product_brand","embeddable":true,"href":"https:\/\/www.dcm-materiel-kine-sport.com\/index.php\/wp-json\/wp\/v2\/product_brand?post=7543"},{"taxonomy":"product_cat","embeddable":true,"href":"https:\/\/www.dcm-materiel-kine-sport.com\/index.php\/wp-json\/wp\/v2\/product_cat?post=7543"},{"taxonomy":"product_tag","embeddable":true,"href":"https:\/\/www.dcm-materiel-kine-sport.com\/index.php\/wp-json\/wp\/v2\/product_tag?post=7543"}],"curies":[{"name":"wp","href":"https:\/\/api.w.org\/{rel}","templated":true}]}}