{"id":7697,"date":"2025-06-21T11:07:32","date_gmt":"2025-06-21T09:07:32","guid":{"rendered":"https:\/\/www.dcm-materiel-kine-sport.com\/?post_type=product&#038;p=7697"},"modified":"2025-07-24T05:58:07","modified_gmt":"2025-07-24T03:58:07","slug":"monte-charges-pour-patients-palan-de-levage-de-patient-grue-a-moteur-pliable-aide-au-deplacement-et-a-la-manipulation-du-patient-portable-pliant-compact","status":"publish","type":"product","link":"https:\/\/www.dcm-materiel-kine-sport.com\/index.php\/produit\/monte-charges-pour-patients-palan-de-levage-de-patient-grue-a-moteur-pliable-aide-au-deplacement-et-a-la-manipulation-du-patient-portable-pliant-compact\/","title":{"rendered":"Monte-Charges pour Patients, Palan de Levage de Patient Grue \u00e0 Moteur Pliable Aide au d\u00e9placement et \u00e0 la Manipulation du Patient Portable Pliant Compact"},"content":{"rendered":"<p>L&rsquo;ascenseur du patient est un appareil assistif, adapt\u00e9 aux personnes de transfert tels que les utilisateurs de fauteuils roulants, le patient bariatrique, les patients class\u00e9s, les patients handicap\u00e9s, les patients atteints de fracture des membres inf\u00e9rieurs, des personnes \u00e2g\u00e9es ayant une capacit\u00e9 m\u00e9diocre de se rendre \u00e0 un fauteuil roulant. La s\u00e9curit\u00e9 et le confort maximales des patients sont int\u00e9gr\u00e9s \u00e0 cette ascenseur de patients hautement maniable. Facile \u00e0 utiliser et \u00e0 travailler dans des espaces confin\u00e9s. Le dispositif d&rsquo;abaissement d&rsquo;urgence int\u00e9gr\u00e9 \u00e0 l&rsquo;actionneur. La base inf\u00e9rieure s&rsquo;adapte sous la plupart des lits. Durable pour une utilisation exigeante de l&rsquo;h\u00f4pital et du LTC encore abordable pour les soins \u00e0 domicile \u00e9galement.<\/p>\n<p>T\u00e9l\u00e9commande facile \u00e0 utiliser<br \/>\nContr\u00f4lez-le du bras de levage par bouton haut et bas. Les personnes \u00e2g\u00e9es peuvent \u00e9galement apprendre \u00e0 le faire fonctionner facilement<\/p>\n<p>Sling ascenseur de patient de haute qualit\u00e9<br \/>\nConstruction solide. La barre d&rsquo;\u00e9lingue est une largeur standard qui convient \u00e0 la plupart des utilisateurs et \u00e0 la plupart des situations de levage.<\/p>\n<p>Description: Ascenseur de patients hydraulique m\u00e9dical Hydraulique pour personnes handicap\u00e9es<br \/>\nDimension globale: 630 x 1070 x 1800mm<br \/>\nMat\u00e9riau de cadre: acier solide enduit de poudre<br \/>\nBarre d&rsquo;\u00e9lingue: 4 points, 360 \u00b0 Rotater berceau<br \/>\nRoue: Front: 3 \u00ab\u00a0Castor, Arri\u00e8re Castor: 4\u00a0\u00bb avec frein<\/p>\n<p>Plage de levage: 750mm-1750mm<br \/>\nVitesse de levage: 3 ~ 9mm \/ s<br \/>\nGamme de fourche maximale: 800mm<br \/>\nMoteur: actionneur lin\u00e9aire 24V \/ 8000N<br \/>\nBatterie: batterie de type acide rechargeable rechargeable \u00e0 haute capacit\u00e9. 60-80 fois<br \/>\nCapacit\u00e9 de charge maximale: 180 kg<br \/>\nPoids du produit: 50 kg<\/p>\n","protected":false},"excerpt":{"rendered":"<p>Caract\u00e9ristique sp\u00e9ciale : Portable, Pliable, R\u00e9glable<br \/>\nCouleur : Silver<br \/>\nTaille : Manual<br \/>\nTranche d&rsquo;\u00e2ge (description) : Adulte<br \/>\nMat\u00e9riau : argent<br \/>\nNombre de pi\u00e8ces : 1<br \/>\nPoids de l&rsquo;article : 50 Kilogrammes<br \/>\nNombre d&rsquo;unit\u00e9s\t: 1.0 Total<\/p>\n","protected":false},"featured_media":7701,"comment_status":"open","ping_status":"closed","template":"","meta":{"_monsterinsights_skip_tracking":false,"_monsterinsights_sitenote_active":false,"_monsterinsights_sitenote_note":"","_monsterinsights_sitenote_category":0},"product_brand":[],"product_cat":[59,36],"product_tag":[],"class_list":{"0":"post-7697","1":"product","2":"type-product","3":"status-publish","4":"has-post-thumbnail","6":"product_cat-mobiliers-medicales","7":"product_cat-verticalisateurs","9":"first","10":"instock","11":"shipping-taxable","12":"purchasable","13":"product-type-simple"},"aioseo_notices":[],"_links":{"self":[{"href":"https:\/\/www.dcm-materiel-kine-sport.com\/index.php\/wp-json\/wp\/v2\/product\/7697","targetHints":{"allow":["GET"]}}],"collection":[{"href":"https:\/\/www.dcm-materiel-kine-sport.com\/index.php\/wp-json\/wp\/v2\/product"}],"about":[{"href":"https:\/\/www.dcm-materiel-kine-sport.com\/index.php\/wp-json\/wp\/v2\/types\/product"}],"replies":[{"embeddable":true,"href":"https:\/\/www.dcm-materiel-kine-sport.com\/index.php\/wp-json\/wp\/v2\/comments?post=7697"}],"wp:featuredmedia":[{"embeddable":true,"href":"https:\/\/www.dcm-materiel-kine-sport.com\/index.php\/wp-json\/wp\/v2\/media\/7701"}],"wp:attachment":[{"href":"https:\/\/www.dcm-materiel-kine-sport.com\/index.php\/wp-json\/wp\/v2\/media?parent=7697"}],"wp:term":[{"taxonomy":"product_brand","embeddable":true,"href":"https:\/\/www.dcm-materiel-kine-sport.com\/index.php\/wp-json\/wp\/v2\/product_brand?post=7697"},{"taxonomy":"product_cat","embeddable":true,"href":"https:\/\/www.dcm-materiel-kine-sport.com\/index.php\/wp-json\/wp\/v2\/product_cat?post=7697"},{"taxonomy":"product_tag","embeddable":true,"href":"https:\/\/www.dcm-materiel-kine-sport.com\/index.php\/wp-json\/wp\/v2\/product_tag?post=7697"}],"curies":[{"name":"wp","href":"https:\/\/api.w.org\/{rel}","templated":true}]}}