{"id":7709,"date":"2025-06-21T12:38:42","date_gmt":"2025-06-21T10:38:42","guid":{"rendered":"https:\/\/www.dcm-materiel-kine-sport.com\/?post_type=product&#038;p=7709"},"modified":"2026-03-22T22:24:12","modified_gmt":"2026-03-22T21:24:12","slug":"hifu-mpt-vertical","status":"publish","type":"product","link":"https:\/\/www.dcm-materiel-kine-sport.com\/index.php\/produit\/hifu-mpt-vertical\/","title":{"rendered":"HIFU VERTICAL 12 D"},"content":{"rendered":"<p>L&rsquo;HIFU est une technique d&rsquo;ultrasons focalis\u00e9s de haute intensit\u00e9 (HIFU) qui concentre l&rsquo;\u00e9nergie vibratoire des ultrasons en un point unique et g\u00e9n\u00e8re une chaleur de 60 \u00b0C ou plus, provoquant une d\u00e9naturation des prot\u00e9ines.<br \/>\nL&rsquo;objectif principal est de traiter le fascia facial appel\u00e9 SMAS, consid\u00e9r\u00e9 comme la cause de l&rsquo;affaissement des rides. Il s&rsquo;agit de la premi\u00e8re machine permettant d&rsquo;aborder le SMAS, une technique jusqu&rsquo;alors consid\u00e9r\u00e9e comme impossible par un lifting au scalpel.<\/p>\n<p>Vous ressentirez la fermet\u00e9 et le raffermissement de votre peau imm\u00e9diatement apr\u00e8s le traitement, mais la pleine efficacit\u00e9 du HIFU sera visible 2 \u00e0 3 mois apr\u00e8s. La chaleur stimule la production de collag\u00e8ne, raffermissant la peau et am\u00e9liorant son rel\u00e2chement.<\/p>\n<p>Le 12D HIFU conventionnel est \u00e9galement un tr\u00e8s bon appareil, mais nous avons r\u00e9cemment introduit le 12D MPT HIFU am\u00e9lior\u00e9 ou 12D HIFU.<\/p>\n<p>Le mod\u00e8le MPT peut r\u00e9duire le temps de traitement et la douleur, et le nombre accru de cartouches a permis des injections encore plus ing\u00e9nieuses.<\/p>\n<p>L&rsquo;ancien mod\u00e8le appliquait de la chaleur sur les tissus \u00e0 des points pr\u00e9cis pour favoriser la production de collag\u00e8ne. Notre nouveau MPT dispose \u00e9galement d&rsquo;une fonction d&rsquo;irradiation localis\u00e9e, mais le nombre de cartouches disponibles a augment\u00e9, permettant une irradiation cibl\u00e9e et am\u00e9liorant ainsi l&rsquo;effet lifting.<\/p>\n<p>Le MPT peut \u00eatre utilis\u00e9 pour l&rsquo;irradiation lin\u00e9aire (mode MP) en plus de l&rsquo;irradiation localis\u00e9e. Il est d\u00e9sormais possible de r\u00e9duire consid\u00e9rablement la dur\u00e9e du traitement. L&rsquo;avantage d&rsquo;une irradiation plus rapide est consid\u00e9rable : elle r\u00e9duit rapidement la douleur. De plus, l&rsquo;\u00e9nergie \u00e9tant concentr\u00e9e sur la ligne, elle g\u00e9n\u00e8re de la chaleur et augmente la production de collag\u00e8ne.<\/p>\n<p>Il est \u00e9galement dot\u00e9 du premier embout stylo au monde. Vous pouvez esp\u00e9rer des effets plus importants en irradiant non seulement selon un sch\u00e9ma lin\u00e9aire, mais aussi selon un sch\u00e9ma circulaire. Les ultrasons peuvent \u00eatre inject\u00e9s simultan\u00e9ment avec le gel blanchissant, m\u00eame \u00e0 haute concentration. Outre le traitement et le raffermissement de la peau, vous pouvez \u00e9galement esp\u00e9rer des effets blanchissants et une am\u00e9lioration de la qualit\u00e9 de la peau.<\/p>\n<p>Applications faciales :<\/p>\n<p>* Paupi\u00e8res tombantes<br \/>\n* Rides autour des yeux<br \/>\n* Poches sous les yeux<br \/>\n* Le risque de PIH (pigmentation) est \u00e9galement r\u00e9duit<br \/>\n* Effet d&rsquo;am\u00e9lioration de la qualit\u00e9 de la peau (fermet\u00e9, resserrement des pores, tonification, promotion du renouvellement)<br \/>\n* Resserrement du double menton<br \/>\n* Lifting du visage<br \/>\n* Rides du front<br \/>\n* Effet tenseur, effet petit visage<br \/>\n* Resserrement des rides du visage<br \/>\n* \u00c9limination de la graisse sous le menton<br \/>\n* Rides fines du cou<\/p>\n<p>Applications corporelles :<\/p>\n<p>* Traitements r\u00e9ducteurs, cellulite, rel\u00e2chement<\/p>\n<p>Le HIFU 12D MPT lance une nouvelle cat\u00e9gorie d&rsquo;ultrasons : plus s\u00fbrs, plus rapides, plus efficaces, plus avanc\u00e9s et uniques.<br \/>\nL&rsquo;un des principaux atouts du MPT r\u00e9side dans l&rsquo;optimisation de l&rsquo;efficacit\u00e9 du MMFU gr\u00e2ce \u00e0 la division de la m\u00e9thode de g\u00e9n\u00e9ration de points de filtrage en six modes d&rsquo;\u00e9mission diff\u00e9rents.<\/p>\n<p>Avantages :<br \/>\nTechnologie innovante en 1 prise = 417 points chauds<br \/>\nTemps de traitement plus court<br \/>\nLignes droites et circulaires<br \/>\nGrande avanc\u00e9e de l&rsquo;importation HIFU<\/p>\n<p>Plus durable que le traditionnel<\/p>\n<p>Manipulateurs et 6 impulsions :<br \/>\nchaque mode offre une r\u00e9ponse cellulaire diff\u00e9rente. Les transducteurs faciaux Ultra-F de 1,5 mm, 2,0 mm, 3,0 mm et 4,5 mm d\u00e9livrent une \u00e9nergie ultrasonore aux couches superficielles du syst\u00e8me musculo-apon\u00e9vrotique (SMAS) du visage pour stimuler le remodelage du collag\u00e8ne et la r\u00e9duction du volume gr\u00e2ce aux modes micropuls\u00e9 et standard.<\/p>\n<p>Les transducteurs corporels Ultra-F de 6,0 mm, 9,0 mm et 13,0 mm d\u00e9livrent de l&rsquo;\u00e9nergie ultrasonore au tissu sous-cutan\u00e9, favorisant le raffermissement de la peau et la destruction des cellules graisseuses gr\u00e2ce aux modes micropuls\u00e9 et normal.<\/p>\n<p>Les transducteurs Ultra Booster de 1,5 mm, 3 mm et 4,5 mm d\u00e9livrent la puissance MMFU par un mouvement circulaire en modes micropuls\u00e9 et normal.<br \/>\nIls \u00e9largissent la zone de traitement et am\u00e9liorent les r\u00e9sultats de mani\u00e8re avanc\u00e9e.<\/p>\n<p>L&rsquo;\u00e9quipement comprend :<\/p>\n<p>7 t\u00eates 12D MPT ou 12D (faciale et corporelle) avec 12 000 prises de vue chacune<br \/>\n3 t\u00eates faciales circulaires Ultra Booster avec 12 000 prises chacune<br \/>\nValeur de remplacement des deux types = 219 900 $<br \/>\nGarantie : 1 AN<\/p>\n","protected":false},"excerpt":{"rendered":"<p>HIFU 12D MPT Vertical HIFU est un ultrasons focalis\u00e9s de haute intensit\u00e9 qui concentre l&rsquo;\u00e9nergie vibratoire ultrasonore en un seul point et g\u00e9n\u00e8re une chaleur de 60 \u00b0C ou plus, provoquant une d\u00e9naturation des prot\u00e9ines et stimulant le fascia SMAS. Le mod\u00e8le MPT permet de r\u00e9duire la dur\u00e9e du traitement et la douleur gr\u00e2ce \u00e0 sa stimulation par 417 points formant une ligne de stimulation plus efficace. <\/p>\n","protected":false},"featured_media":7715,"comment_status":"open","ping_status":"closed","template":"","meta":{"_monsterinsights_skip_tracking":false,"_monsterinsights_sitenote_active":false,"_monsterinsights_sitenote_note":"","_monsterinsights_sitenote_category":0},"product_brand":[],"product_cat":[95,101],"product_tag":[],"class_list":{"0":"post-7709","1":"product","2":"type-product","3":"status-publish","4":"has-post-thumbnail","6":"product_cat-esthetique","7":"product_cat-hifu","9":"first","10":"instock","11":"shipping-taxable","12":"purchasable","13":"product-type-simple"},"aioseo_notices":[],"_links":{"self":[{"href":"https:\/\/www.dcm-materiel-kine-sport.com\/index.php\/wp-json\/wp\/v2\/product\/7709","targetHints":{"allow":["GET"]}}],"collection":[{"href":"https:\/\/www.dcm-materiel-kine-sport.com\/index.php\/wp-json\/wp\/v2\/product"}],"about":[{"href":"https:\/\/www.dcm-materiel-kine-sport.com\/index.php\/wp-json\/wp\/v2\/types\/product"}],"replies":[{"embeddable":true,"href":"https:\/\/www.dcm-materiel-kine-sport.com\/index.php\/wp-json\/wp\/v2\/comments?post=7709"}],"wp:featuredmedia":[{"embeddable":true,"href":"https:\/\/www.dcm-materiel-kine-sport.com\/index.php\/wp-json\/wp\/v2\/media\/7715"}],"wp:attachment":[{"href":"https:\/\/www.dcm-materiel-kine-sport.com\/index.php\/wp-json\/wp\/v2\/media?parent=7709"}],"wp:term":[{"taxonomy":"product_brand","embeddable":true,"href":"https:\/\/www.dcm-materiel-kine-sport.com\/index.php\/wp-json\/wp\/v2\/product_brand?post=7709"},{"taxonomy":"product_cat","embeddable":true,"href":"https:\/\/www.dcm-materiel-kine-sport.com\/index.php\/wp-json\/wp\/v2\/product_cat?post=7709"},{"taxonomy":"product_tag","embeddable":true,"href":"https:\/\/www.dcm-materiel-kine-sport.com\/index.php\/wp-json\/wp\/v2\/product_tag?post=7709"}],"curies":[{"name":"wp","href":"https:\/\/api.w.org\/{rel}","templated":true}]}}