{"id":7720,"date":"2025-06-22T09:59:37","date_gmt":"2025-06-22T07:59:37","guid":{"rendered":"https:\/\/www.dcm-materiel-kine-sport.com\/?post_type=product&#038;p=7720"},"modified":"2026-03-22T22:25:00","modified_gmt":"2026-03-22T21:25:00","slug":"hifu-12d-max","status":"publish","type":"product","link":"https:\/\/www.dcm-materiel-kine-sport.com\/index.php\/produit\/hifu-12d-max\/","title":{"rendered":"HIFU 12D MAX"},"content":{"rendered":"<p>La machine HIFU max 12D offre 3 types de fr\u00e9quences de 2 M\/4 M\/5.5 M et 7 cartouches fonctionnant sur les couches de points, de surface, de ligne et de peau, lib\u00e9rant une \u00e9nergie de pointe extr\u00eamement \u00e9lev\u00e9e dans un laps de temps tr\u00e8s court pour travailler sur les couches de points, de surface, de ligne et de peau, r\u00e9duisant consid\u00e9rablement le temps de fonctionnement. Les poign\u00e9es gauche et droite peuvent basculer entre les modes point et ligne NP pour une sortie synchrone, offrant aux op\u00e9rateurs une exp\u00e9rience plus simple, plus facile et plus agr\u00e9able.<\/p>\n<p>Les deux poign\u00e9es peuvent fonctionner ensemble, technologie de sortie bidirectionnelle.<br \/>\nMode de fonctionnement double, mode NP et mode normal.<br \/>\nUne zone focale plus large collectant l&rsquo;\u00e9nergie, plus efficace<br \/>\n1.5mm\/2.0mm\/3.0mm\/4.5mm\/6mm\/8mm\/13mm\/16mm cartridges optional.<br \/>\nConception brevet\u00e9e originale d&rsquo;apparence unique. Moteur sans balais \u00e0 haute fr\u00e9quence avec liaison d&rsquo;inversion, fonctionnement efficace, assurant un fonctionnement fluide.<br \/>\nPlage de tension de 100 V \u00e0 240 V, adapt\u00e9e aux exigences du monde entier<br \/>\nTraitement non invasif, non chirurgical, sans temps d&rsquo;arr\u00eat et sans douleur<br \/>\n3 modules avec une puissance de sortie \u00e9lev\u00e9e de 1280 watts r\u00e9duisent efficacement la densit\u00e9 \u00e9nerg\u00e9tique de la zone de fonctionnement en tr\u00e8s peu de temps, rendant l&rsquo;effet thermique plus uniforme et plus doux.<br \/>\nConception unique, exigences OEM\/ODM accept\u00e9es<br \/>\nUsine professionnelle, supporte la vente uniquement de kits (sans bo\u00eetier de machine) pour les usines \u00e9trang\u00e8res.<br \/>\nQu&rsquo;est-ce que la machine 12D max HIFU?<br \/>\nLa machine HIFU max 12D est un appareil \u00e0 3 fr\u00e9quences (2 MHz, 4 MHz et 5.5 MHz) qui peut d\u00e9livrer de l&rsquo;\u00e9nergie en points, en lignes et en surfaces. La machine HIFU 12D concentre l&rsquo;\u00e9nergie des ultrasons sur un point et g\u00e9n\u00e8re une chaleur \u00e9lev\u00e9e de 60 \u00b0C ou plus pour provoquer une d\u00e9naturation des thermoprot\u00e9ines. Le patient ressentira la fermet\u00e9 et le raffermissement de la peau imm\u00e9diatement apr\u00e8s le traitement. De plus, le nouveau mod\u00e8le peut raccourcir le temps de traitement et r\u00e9duire la douleur. Et le nombre accru de cartouches a permis de r\u00e9aliser des prises de vue encore plus ing\u00e9nieuses.<\/p>\n<p>La machine HIFU 12D max dispose de 8 types de cartouches en option, \u00e0 savoir : 1.5 mm, 2.0 mm, 3.0 mm, 4.5 mm, 6.0 mm, 9.0 mm, 13.0 mm.<\/p>\n<p><strong>Cartouches : Fonction<\/strong><br \/>\n1.5mm\tP\u00e9n\u00e8tre l&rsquo;\u00e9piderme pour r\u00e9duire les ridules, r\u00e9tr\u00e9cir les pores et am\u00e9liorer la texture de la peau dans les tissus plus fins, par exemple la zone des yeux, le front.<br \/>\n2.0mm\tSp\u00e9cialement con\u00e7u pour \u00e9limination des rides autour des yeux et de la bouche.<br \/>\n3.0mm\tP\u00e9n\u00e9trant le derme profond, acc\u00e9l\u00e9rant la r\u00e9g\u00e9n\u00e9ration du collag\u00e8ne pour lifter la peau, r\u00e9tr\u00e9cir les pores et r\u00e9duire les rides, ciblant les joues et le menton.<br \/>\n4.5mm\tP\u00e9n\u00e9trer la couche sous-cutan\u00e9e SMAS pour resserrer et soulever la peau, en ciblant les peaux plus \u00e9paisses, par exemple les joues, le cou, etc.<br \/>\n6.0mm\t Pour le dos, la poitrine accessoire, le ventre ;<br \/>\n8\/0 mm\tC&rsquo;est pour raffermir la peau de l&rsquo;abdomen, des seins et des jambes.<br \/>\n13mm\tC&rsquo;est pour raffermir l&rsquo;abdomen et les fesses.<br \/>\n<strong>Comment fonctionne la machine 12D max HIFU ?<\/strong><br \/>\nLe 12 D Max HIFU fonctionne gr\u00e2ce au syst\u00e8me Ultra Micro Pulse. Le moteur sans balais haute fr\u00e9quence fonctionne en tandem (gauche et droite) pour assurer un fonctionnement efficace et fluide. Le processeur CPU \u00e0 haut d\u00e9bit rend la forme d&rsquo;onde de sortie plus fluide et plus unique.<\/p>\n<p>La tension peut \u00eatre abaiss\u00e9e pour piloter la sortie d&rsquo;\u00e9nergie haute fr\u00e9quence. Ainsi, l&rsquo;\u00e9nergie de focalisation est plus stable, plus concentr\u00e9e et plus efficace. Les interfaces AI doubles et la double pi\u00e8ce \u00e0 main fonctionnent ensemble pour obtenir l&rsquo;effet selon lequel 1+1 est sup\u00e9rieur \u00e0 2.<\/p>\n","protected":false},"excerpt":{"rendered":"<p>La machine 12D max HIFU est la toute derni\u00e8re technologie avec ultrasons focalis\u00e9s de haute intensit\u00e9 pour le visage et le corps. La double poign\u00e9e de la machine 12D max HIFU peut fonctionner ensemble. La pi\u00e8ce \u00e0 main multifr\u00e9quence peut d\u00e9livrer l&rsquo;\u00e9nergie sur la couche cutan\u00e9e pour pointer, surfacer, ligner et couche cutan\u00e9e. La sortie d&rsquo;\u00e9nergie d&rsquo;impulsion en mode NP a \u00e9t\u00e9 augment\u00e9e \u00e0 0.38 milliseconde et le mode lin\u00e9aire a d\u00e9pass\u00e9 618 points. La machine 12D HIFU max peut \u00e9mettre des tirs en point ou en ligne, ce qui rend le traitement plus rapide, plus efficace et indolore.<\/p>\n","protected":false},"featured_media":7721,"comment_status":"open","ping_status":"closed","template":"","meta":{"_monsterinsights_skip_tracking":false,"_monsterinsights_sitenote_active":false,"_monsterinsights_sitenote_note":"","_monsterinsights_sitenote_category":0},"product_brand":[],"product_cat":[95,101],"product_tag":[],"class_list":{"0":"post-7720","1":"product","2":"type-product","3":"status-publish","4":"has-post-thumbnail","6":"product_cat-esthetique","7":"product_cat-hifu","9":"first","10":"instock","11":"shipping-taxable","12":"purchasable","13":"product-type-simple"},"aioseo_notices":[],"_links":{"self":[{"href":"https:\/\/www.dcm-materiel-kine-sport.com\/index.php\/wp-json\/wp\/v2\/product\/7720","targetHints":{"allow":["GET"]}}],"collection":[{"href":"https:\/\/www.dcm-materiel-kine-sport.com\/index.php\/wp-json\/wp\/v2\/product"}],"about":[{"href":"https:\/\/www.dcm-materiel-kine-sport.com\/index.php\/wp-json\/wp\/v2\/types\/product"}],"replies":[{"embeddable":true,"href":"https:\/\/www.dcm-materiel-kine-sport.com\/index.php\/wp-json\/wp\/v2\/comments?post=7720"}],"wp:featuredmedia":[{"embeddable":true,"href":"https:\/\/www.dcm-materiel-kine-sport.com\/index.php\/wp-json\/wp\/v2\/media\/7721"}],"wp:attachment":[{"href":"https:\/\/www.dcm-materiel-kine-sport.com\/index.php\/wp-json\/wp\/v2\/media?parent=7720"}],"wp:term":[{"taxonomy":"product_brand","embeddable":true,"href":"https:\/\/www.dcm-materiel-kine-sport.com\/index.php\/wp-json\/wp\/v2\/product_brand?post=7720"},{"taxonomy":"product_cat","embeddable":true,"href":"https:\/\/www.dcm-materiel-kine-sport.com\/index.php\/wp-json\/wp\/v2\/product_cat?post=7720"},{"taxonomy":"product_tag","embeddable":true,"href":"https:\/\/www.dcm-materiel-kine-sport.com\/index.php\/wp-json\/wp\/v2\/product_tag?post=7720"}],"curies":[{"name":"wp","href":"https:\/\/api.w.org\/{rel}","templated":true}]}}