{"id":7724,"date":"2025-06-22T11:41:41","date_gmt":"2025-06-22T09:41:41","guid":{"rendered":"https:\/\/www.dcm-materiel-kine-sport.com\/?post_type=product&#038;p=7724"},"modified":"2026-03-22T22:11:22","modified_gmt":"2026-03-22T21:11:22","slug":"hifu-mpt-12d-max-plus","status":"publish","type":"product","link":"https:\/\/www.dcm-materiel-kine-sport.com\/index.php\/produit\/hifu-mpt-12d-max-plus\/","title":{"rendered":"HIFU MPT 12D Max Plus"},"content":{"rendered":"<p><strong>Principales caract\u00e9ristiques de la machine HIFU 12D Max Plus MPT<\/strong><br \/>\n<em>Deux poign\u00e9es HIFU:<\/em> La machine est \u00e9quip\u00e9e de deux poign\u00e9es HIFU qui peuvent fonctionner simultan\u00e9ment, permettant un traitement efficace de plusieurs zones sans avoir besoin de repositionnement. Cette fonctionnalit\u00e9 am\u00e9liore l&rsquo;exp\u00e9rience de traitement en r\u00e9duisant la dur\u00e9e globale de la s\u00e9ance.<br \/>\n<em>Modes multiples: <\/em>L&rsquo;appareil offre \u00e0 la fois Mode normal et Mode MP (micro-impulsion). Le mode Normal fournit de l&rsquo;\u00e9nergie sous forme de points, tandis que le mode MP fournit un chauffage plus large, permettant une approche de traitement plus compl\u00e8te. Cette polyvalence permet aux praticiens d&rsquo;adapter les traitements en fonction des besoins individuels des patients.<br \/>\n<em>Capacit\u00e9 HIFU vaginale:<\/em> L&rsquo;inclusion d&rsquo;une pi\u00e8ce \u00e0 main sp\u00e9cialis\u00e9e pour les traitements vaginaux HIFU permet des proc\u00e9dures non invasives visant \u00e0 am\u00e9liorer l&rsquo;apparence vaginale, \u00e0 am\u00e9liorer la sensation sexuelle et \u00e0 r\u00e9soudre des probl\u00e8mes tels que la s\u00e9cheresse et le laxisme. Cette application devient de plus en plus populaire dans les pratiques esth\u00e9tiques.<br \/>\n<em>Technologie avanc\u00e9e:<\/em> Le 12D Max Plus utilise un syst\u00e8me ultrasonique puls\u00e9 ultra-micro qui combine les technologies de points, de lignes et de surfaces. Cette approche innovante garantit une distribution d&rsquo;\u00e9nergie pr\u00e9cise \u00e0 travers diff\u00e9rentes couches de la peau, favorisant des r\u00e9sultats efficaces de lifting et de raffermissement.<br \/>\n<em>Vari\u00e9t\u00e9 de profondeurs de traitement:<\/em> Avec des cartouches disponibles pour diff\u00e9rentes profondeurs de p\u00e9n\u00e9tration (1,5 mm, 2,0 mm, 3,0 mm, 4,5 mm, 6,0 mm, 9,0 mm et 13,0 mm), la machine s&rsquo;adresse \u00e0 diverses zones de traitement, du rajeunissement superficiel du visage au remodelage plus profond du corps.<br \/>\nInterface conviviale: La machine est dot\u00e9e d&rsquo;un \u00e9cran tactile de 13,3 pouces qui simplifie le fonctionnement et am\u00e9liore l&rsquo;exp\u00e9rience utilisateur pendant les traitements.<br \/>\nSortie haute puissance: Fonctionnant \u00e0 650 W avec des fr\u00e9quences de 2 MHz, 4 MHz et 5,5 MHz, l&rsquo;appareil assure une fourniture d&rsquo;\u00e9nergie efficace tout en pr\u00e9servant le confort du patient.<br \/>\nMachine HIFU 12D Max Plus, comment \u00e7a marche<\/p>\n<p><strong>Avantages de la machine 12D Max Plus MPT HIFU<\/strong><br \/>\nTechnologie innovante: La machine utilise un syst\u00e8me \u00e0 ultrasons ultra-micro puls\u00e9s, ce qui permet une fourniture d&rsquo;\u00e9nergie pr\u00e9cise. Cette technologie permet \u00e0 l&rsquo;appareil de basculer de mani\u00e8re transparente entre diff\u00e9rents modes (point, ligne et surface), maximisant l&rsquo;efficacit\u00e9 et la s\u00e9curit\u00e9 du traitement.<br \/>\nVitesse de traitement am\u00e9lior\u00e9e: Avec la capacit\u00e9 de livrer 417 points chauds en une seule prise, le 12D Max Plus r\u00e9duit consid\u00e9rablement le temps de traitement par rapport aux m\u00e9thodes traditionnelles. Cette efficacit\u00e9 est particuli\u00e8rement b\u00e9n\u00e9fique pour les praticiens occup\u00e9s et les clients recherchant des r\u00e9sultats rapides.<br \/>\nExp\u00e9rience moins douloureuse: La conception avanc\u00e9e minimise l&rsquo;inconfort pendant le traitement, ce qui en fait une option plus confortable pour les patients. De nombreux utilisateurs rapportent que le 12D HIFU est moins douloureux que les traitements HIFU traditionnels.<br \/>\nDes r\u00e9sultats durables: Les traitements avec le 12D Max Plus procurent des effets plus durables gr\u00e2ce \u00e0 sa capacit\u00e9 \u00e0 stimuler efficacement la production de collag\u00e8ne et d&rsquo;\u00e9lastine. Les patients peuvent s\u2019attendre \u00e0 des am\u00e9liorations notables qui durent plus longtemps que celles obtenues avec les m\u00e9thodes conventionnelles.<br \/>\nModes de traitement polyvalents: La machine dispose de plusieurs modes d&rsquo;\u00e9mission, notamment les modes Normal, Micropulse, Circulaire et Microcirculaire, permettant aux praticiens de personnaliser les traitements en fonction des besoins individuels du patient et des zones sp\u00e9cifiques cibl\u00e9es.<br \/>\nCapacit\u00e9 de traitement compl\u00e8te: L&rsquo;appareil est \u00e9quip\u00e9 de trois pi\u00e8ces \u00e0 main et de dix transducteurs qui s&rsquo;adaptent \u00e0 diff\u00e9rentes profondeurs (1,5 mm \u00e0 13 mm), ce qui le rend adapt\u00e9 aux traitements du visage et du corps. Cette polyvalence permet des applications cibl\u00e9es sur diff\u00e9rentes couches de la peau.<br \/>\nFonctions de s\u00e9curit\u00e9 am\u00e9lior\u00e9es: Le fonctionnement par micro-impulsions assure une distribution uniforme de l&rsquo;\u00e9nergie, r\u00e9duisant le risque d&rsquo;effets secondaires et am\u00e9liorant la s\u00e9curit\u00e9 globale du traitement.<br \/>\nTraitement hifu de la machine 12D Max Plus HIFU<\/p>\n<p><strong>Applications de la machine 12D Max Plus MPT HIFU<\/strong><br \/>\nRajeunissement du visage: Le 12D HIFU est efficace pour resserrer le rel\u00e2chement cutan\u00e9 du visage, r\u00e9duire les rides et am\u00e9liorer la texture globale de la peau. Il peut cibler les zones d\u00e9licates autour des yeux et de la bouche, ce qui le rend id\u00e9al pour les pattes d\u2019oie et les rides du sourire.<br \/>\nRemodelage du corps: La machine peut \u00eatre utilis\u00e9e pour des traitements amincissants du corps en d\u00e9composant les cellules graisseuses tout en raffermissant la peau dans des zones telles que l&rsquo;abdomen, les cuisses et les bras.<br \/>\nResserrement du cou: Il traite efficacement le rel\u00e2chement cutan\u00e9 du cou, procurant des effets liftants qui subliment les contours du visage.<br \/>\nRajeunissement vaginal: L&rsquo;appareil peut \u00e9galement \u00eatre utilis\u00e9 pour des proc\u00e9dures de resserrement vaginal, r\u00e9pondant aux probl\u00e8mes li\u00e9s au laxisme et am\u00e9liorant le confort g\u00e9n\u00e9ral.<br \/>\nR\u00e9duction des cicatrices: En stimulant la production de collag\u00e8ne dans les zones cibl\u00e9es, le 12D HIFU peut aider \u00e0 am\u00e9liorer l\u2019apparence des cicatrices, notamment les cicatrices d\u2019acn\u00e9.<br \/>\nTraitement de l&rsquo;hyperpigmentation: La machine peut aider \u00e0 r\u00e9duire l&rsquo;hyperpigmentation en favorisant un teint uniforme gr\u00e2ce au remodelage du collag\u00e8ne.<br \/>\n1,5 mm, 2,0 mm, 3,0 mm et 4,5 mm pour le visage, 6 mm pour le lifting et le contour du double menton.<br \/>\n6,0 mm, 8,0 mm, 13 mm et 16 mm pour le contour du corps.<br \/>\n3,0 mm et 4,5 mm pour le resserrement vaginal<br \/>\nLa cartouche de 16 mm est facultative, 160 $ \u200b\u200b\/ pc si besoin d&rsquo;en ajouter une.<br \/>\nPoign\u00e9e droite de la machine 12D Max Plus HIFU avec cartouches<\/p>\n<p>Poign\u00e9e gauche de la machine 12D Max Plus HIFU avec cartouches<\/p>\n<p>Cartouches vaginales pour machine 12D Max Plus HIFU<\/p>\n<p>Traitement hifu de la machine 12D Max Plus HIFU<\/p>\n<p>Cartouches hifu pour machine 12D Max Plus HIFU<\/p>\n","protected":false},"excerpt":{"rendered":"<p>Principales caract\u00e9ristiques de la machine HIFU 12D Max Plus MPT Deux poign\u00e9es HIFU: La machine est \u00e9quip\u00e9e de deux poign\u00e9es HIFU qui peuvent fonctionner simultan\u00e9ment,&#8230;<\/p>\n","protected":false},"featured_media":7725,"comment_status":"open","ping_status":"closed","template":"","meta":{"_monsterinsights_skip_tracking":false,"_monsterinsights_sitenote_active":false,"_monsterinsights_sitenote_note":"","_monsterinsights_sitenote_category":0},"product_brand":[],"product_cat":[17],"product_tag":[],"class_list":{"0":"post-7724","1":"product","2":"type-product","3":"status-publish","4":"has-post-thumbnail","6":"product_cat-non-classe","8":"first","9":"instock","10":"shipping-taxable","11":"purchasable","12":"product-type-simple"},"aioseo_notices":[],"_links":{"self":[{"href":"https:\/\/www.dcm-materiel-kine-sport.com\/index.php\/wp-json\/wp\/v2\/product\/7724","targetHints":{"allow":["GET"]}}],"collection":[{"href":"https:\/\/www.dcm-materiel-kine-sport.com\/index.php\/wp-json\/wp\/v2\/product"}],"about":[{"href":"https:\/\/www.dcm-materiel-kine-sport.com\/index.php\/wp-json\/wp\/v2\/types\/product"}],"replies":[{"embeddable":true,"href":"https:\/\/www.dcm-materiel-kine-sport.com\/index.php\/wp-json\/wp\/v2\/comments?post=7724"}],"wp:featuredmedia":[{"embeddable":true,"href":"https:\/\/www.dcm-materiel-kine-sport.com\/index.php\/wp-json\/wp\/v2\/media\/7725"}],"wp:attachment":[{"href":"https:\/\/www.dcm-materiel-kine-sport.com\/index.php\/wp-json\/wp\/v2\/media?parent=7724"}],"wp:term":[{"taxonomy":"product_brand","embeddable":true,"href":"https:\/\/www.dcm-materiel-kine-sport.com\/index.php\/wp-json\/wp\/v2\/product_brand?post=7724"},{"taxonomy":"product_cat","embeddable":true,"href":"https:\/\/www.dcm-materiel-kine-sport.com\/index.php\/wp-json\/wp\/v2\/product_cat?post=7724"},{"taxonomy":"product_tag","embeddable":true,"href":"https:\/\/www.dcm-materiel-kine-sport.com\/index.php\/wp-json\/wp\/v2\/product_tag?post=7724"}],"curies":[{"name":"wp","href":"https:\/\/api.w.org\/{rel}","templated":true}]}}