{"id":7729,"date":"2025-06-22T11:53:48","date_gmt":"2025-06-22T09:53:48","guid":{"rendered":"https:\/\/www.dcm-materiel-kine-sport.com\/?post_type=product&#038;p=7729"},"modified":"2026-03-22T22:21:31","modified_gmt":"2026-03-22T21:21:31","slug":"hifu-22d-max","status":"publish","type":"product","link":"https:\/\/www.dcm-materiel-kine-sport.com\/index.php\/produit\/hifu-22d-max\/","title":{"rendered":"HIFU 22D MAX"},"content":{"rendered":"<p>Cette machine est dot\u00e9e d&rsquo;un contr\u00f4le de pr\u00e9cision, permettant aux op\u00e9rateurs de cibler efficacement des zones sp\u00e9cifiques. Elle fonctionne \u00e0 plusieurs profondeurs, garantissant un traitement complet pour diff\u00e9rents types de peau. De plus, son interface conviviale la rend adapt\u00e9e aux environnements cliniques et thermaux. En int\u00e9grant la machine 22D HIFU Max \u00e0 votre cabinet, vous pouvez offrir \u00e0 vos clients une alternative s\u00fbre et efficace aux proc\u00e9dures chirurgicales. Les r\u00e9sultats sont visibles apr\u00e8s une s\u00e9ance, avec un temps d&rsquo;arr\u00eat minimal par rapport aux m\u00e9thodes traditionnelles, ce qui en fait un ajout pr\u00e9cieux \u00e0 tout service esth\u00e9tique.<\/p>\n<p>Poign\u00e9es doubles, poign\u00e9e faciale et poign\u00e9e corporelle<br \/>\nMode de fonctionnement double, mode ligne et mode cercle<br \/>\nUne zone focale plus large collectant l&rsquo;\u00e9nergie, plus efficace<br \/>\n18 \u00e0 19 lignes, 1 prise, zone de traitement la plus large<br \/>\nConception brevet\u00e9e originale d&rsquo;apparence unique. Moteur sans balais \u00e0 haute fr\u00e9quence avec liaison d&rsquo;inversion, fonctionnement efficace, assurant un fonctionnement fluide.<br \/>\nPlage de tension de 100 V \u00e0 240 V, adapt\u00e9e aux exigences du monde entier<br \/>\nTraitement non invasif, non chirurgical, sans temps d&rsquo;arr\u00eat et sans douleur<br \/>\nConception unique, exigences OEM\/ODM accept\u00e9es<br \/>\nUsine professionnelle, supporte la vente uniquement de kits (sans bo\u00eetier de machine) pour les usines \u00e9trang\u00e8res.<br \/>\nQu&rsquo;est-ce que la machine 22D max HIFU?<br \/>\nLa machine 22D HIFU Max est un appareil innovant con\u00e7u pour le lifting et le raffermissement non invasifs de la peau. Elle utilise la technologie des ultrasons focalis\u00e9s de haute intensit\u00e9 (HIFU), cette machine offre des solutions de traitement avanc\u00e9es pour divers probl\u00e8mes de peau. La machine 22D max HIFU se concentre sur l&rsquo;anti-\u00e2ge multidimensionnel du visage, le raffermissement du cou, la gestion de la forme du corps, la r\u00e9solution des probl\u00e8mes caus\u00e9s par la graisse tenace et la relaxation de la peau, et pr\u00e9sente une forme corporelle parfaite gr\u00e2ce \u00e0 la technologie. <\/p>\n<p>La machine HIFU max 22D est \u00e9quip\u00e9e de 2 pi\u00e8ces \u00e0 main, une pi\u00e8ce \u00e0 main faciale pour le traitement du visage et une pi\u00e8ce \u00e0 main corporelle pour le traitement de perte de poids. L&rsquo;un des plus grands avantages de la machine HIFU max 22D est qu&rsquo;elle peut imprimer 18 ou 19 lignes en une seule fois. La pi\u00e8ce \u00e0 main corporelle de la machine HIFU max 22D peut d\u00e9livrer de l&rsquo;\u00e9nergie en surface ou en cercle, ce qui pourrait aider la machine \u00e0 traiter davantage de zones du corps<\/p>\n<p>Comment fonctionne la machine 22D max HIFU ?<br \/>\nLe HIFU 22D utilise la technologie Ultra MP (Micro Pulsed Technology), qui repr\u00e9sente une avanc\u00e9e remarquable dans le domaine du raffermissement cutan\u00e9 non chirurgical. L&rsquo;une de ses caract\u00e9ristiques les plus remarquables est la vitesse \u00e0 laquelle il fonctionne, offrant un traitement HI-FUtra (ultra son focalis\u00e9 \u00e0 haute intensit\u00e9) 2.5 fois plus rapide que son pr\u00e9d\u00e9cesseur, l&rsquo;Ultraformer 3.<\/p>\n<p>L&rsquo;Ultra MP raffermit la peau, r\u00e9duit l&rsquo;apparence des rides et am\u00e9liore le teint et le rel\u00e2chement cutan\u00e9. L&rsquo;appareil utilise une \u00e9nergie ultrasonore microfocalis\u00e9e pour chauffer et provoquer la contraction des fibres de collag\u00e8ne et favoriser la croissance \u00e0 long terme du collag\u00e8ne. Il en r\u00e9sulte un aspect naturel et lift\u00e9 sans temps d&rsquo;arr\u00eat.<\/p>\n","protected":false},"excerpt":{"rendered":"<p>Appareil HIFU 22D-MAX est une technologie r\u00e9volutionnaire qui se concentre sur la lutte anti-\u00e2ge multidimensionnelle du visage, le raffermissement du cou et la gestion de la silhouette, r\u00e9solvant les probl\u00e8mes caus\u00e9s par la graisse tenace et le rel\u00e2chement cutan\u00e9, et utilisant la technologie pour pr\u00e9senter une silhouette parfaite. \u00c9quip\u00e9 de poign\u00e9es multidimensionnelles 12D et de poign\u00e9es RS 18D et d&rsquo;une vari\u00e9t\u00e9 de fr\u00e9quences diff\u00e9rentes et de diff\u00e9rentes sondes de traitement d&rsquo;essai, il offre une solution globale pour le visage et le corps.<\/p>\n","protected":false},"featured_media":7731,"comment_status":"open","ping_status":"closed","template":"","meta":{"_monsterinsights_skip_tracking":false,"_monsterinsights_sitenote_active":false,"_monsterinsights_sitenote_note":"","_monsterinsights_sitenote_category":0},"product_brand":[],"product_cat":[95,101],"product_tag":[],"class_list":{"0":"post-7729","1":"product","2":"type-product","3":"status-publish","4":"has-post-thumbnail","6":"product_cat-esthetique","7":"product_cat-hifu","9":"first","10":"instock","11":"shipping-taxable","12":"purchasable","13":"product-type-simple"},"aioseo_notices":[],"_links":{"self":[{"href":"https:\/\/www.dcm-materiel-kine-sport.com\/index.php\/wp-json\/wp\/v2\/product\/7729","targetHints":{"allow":["GET"]}}],"collection":[{"href":"https:\/\/www.dcm-materiel-kine-sport.com\/index.php\/wp-json\/wp\/v2\/product"}],"about":[{"href":"https:\/\/www.dcm-materiel-kine-sport.com\/index.php\/wp-json\/wp\/v2\/types\/product"}],"replies":[{"embeddable":true,"href":"https:\/\/www.dcm-materiel-kine-sport.com\/index.php\/wp-json\/wp\/v2\/comments?post=7729"}],"wp:featuredmedia":[{"embeddable":true,"href":"https:\/\/www.dcm-materiel-kine-sport.com\/index.php\/wp-json\/wp\/v2\/media\/7731"}],"wp:attachment":[{"href":"https:\/\/www.dcm-materiel-kine-sport.com\/index.php\/wp-json\/wp\/v2\/media?parent=7729"}],"wp:term":[{"taxonomy":"product_brand","embeddable":true,"href":"https:\/\/www.dcm-materiel-kine-sport.com\/index.php\/wp-json\/wp\/v2\/product_brand?post=7729"},{"taxonomy":"product_cat","embeddable":true,"href":"https:\/\/www.dcm-materiel-kine-sport.com\/index.php\/wp-json\/wp\/v2\/product_cat?post=7729"},{"taxonomy":"product_tag","embeddable":true,"href":"https:\/\/www.dcm-materiel-kine-sport.com\/index.php\/wp-json\/wp\/v2\/product_tag?post=7729"}],"curies":[{"name":"wp","href":"https:\/\/api.w.org\/{rel}","templated":true}]}}