{"id":7733,"date":"2025-06-22T12:19:28","date_gmt":"2025-06-22T10:19:28","guid":{"rendered":"https:\/\/www.dcm-materiel-kine-sport.com\/?post_type=product&#038;p=7733"},"modified":"2026-03-22T22:22:18","modified_gmt":"2026-03-22T21:22:18","slug":"hifu-7d-vertical","status":"publish","type":"product","link":"https:\/\/www.dcm-materiel-kine-sport.com\/index.php\/produit\/hifu-7d-vertical\/","title":{"rendered":"HIFU 7D Vertical"},"content":{"rendered":"<p>HIFU (ultrasons focalis\u00e9s de haute intensit\u00e9) pour le lifting du visage<\/p>\n<p>L&rsquo;\u00e9nergie 7D HIFU sp\u00e9cialement con\u00e7ue pour une investigation approfondie. Elle est concentr\u00e9e dans la profondeur de la peau 3 mm (couche dermique) 4,5 mm (couche SMAS) pour produire une coagulation micro-thermique continue, et le tissu coagul\u00e9 r\u00e9tr\u00e9cit avec le ph\u00e9nom\u00e8ne Se produit, la r\u00e9g\u00e9n\u00e9ration des fibres de collag\u00e8ne am\u00e9liorera la texture de la peau et l&rsquo;effet lifting<\/p>\n<p>Il s&rsquo;agit d&rsquo;un appareil de lifting et de raffermissement du visage, du corps et du contouring, enti\u00e8rement non invasif, qui offre une proc\u00e9dure de traitement personnalis\u00e9e pour l&rsquo;ensemble du visage, du cou et du corps.<\/p>\n<p>Cartouches de profondeur \u00e0 ultrasons micro et macro focalis\u00e9s (MMFU) pour des r\u00e9sultats optimaux<br \/>\nDiff\u00e9rents pores en option : 1,5\/3,0 mm, 4,5 mm, 2,0 mm 6\/9\/13 mm<br \/>\nIndolore, non invasif<br \/>\nROI tr\u00e8s rentableFr\u00e9quence diff\u00e9rente de chaque sonde 1,5\/3,0 mm est de 7 MHz,<br \/>\n4,5 mm correspond \u00e0 4 MHz, 2,0 mm correspond \u00e0 5,5 MHz, 6\/9\/13 mm correspond \u00e0 2 MHz ;<br \/>\nLa cartouche sp\u00e9ciale de profondeur de 2,0 mm cible les zones \u00e9troites et sensibles du visage<br \/>\nAvec une vitesse de tir plus rapide et un transducteur plus fin<br \/>\nTraitements<br \/>\nLifting du visage 7D HIFU <\/p>\n<p>Le renouvellement du collag\u00e8ne du visage d\u00e9clench\u00e9 par HIFU implique le chauffage des couches dermiques et du syst\u00e8me musculaire apon\u00e9vrotique superficiel (SMAS) qui subissent des phases distinctes de coagulation sanguine, de contractions de la plaie et de stockage plus serr\u00e9 du nouveau collag\u00e8ne pour r\u00e9soudre l&rsquo;apparence des rides et du rel\u00e2chement cutan\u00e9.<\/p>\n<p>Lifting du visage\tLifting du visage\tRaffermissement de la peau\tRaffermissement de la peau<br \/>\nRemodelage du corps\tRemodelage du corps\tRide\tRides<br \/>\nultralift ulth\u00e9rapie hifu<br \/>\n7D HIFU<br \/>\nTechnologie<br \/>\nTechnologie MMFU<\/p>\n<p>Ultrasons focalis\u00e9s de haute intensit\u00e9 pour une distribution uniforme \u00e0 plusieurs profondeurs<\/p>\n<p>MULTI-PROFONDEUR<\/p>\n<p>Cartouches ciblant plusieurs profondeurs pour des pr\u00e9occupations et des profils divers.<\/p>\n<p>Transfert de temp\u00e9ratures stabilis\u00e9es<\/p>\n<p>65~75\u00b0C dans les zones cibl\u00e9es, le hifu 7D vise \u00e0 induire un processus de n\u00e9ocollag\u00e9n\u00e8se au niveau du visage tout en resserrant les tissus corporels \u00e0 des fins de remodelage.<\/p>\n<p> Cartouche brevet\u00e9e de 2,0 mm<\/p>\n<p>La cartouche de 2,0 mm, ou \u00ab MF2 \u00bb, du 7D est con\u00e7ue pour att\u00e9nuer significativement les rides et ridules du front, du contour des yeux et de la bouche. En contact direct avec la peau, cette sonde \u00e9tonnamment fine peut cibler les zones \u00e9troites et les contours du visage.<\/p>\n<p>Transducteurs aliment\u00e9s par HIFU<\/p>\n<p>D\u00e9livrez des ondes ultrasonores concentr\u00e9es dans plusieurs couches de peau et de tissus corporels sans entrer en contact direct avec les zones environnantes.<\/p>\n<p>Comparable \u00e0 l\u2019utilisation de la lumi\u00e8re du soleil et \u00e0 sa r\u00e9flexion \u00e0 travers une loupe pour d\u00e9livrer un faisceau, le traitement 7D d\u00e9livre de l\u2019\u00e9nergie ultrasonore dans la r\u00e9gion cible de la peau, stimulant et formulant la r\u00e9g\u00e9n\u00e9ration du collag\u00e8ne.<\/p>\n<p>La pr\u00e9cision dans la d\u00e9livrance d&rsquo;une haute densit\u00e9 de puissance d\u00e9clenche naturellement la n\u00e9o-collag\u00e9n\u00e8se dans le corps.<\/p>\n","protected":false},"excerpt":{"rendered":"<p>7D HIFU utilise les technologies brevet\u00e9es HFI et MNFU pour g\u00e9n\u00e9rer des ondes ultrasonores focalis\u00e9es \u00e0 haute \u00e9nergie, p\u00e9n\u00e9trer rapidement la couche \u00e9pidermique, la couche de graisse, stimuler la contraction de la membrane de la couche SMAS, amener instantan\u00e9ment le tissu cutan\u00e9 jusqu&rsquo;\u00e0 60~75C\u2103, ainsi la peau produit l&rsquo;effet de coagulation thermique, forme le point de condensation net dans la couche dermique et fascia, stimule le resserrement des fibres et du tissu collag\u00e8ne, puis r\u00e9pare, pour atteindre l&rsquo;effet de lifting et de raffermissement de toute la peau.<\/p>\n","protected":false},"featured_media":7734,"comment_status":"open","ping_status":"closed","template":"","meta":{"_monsterinsights_skip_tracking":false,"_monsterinsights_sitenote_active":false,"_monsterinsights_sitenote_note":"","_monsterinsights_sitenote_category":0},"product_brand":[],"product_cat":[95,101],"product_tag":[],"class_list":{"0":"post-7733","1":"product","2":"type-product","3":"status-publish","4":"has-post-thumbnail","6":"product_cat-esthetique","7":"product_cat-hifu","9":"first","10":"instock","11":"sale","12":"shipping-taxable","13":"purchasable","14":"product-type-simple"},"aioseo_notices":[],"_links":{"self":[{"href":"https:\/\/www.dcm-materiel-kine-sport.com\/index.php\/wp-json\/wp\/v2\/product\/7733","targetHints":{"allow":["GET"]}}],"collection":[{"href":"https:\/\/www.dcm-materiel-kine-sport.com\/index.php\/wp-json\/wp\/v2\/product"}],"about":[{"href":"https:\/\/www.dcm-materiel-kine-sport.com\/index.php\/wp-json\/wp\/v2\/types\/product"}],"replies":[{"embeddable":true,"href":"https:\/\/www.dcm-materiel-kine-sport.com\/index.php\/wp-json\/wp\/v2\/comments?post=7733"}],"wp:featuredmedia":[{"embeddable":true,"href":"https:\/\/www.dcm-materiel-kine-sport.com\/index.php\/wp-json\/wp\/v2\/media\/7734"}],"wp:attachment":[{"href":"https:\/\/www.dcm-materiel-kine-sport.com\/index.php\/wp-json\/wp\/v2\/media?parent=7733"}],"wp:term":[{"taxonomy":"product_brand","embeddable":true,"href":"https:\/\/www.dcm-materiel-kine-sport.com\/index.php\/wp-json\/wp\/v2\/product_brand?post=7733"},{"taxonomy":"product_cat","embeddable":true,"href":"https:\/\/www.dcm-materiel-kine-sport.com\/index.php\/wp-json\/wp\/v2\/product_cat?post=7733"},{"taxonomy":"product_tag","embeddable":true,"href":"https:\/\/www.dcm-materiel-kine-sport.com\/index.php\/wp-json\/wp\/v2\/product_tag?post=7733"}],"curies":[{"name":"wp","href":"https:\/\/api.w.org\/{rel}","templated":true}]}}