{"id":7785,"date":"2025-07-11T11:45:10","date_gmt":"2025-07-11T09:45:10","guid":{"rendered":"https:\/\/www.dcm-materiel-kine-sport.com\/?post_type=product&#038;p=7785"},"modified":"2025-07-11T11:45:11","modified_gmt":"2025-07-11T09:45:11","slug":"coussin-cale-2","status":"publish","type":"product","link":"https:\/\/www.dcm-materiel-kine-sport.com\/index.php\/produit\/coussin-cale-2\/","title":{"rendered":"coussin cale"},"content":{"rendered":"<p>Coussin cale kin\u00e9<br \/>\nLe coussin cale est un coussin kin\u00e9 \u00e0 la forme originale triangulaire et arrondie. Il est donc un outil polyvalent \u00e0 utiliser pendant les s\u00e9ances de massage ou de r\u00e9\u00e9ducation. Il peut \u00eatre positionn\u00e9 sous la nuque ou la t\u00eate, les genoux, les lombaires etc, afin de positionner le patient de fa\u00e7on tr\u00e8s stable. Ce coussin cale est garni d&rsquo;une mousse extra dure qui le rend solide et durable. Le coussin cale est disponible en 1 dimensions :   5 cm. Choisissez parmi la gamme de couleurs Socopedic la teinte que vous pr\u00e9f\u00e9rez.<\/p>\n<p>Coussin fabriqu\u00e9 \u00e0 la demande, d\u00e9lai de pr\u00e9paration 3 jours.<\/p>\n<p>Composition<br \/>\nRev\u00eatement vinyle anti-feu<br \/>\nCoutures finition passepoil<br \/>\nRembourr\u00e9 de mousse agglo extra-dure<br \/>\nTraitement Sanitized anti-bact\u00e9rien, anti-fongicide et anti-microbien<\/p>\n<p>Dimensions du coussin cale<\/p>\n<p>Mod\u00e8le 5 cm: 25 x 25 x 5 cm<\/p>\n<p>Conseils d&rsquo;entretien<br \/>\nEntretien facile avec une \u00e9ponge et savon pH doux<br \/>\nEviter l&rsquo;utilisation de d\u00e9tergents, solvants et d\u00e9tachants<br \/>\nNettoyer imm\u00e9diatement les taches (stylo \u00e0 bille par exemple)<\/p>\n<p>Sur mesure<br \/>\nA la main par des couturi\u00e8res<\/p>\n","protected":false},"excerpt":{"rendered":"<p>Coussin cale kin\u00e9 Le coussin cale est un coussin kin\u00e9 \u00e0 la forme originale triangulaire et arrondie. Il est donc un outil polyvalent \u00e0 utiliser&#8230;<\/p>\n","protected":false},"featured_media":7786,"comment_status":"open","ping_status":"closed","template":"","meta":{"_monsterinsights_skip_tracking":false,"_monsterinsights_sitenote_active":false,"_monsterinsights_sitenote_note":"","_monsterinsights_sitenote_category":0},"product_brand":[],"product_cat":[32],"product_tag":[],"class_list":{"0":"post-7785","1":"product","2":"type-product","3":"status-publish","4":"has-post-thumbnail","6":"product_cat-coussins","8":"first","9":"instock","10":"shipping-taxable","11":"purchasable","12":"product-type-simple"},"aioseo_notices":[],"_links":{"self":[{"href":"https:\/\/www.dcm-materiel-kine-sport.com\/index.php\/wp-json\/wp\/v2\/product\/7785","targetHints":{"allow":["GET"]}}],"collection":[{"href":"https:\/\/www.dcm-materiel-kine-sport.com\/index.php\/wp-json\/wp\/v2\/product"}],"about":[{"href":"https:\/\/www.dcm-materiel-kine-sport.com\/index.php\/wp-json\/wp\/v2\/types\/product"}],"replies":[{"embeddable":true,"href":"https:\/\/www.dcm-materiel-kine-sport.com\/index.php\/wp-json\/wp\/v2\/comments?post=7785"}],"wp:featuredmedia":[{"embeddable":true,"href":"https:\/\/www.dcm-materiel-kine-sport.com\/index.php\/wp-json\/wp\/v2\/media\/7786"}],"wp:attachment":[{"href":"https:\/\/www.dcm-materiel-kine-sport.com\/index.php\/wp-json\/wp\/v2\/media?parent=7785"}],"wp:term":[{"taxonomy":"product_brand","embeddable":true,"href":"https:\/\/www.dcm-materiel-kine-sport.com\/index.php\/wp-json\/wp\/v2\/product_brand?post=7785"},{"taxonomy":"product_cat","embeddable":true,"href":"https:\/\/www.dcm-materiel-kine-sport.com\/index.php\/wp-json\/wp\/v2\/product_cat?post=7785"},{"taxonomy":"product_tag","embeddable":true,"href":"https:\/\/www.dcm-materiel-kine-sport.com\/index.php\/wp-json\/wp\/v2\/product_tag?post=7785"}],"curies":[{"name":"wp","href":"https:\/\/api.w.org\/{rel}","templated":true}]}}