{"id":7787,"date":"2025-07-11T13:14:32","date_gmt":"2025-07-11T11:14:32","guid":{"rendered":"https:\/\/www.dcm-materiel-kine-sport.com\/?post_type=product&#038;p=7787"},"modified":"2025-07-11T13:14:32","modified_gmt":"2025-07-11T11:14:32","slug":"coussin-cylinrique","status":"publish","type":"product","link":"https:\/\/www.dcm-materiel-kine-sport.com\/index.php\/produit\/coussin-cylinrique\/","title":{"rendered":"coussin cylinrique"},"content":{"rendered":"<p>Coussin de massage Physio Cylindrique 58cm par 18cm<br \/>\ntout les Couleurs disponibles<br \/>\nRev\u00eatement polyur\u00e9thane extr\u00eamement flexible et r\u00e9sistant.<br \/>\nMousse haute densit\u00e9 garantie .<\/p>\n<p>Utiliser sous les genoux pour que le dos du patient soit plat et d\u00e9tendu.<\/p>\n<p>Ou apportez-le directement \u00e0 notre atelier.<\/p>\n","protected":false},"excerpt":{"rendered":"<p>Coussin de massage Physio Cylindrique 58cm par 18cm tout les Couleurs disponibles Rev\u00eatement polyur\u00e9thane extr\u00eamement flexible et r\u00e9sistant. Mousse haute densit\u00e9 garantie . Utiliser sous&#8230;<\/p>\n","protected":false},"featured_media":7788,"comment_status":"open","ping_status":"closed","template":"","meta":{"_monsterinsights_skip_tracking":false,"_monsterinsights_sitenote_active":false,"_monsterinsights_sitenote_note":"","_monsterinsights_sitenote_category":0},"product_brand":[],"product_cat":[32],"product_tag":[],"class_list":{"0":"post-7787","1":"product","2":"type-product","3":"status-publish","4":"has-post-thumbnail","6":"product_cat-coussins","8":"first","9":"instock","10":"shipping-taxable","11":"purchasable","12":"product-type-simple"},"aioseo_notices":[],"_links":{"self":[{"href":"https:\/\/www.dcm-materiel-kine-sport.com\/index.php\/wp-json\/wp\/v2\/product\/7787","targetHints":{"allow":["GET"]}}],"collection":[{"href":"https:\/\/www.dcm-materiel-kine-sport.com\/index.php\/wp-json\/wp\/v2\/product"}],"about":[{"href":"https:\/\/www.dcm-materiel-kine-sport.com\/index.php\/wp-json\/wp\/v2\/types\/product"}],"replies":[{"embeddable":true,"href":"https:\/\/www.dcm-materiel-kine-sport.com\/index.php\/wp-json\/wp\/v2\/comments?post=7787"}],"wp:featuredmedia":[{"embeddable":true,"href":"https:\/\/www.dcm-materiel-kine-sport.com\/index.php\/wp-json\/wp\/v2\/media\/7788"}],"wp:attachment":[{"href":"https:\/\/www.dcm-materiel-kine-sport.com\/index.php\/wp-json\/wp\/v2\/media?parent=7787"}],"wp:term":[{"taxonomy":"product_brand","embeddable":true,"href":"https:\/\/www.dcm-materiel-kine-sport.com\/index.php\/wp-json\/wp\/v2\/product_brand?post=7787"},{"taxonomy":"product_cat","embeddable":true,"href":"https:\/\/www.dcm-materiel-kine-sport.com\/index.php\/wp-json\/wp\/v2\/product_cat?post=7787"},{"taxonomy":"product_tag","embeddable":true,"href":"https:\/\/www.dcm-materiel-kine-sport.com\/index.php\/wp-json\/wp\/v2\/product_tag?post=7787"}],"curies":[{"name":"wp","href":"https:\/\/api.w.org\/{rel}","templated":true}]}}