{"id":7803,"date":"2025-07-14T13:38:22","date_gmt":"2025-07-14T11:38:22","guid":{"rendered":"https:\/\/www.dcm-materiel-kine-sport.com\/?post_type=product&#038;p=7803"},"modified":"2025-07-24T12:59:17","modified_gmt":"2025-07-24T10:59:17","slug":"machine-de-tecar-therapie-rf","status":"publish","type":"product","link":"https:\/\/www.dcm-materiel-kine-sport.com\/index.php\/produit\/machine-de-tecar-therapie-rf\/","title":{"rendered":"Machine de Tecar th\u00e9rapie RF"},"content":{"rendered":"<p>Principe de fonctionnement<\/p>\n<p>Qu&rsquo;est-ce que TECAR Therapy ?<br \/>\nLa th\u00e9rapie Tecar est une partie de physioth\u00e9rapie de l&rsquo;hyperthermie endog\u00e8ne qui r\u00e9duit de mani\u00e8re significative le temps de r\u00e9cup\u00e9ration et de r\u00e9cup\u00e9ration en stimulant l&rsquo;activation de tous les processus naturels de r\u00e9paration du corps. Tout cela est d\u00fb \u00e0 l&rsquo;application de courants RF, qui peuvent causer des r\u00e9actions thermiques dans les tissus, stimuler la r\u00e9ponse naturelle de gu\u00e9rison du corps, et fournir imm\u00e9diatement des effets anti-inflammatoires et analg\u00e9siques sur les muscles, les tendons, le cartilage ou les ligaments. Ces deux syst\u00e8mes, capacitifs et r\u00e9sistifs, permettent \u00e0 l&rsquo;op\u00e9rateur d&rsquo;ajuster facilement le traitement en fonction du type de pathologie. Transfert de capacit\u00e9 de tissus \u00e0 haute teneur en eau (muscle), transfert de r\u00e9sistance de tissus \u00e0 haute r\u00e9sistance et \u00e0 faible teneur en eau (squelette, tendon, tissu adipeux).<br \/>\nApplications :<br \/>\n1.promouvoir la circulation sanguine et am\u00e9liorer le m\u00e9tabolisme et l&rsquo;immunit\u00e9<br \/>\n2.r\u00e9guler endocrinien, am\u00e9liorer le sommeil, soulager la fatigue<br \/>\n3.soulage et gu\u00e9rit diverses parties du corps, telles que la spondylose cervicale, la spondylose lombaire, l&rsquo;\u00e9paule gel\u00e9e, etc<br \/>\n4.\u00e9l\u00e9vation faciale, am\u00e9liorer le teint de peau et ralentir le vieillissement facial<br \/>\n5.am\u00e9liorer la taille du corps, r\u00e9duire l&rsquo;exc\u00e8s visc\u00e9ral de graisse, l&rsquo;amincissement et la mise en forme<br \/>\n6.Restaurer normal cinq sens par les muscles et les cellules relaxants<br \/>\n7.aide avec la r\u00e9cup\u00e9ration pr\u00e9coce des entorses de ligament, les tensions de muscle, les dommages de muscle, et la douleur d&rsquo;exercice<br \/>\n8.r\u00e9soudre les sympt\u00f4mes du rhume de corps, du m\u00e9tabolisme basal bas, des mains et des pieds froids, etc<br \/>\nPhysical Tecar Cet Ret RF Therapy Machine Tecartherapy Equipment<br \/>\nQue traite cet appareil ?<br \/>\nRET peut p\u00e9n\u00e9trer l&rsquo;\u00e9nergie dans les tissus du corps pour cr\u00e9er l&rsquo;hyperthermie sur la couche grasse visc\u00e9rale, et impove la circulation et le m\u00e9tabolisme lympho\u00efdes des tissus, de sorte qu&rsquo;il fonctionne mieux effet de br\u00fbler la graisse et de r\u00e9duire la cellulite. Il peut \u00eatre op\u00e9r\u00e9 sur l&rsquo;abdomen, les cuisses, les bras, les fesses et d&rsquo;autres parties du corps comme il peut mince environ 4-5 pouces de graisse abdominale en un mois, non seulement peut mince corps, \u00e9galement restaurer l&rsquo;\u00e9lasticit\u00e9 de la partie.<\/p>\n<p>Transfert \u00e9lectrique capacitif cet<br \/>\n* Electrode isol\u00e9e<br \/>\n* courant \u00e0 transf\u00e9rer par capacit\u00e9 au patient<br \/>\n* aller dans 3~5cm de profondeur de peau<br \/>\n* efficace pour le levage de la peau, le soulagement de la douleur<\/p>\n<p>Transfert \u00e9lectrique r\u00e9sistif RET<br \/>\n* Electrode en acier inoxydable (non isol\u00e9e)<br \/>\n* courant \u00e0 transf\u00e9rer directement au patient<br \/>\n* aller dans 9~12cm de profondeur de peau<br \/>\n* efficace pour la graisse sous-cutan\u00e9e<\/p>\n","protected":false},"excerpt":{"rendered":"<p>* Electrode isol\u00e9e<br \/>\n* courant \u00e0 transf\u00e9rer par capacit\u00e9 au patient<br \/>\n* aller dans 3~5cm de profondeur de peau<br \/>\n* efficace pour le levage de la peau, le soulagement de la douleur<\/p>\n","protected":false},"featured_media":7804,"comment_status":"open","ping_status":"closed","template":"","meta":{"_monsterinsights_skip_tracking":false,"_monsterinsights_sitenote_active":false,"_monsterinsights_sitenote_note":"","_monsterinsights_sitenote_category":0},"product_brand":[],"product_cat":[25],"product_tag":[],"class_list":{"0":"post-7803","1":"product","2":"type-product","3":"status-publish","4":"has-post-thumbnail","6":"product_cat-tecare-therapie","8":"first","9":"instock","10":"shipping-taxable","11":"purchasable","12":"product-type-simple"},"aioseo_notices":[],"_links":{"self":[{"href":"https:\/\/www.dcm-materiel-kine-sport.com\/index.php\/wp-json\/wp\/v2\/product\/7803","targetHints":{"allow":["GET"]}}],"collection":[{"href":"https:\/\/www.dcm-materiel-kine-sport.com\/index.php\/wp-json\/wp\/v2\/product"}],"about":[{"href":"https:\/\/www.dcm-materiel-kine-sport.com\/index.php\/wp-json\/wp\/v2\/types\/product"}],"replies":[{"embeddable":true,"href":"https:\/\/www.dcm-materiel-kine-sport.com\/index.php\/wp-json\/wp\/v2\/comments?post=7803"}],"wp:featuredmedia":[{"embeddable":true,"href":"https:\/\/www.dcm-materiel-kine-sport.com\/index.php\/wp-json\/wp\/v2\/media\/7804"}],"wp:attachment":[{"href":"https:\/\/www.dcm-materiel-kine-sport.com\/index.php\/wp-json\/wp\/v2\/media?parent=7803"}],"wp:term":[{"taxonomy":"product_brand","embeddable":true,"href":"https:\/\/www.dcm-materiel-kine-sport.com\/index.php\/wp-json\/wp\/v2\/product_brand?post=7803"},{"taxonomy":"product_cat","embeddable":true,"href":"https:\/\/www.dcm-materiel-kine-sport.com\/index.php\/wp-json\/wp\/v2\/product_cat?post=7803"},{"taxonomy":"product_tag","embeddable":true,"href":"https:\/\/www.dcm-materiel-kine-sport.com\/index.php\/wp-json\/wp\/v2\/product_tag?post=7803"}],"curies":[{"name":"wp","href":"https:\/\/api.w.org\/{rel}","templated":true}]}}