{"id":7808,"date":"2025-07-15T09:48:19","date_gmt":"2025-07-15T07:48:19","guid":{"rendered":"https:\/\/www.dcm-materiel-kine-sport.com\/?post_type=product&#038;p=7808"},"modified":"2025-07-15T09:48:19","modified_gmt":"2025-07-15T07:48:19","slug":"canne","status":"publish","type":"product","link":"https:\/\/www.dcm-materiel-kine-sport.com\/index.php\/produit\/canne\/","title":{"rendered":"canne"},"content":{"rendered":"<p>Les b\u00e9quilles axillaires sont un dispositif m\u00e9dical d\u2019aide \u00e0 la marche recommand\u00e9 lorsqu\u2019il ne faut pas poser le pied au sol suite \u00e0 une intervention chirurgicale ou une blessure. Confortables et fonctionnelles, elles offrent un excellent appui pendant la marche. <\/p>\n<p>Elles sont \u00e9quip\u00e9es de poign\u00e9es r\u00e9glables par un syst\u00e8me d\u2019\u00e9crou papillon. Elles s\u2019adaptent ainsi \u00e0 la longueur du bras. Les poign\u00e9es et les coussinets qui se positionnent au niveau des aisselles, sont en plastiques pour faciliter le nettoyage et sont rembourr\u00e9es pour un confort ergonomique sup\u00e9rieur.<br \/>\nLes b\u00e9quilles axillaires sont facilement r\u00e9glables en hauteur gr\u00e2ce au bouton-poussoir\u2026<\/p>\n","protected":false},"excerpt":{"rendered":"<p>Les b\u00e9quilles axillaires sont un dispositif m\u00e9dical d\u2019aide \u00e0 la marche recommand\u00e9 lorsqu\u2019il ne faut pas poser le pied au sol suite \u00e0 une intervention&#8230;<\/p>\n","protected":false},"featured_media":7809,"comment_status":"open","ping_status":"closed","template":"","meta":{"_monsterinsights_skip_tracking":false,"_monsterinsights_sitenote_active":false,"_monsterinsights_sitenote_note":"","_monsterinsights_sitenote_category":0},"product_brand":[],"product_cat":[207],"product_tag":[],"class_list":{"0":"post-7808","1":"product","2":"type-product","3":"status-publish","4":"has-post-thumbnail","6":"product_cat-aide-a-la-marche","8":"first","9":"instock","10":"shipping-taxable","11":"purchasable","12":"product-type-simple"},"aioseo_notices":[],"_links":{"self":[{"href":"https:\/\/www.dcm-materiel-kine-sport.com\/index.php\/wp-json\/wp\/v2\/product\/7808","targetHints":{"allow":["GET"]}}],"collection":[{"href":"https:\/\/www.dcm-materiel-kine-sport.com\/index.php\/wp-json\/wp\/v2\/product"}],"about":[{"href":"https:\/\/www.dcm-materiel-kine-sport.com\/index.php\/wp-json\/wp\/v2\/types\/product"}],"replies":[{"embeddable":true,"href":"https:\/\/www.dcm-materiel-kine-sport.com\/index.php\/wp-json\/wp\/v2\/comments?post=7808"}],"wp:featuredmedia":[{"embeddable":true,"href":"https:\/\/www.dcm-materiel-kine-sport.com\/index.php\/wp-json\/wp\/v2\/media\/7809"}],"wp:attachment":[{"href":"https:\/\/www.dcm-materiel-kine-sport.com\/index.php\/wp-json\/wp\/v2\/media?parent=7808"}],"wp:term":[{"taxonomy":"product_brand","embeddable":true,"href":"https:\/\/www.dcm-materiel-kine-sport.com\/index.php\/wp-json\/wp\/v2\/product_brand?post=7808"},{"taxonomy":"product_cat","embeddable":true,"href":"https:\/\/www.dcm-materiel-kine-sport.com\/index.php\/wp-json\/wp\/v2\/product_cat?post=7808"},{"taxonomy":"product_tag","embeddable":true,"href":"https:\/\/www.dcm-materiel-kine-sport.com\/index.php\/wp-json\/wp\/v2\/product_tag?post=7808"}],"curies":[{"name":"wp","href":"https:\/\/api.w.org\/{rel}","templated":true}]}}