{"id":7812,"date":"2025-07-15T10:11:40","date_gmt":"2025-07-15T08:11:40","guid":{"rendered":"https:\/\/www.dcm-materiel-kine-sport.com\/?post_type=product&#038;p=7812"},"modified":"2025-07-24T09:58:46","modified_gmt":"2025-07-24T07:58:46","slug":"machine-de-massage-chauffante","status":"publish","type":"product","link":"https:\/\/www.dcm-materiel-kine-sport.com\/index.php\/produit\/machine-de-massage-chauffante\/","title":{"rendered":"machine de massage chauffante"},"content":{"rendered":"<p>Vous recherchez une m\u00e9thode efficace pour chauffer les pierres de massage? Alors, l&rsquo;utilisation d&rsquo;un appareil de chauffage aux pierres chaudes est votre meilleure option. Le chauffage incorrect des pierres chaudes peut vite devenir un cauchemar pour le masseur et le client. Si l&rsquo;un de vos clients se br\u00fble lors d&rsquo;un massage aux pierres chaudes car une pierre, n&rsquo;a pas \u00e9t\u00e9 correctement chauff\u00e9e, cela pourra avoir des cons\u00e9quences n\u00e9gatives importantes pour votre pratique. nous vous conseillons, si vous d\u00e9cider de proposer des traitement aux pierres chaudes d&rsquo;investir dans du mat\u00e9riel professionnel et plus particuli\u00e8rement un appareil pour chauffer vos pierres chaudes.<\/p>\n","protected":false},"excerpt":{"rendered":"<p>Vous recherchez une m\u00e9thode efficace pour chauffer les pierres de massage? Alors, l&rsquo;utilisation d&rsquo;un appareil de chauffage aux pierres chaudes est votre meilleure option. Le&#8230;<\/p>\n","protected":false},"featured_media":7813,"comment_status":"open","ping_status":"closed","template":"","meta":{"_monsterinsights_skip_tracking":false,"_monsterinsights_sitenote_active":false,"_monsterinsights_sitenote_note":"","_monsterinsights_sitenote_category":0},"product_brand":[],"product_cat":[60],"product_tag":[],"class_list":{"0":"post-7812","1":"product","2":"type-product","3":"status-publish","4":"has-post-thumbnail","6":"product_cat-massage","8":"first","9":"instock","10":"shipping-taxable","11":"purchasable","12":"product-type-simple"},"aioseo_notices":[],"_links":{"self":[{"href":"https:\/\/www.dcm-materiel-kine-sport.com\/index.php\/wp-json\/wp\/v2\/product\/7812","targetHints":{"allow":["GET"]}}],"collection":[{"href":"https:\/\/www.dcm-materiel-kine-sport.com\/index.php\/wp-json\/wp\/v2\/product"}],"about":[{"href":"https:\/\/www.dcm-materiel-kine-sport.com\/index.php\/wp-json\/wp\/v2\/types\/product"}],"replies":[{"embeddable":true,"href":"https:\/\/www.dcm-materiel-kine-sport.com\/index.php\/wp-json\/wp\/v2\/comments?post=7812"}],"wp:featuredmedia":[{"embeddable":true,"href":"https:\/\/www.dcm-materiel-kine-sport.com\/index.php\/wp-json\/wp\/v2\/media\/7813"}],"wp:attachment":[{"href":"https:\/\/www.dcm-materiel-kine-sport.com\/index.php\/wp-json\/wp\/v2\/media?parent=7812"}],"wp:term":[{"taxonomy":"product_brand","embeddable":true,"href":"https:\/\/www.dcm-materiel-kine-sport.com\/index.php\/wp-json\/wp\/v2\/product_brand?post=7812"},{"taxonomy":"product_cat","embeddable":true,"href":"https:\/\/www.dcm-materiel-kine-sport.com\/index.php\/wp-json\/wp\/v2\/product_cat?post=7812"},{"taxonomy":"product_tag","embeddable":true,"href":"https:\/\/www.dcm-materiel-kine-sport.com\/index.php\/wp-json\/wp\/v2\/product_tag?post=7812"}],"curies":[{"name":"wp","href":"https:\/\/api.w.org\/{rel}","templated":true}]}}